{"id":35261,"date":"2016-09-23T00:00:00","date_gmt":"2016-09-22T23:00:00","guid":{"rendered":"http:\/\/www.grappa.no\/albums\/uncategorized\/kim-myhr-bloom-cd\/"},"modified":"2020-08-21T09:16:57","modified_gmt":"2020-08-21T08:16:57","slug":"bloom-cd","status":"publish","type":"product","link":"https:\/\/grappa.no\/no\/albums\/hubro\/bloom-cd\/","title":{"rendered":"Bloom CD"},"content":{"rendered":"<p><\/p>\n<p>Gener\u00f8s og elektrisk solo-oppf\u00f8lger  I mars 2014 slapp gitarist Kim Myhr det kritikerroste soloalbumet \u00abAll Your Limbs Singing\u00bb (SOFA); en orkestral utforsking av 12-strengsgitaren som hentet n\u00e6ring b\u00e5de frafolk og sekstitalls avantgarde-musikk. P\u00e5 det nye soloalbumet \u00abBloom\u00bb tar Myhr musikken i en mer elektronisk retning. P\u00e5 overflaten er \u00abBloom\u00bb et ganske annerledes album enn sin forgjenger. Det er overdub-tungt, og preges av elektriske gitarer, elektronikk men ogs\u00e5 noen akustiske gitarer. Gener\u00f8sitet er et n\u00f8kkelord her: b\u00e5de n\u00e5r det gjelder albumets lydbilde, komposisjonsprosessen og n\u00e5r det kommer til inspirasjonskilder.  Bloom er et eventyrlig og gener\u00f8st klingende nytt og helst\u00f8pt album fra Kim Myhr. Albumet blir utgitt p\u00e5 CD, DL og som LP med trykket innercover i begrenset opplag.<\/p>\n<p><!--more--><\/p>\n<p>I mars 2014 slapp gitarist Kim Myhr det kritikerroste soloalbumet \u00abAll Your Limbs Singing\u00bb (SOFA); en orkestral utforsking av 12-strengsgitaren som hentet n\u00e6ring b\u00e5de frafolk og sekstitalls avantgarde-musikk. P\u00e5 det nye soloalbumet \u00abBloom\u00bb tar Myhr musikken i en mer elektronisk retning.<\/p>\n<h4>Gener\u00f8st<\/h4>\n<p>P\u00e5 overflaten er \u00abBloom\u00bb et ganske annerledes album enn sin forgjenger. Det er overdub-tungt, og preges av elektriske gitarer, elektronikk men ogs\u00e5 noen akustiske gitarer. Gener\u00f8sitet er et n\u00f8kkelord her: b\u00e5de n\u00e5r det gjelder albumets lydbilde, komposisjonsprosessen og n\u00e5r det kommer til inspirasjonskilder.  \u00abJeg h\u00f8rt mye p\u00e5 Ram Narayan og Milton Nascimento, i tillegg til en del psych-folk saker i perioden f\u00f8r jeg laget albumet. Jeg tror jeg ville lage musikk som hadde noe varme ved seg.\u00bb uttalte Kim i et intervju nylig. \u00abMitt forrige soloalbum ble innspilt i l\u00f8pet av en todagers \u00f8kt, og jeg gjorde lite redigering etterp\u00e5. Musikken hadde blitt utviklet gjennom flere \u00e5r med turnering og konserter.\u00bb  Bloom er mer et skikkelig studioalbum. \u00abF\u00f8rst spilte jeg inn skisser i to uker. Etter en pause plukket jeg prosjektet opp igjen og jobbet sammenhengende i seks uker frem til jeg var forn\u00f8yd. Det var en veldig intens og fokusert prosess. 12-strengs gitar-musikken min er ofte fysisk krevende \u00e5 spille, og jeg ville jobbe med lyd p\u00e5 en annen m\u00e5te denne gangen. S\u00e5 p\u00e5 \u00abBloom\u00bb stammer den rike lydveven fra innspillingsprosessen: behandlinger av diverse elektroniske og akustiske lyder. Albumet er en studiokonstruksjon, men jeg f\u00f8ler samtidig at det er en naturlig fortsettelse p\u00e5 det jeg har holdt p\u00e5 med f\u00f8r. \u00a0 Myr er en aktiv komponist, og skriver for kammerensembler, elektro-akustiske prosjekter, teater og dans. Han er ogs\u00e5 medlem i MURAL (Ingar Zach, Jim Denley) og Circadia (David Stacken\u00e4s, Joe Williamson, Tony Buck). Kim har gjort samarbeid med Sidsel Endresen, Sebastian Roux, Lasse Marhaug for \u00e5 nevne et lite utvalg.  Bloom er et eventyrlig og gener\u00f8st klingende nytt og helst\u00f8pt album fra Kim Myhr. Albumet blir utgitt p\u00e5 CD, DL og som LP med trykket innercover i begrenset opplag.<\/p>\n<h4><\/h4>\n<p><h4><\/h4>\n<\/p>\n<p><\/p>","protected":false},"excerpt":{"rendered":"<p>Bloom er et eventyrlig og gener\u00f8st klingende nytt og helst\u00f8pt album fra Kim Myhr. Albumet blir utgitt p\u00e5 CD, DL og som LP med trykket innercover i begrenset opplag.<\/p>\n","protected":false},"featured_media":30968,"comment_status":"closed","ping_status":"open","template":"","meta":[],"product_brand":[],"product_cat":[36],"product_tag":[],"class_list":{"0":"post-35261","1":"product","2":"type-product","3":"status-publish","4":"has-post-thumbnail","6":"product_cat-hubro","7":"product_shipping_class-cddvd-shipping","8":"uni_artist_tag-kim-myhr","9":"uni_main_artist_tag-kim-myhr","10":"uni_artist_genre-avantgarde","11":"uni_artist_genre-electronic","12":"uni_artist_genre-improvised-music","13":"uni_artist_genre-instrumental","15":"first","16":"instock","17":"taxable","18":"shipping-taxable","19":"purchasable","20":"product-type-variable","21":"has-default-attributes"},"_links":{"self":[{"href":"https:\/\/grappa.no\/no\/wp-json\/wp\/v2\/product\/35261","targetHints":{"allow":["GET"]}}],"collection":[{"href":"https:\/\/grappa.no\/no\/wp-json\/wp\/v2\/product"}],"about":[{"href":"https:\/\/grappa.no\/no\/wp-json\/wp\/v2\/types\/product"}],"replies":[{"embeddable":true,"href":"https:\/\/grappa.no\/no\/wp-json\/wp\/v2\/comments?post=35261"}],"wp:featuredmedia":[{"embeddable":true,"href":"https:\/\/grappa.no\/no\/wp-json\/wp\/v2\/media\/30968"}],"wp:attachment":[{"href":"https:\/\/grappa.no\/no\/wp-json\/wp\/v2\/media?parent=35261"}],"wp:term":[{"taxonomy":"product_brand","embeddable":true,"href":"https:\/\/grappa.no\/no\/wp-json\/wp\/v2\/product_brand?post=35261"},{"taxonomy":"product_cat","embeddable":true,"href":"https:\/\/grappa.no\/no\/wp-json\/wp\/v2\/product_cat?post=35261"},{"taxonomy":"product_tag","embeddable":true,"href":"https:\/\/grappa.no\/no\/wp-json\/wp\/v2\/product_tag?post=35261"}],"curies":[{"name":"wp","href":"https:\/\/api.w.org\/{rel}","templated":true}]}}