{"id":35258,"date":"2016-10-28T00:00:00","date_gmt":"2016-10-27T23:00:00","guid":{"rendered":"http:\/\/www.grappa.no\/albums\/uncategorized\/geir-sundstol-langen-ro\/"},"modified":"2020-08-21T09:16:54","modified_gmt":"2020-08-21T08:16:54","slug":"langen-ro","status":"publish","type":"product","link":"https:\/\/grappa.no\/no\/albums\/hubro\/langen-ro\/","title":{"rendered":"Langen Ro"},"content":{"rendered":"<p><\/p>\n<p>Undervannsmusikk  Gitarist og instrumentsamler Geir Sundst\u00f8l hadde spilt p\u00e5 over 260 plater med andre artister f\u00f8r han platedebutert med soloalbumet \u00abFurulund\u00bb i 2015. 27 \u00e5r ut i karrieren tok han alts\u00e5 steget, og ble bel\u00f8nnet med str\u00e5lende anmeldelser og Spellemannsnominasjon. MOJO beskrev albumet som &quot;en beroligende serie seige gitar soundscapes som blander Cooderesk western-varme med norsk m\u00e5neskinnskulde\u00bb, Det engelske bladet HiFi+ trakk i sin anmeldelse frem \u00abde uts\u00f8kte lydvalgene\u00bb, og anmelder Terje Mosnes fremhevet &quot;en musisering som sjelden hever stemmen, men likevel vinner geh\u00f8r gjennom et rolig, lydlig mangfold som gradvis trer fram og gir hvert m\u00f8te med albumet islett av \u00e5 v\u00e6re en f\u00f8rstegangsopplevelse.\u00bb N\u00e5, ganske n\u00f8yaktig ett \u00e5r senere, f\u00f8lger Geir Sundst\u00f8l opp med det enda mer helst\u00f8pte albumet \u00abLangen ro\u00bb, der lydbildet er like s\u00e6rpreget og rikt som sjangerereferansene er mange. Det er noe filmatisk med musikken hans, samtidig som den ofte har en neddempet karakter som kan gi assosiasjoner til ambient. Selv har han beskrevet det han fors\u00f8kte \u00e5 f\u00e5 til p\u00e5 denne platen som \u00abundervannsmusikk\u00bb.   Konsert: 18. oktober: Kulturkirken Jakob (sammen med Christian Wallumr\u00f8d Ensemble)<\/p>\n<p><!--more--><\/p>\n<p>Gitarist og instrumentsamler Geir Sundst\u00f8l hadde spilt p\u00e5 over 260 plater med andre artister f\u00f8r han platedebutert med soloalbumet \u00abFurulund\u00bb i 2015. 27 \u00e5r ut i karrieren tok han alts\u00e5 steget, og ble bel\u00f8nnet med str\u00e5lende anmeldelser og Spellemannsnominasjon. MOJO beskrev albumet som &quot;en beroligende serie seige gitar soundscapes som blander Cooderesk western-varme med norsk m\u00e5neskinnskulde\u00bb, Det engelske bladet HiFi+ trakk i sin anmeldelse frem \u00abde uts\u00f8kte lydvalgene\u00bb, og anmelder Terje Mosnes fremhevet &quot;en musisering som sjelden hever stemmen, men likevel vinner geh\u00f8r gjennom et rolig, lydlig mangfold som gradvis trer fram og gir hvert m\u00f8te med albumet islett av \u00e5 v\u00e6re en f\u00f8rstegangsopplevelse.\u00bb<\/p>\n<h4>Synther<\/h4>\n<p>Synther spiller en viktigere rolle denne gangen, og vi f\u00e5r bl.a. en s\u00e6rpreget og fors\u00e5vidt synth-fri versjon av Giorgio Moroder\u00b4s \u00abTony\u00b4s theme\u00bb (fra soundtracket til Scarface). Sundst\u00f8l st\u00e5r for de fleste komposisjonene selv, men den vakre folketonen \u00abGr\u00e5tarslaget\u00bb f\u00e5r ogs\u00e5 en original overhaling her. Mens debutalbumet \u00abFurulund\u00bb ble innspilt over lang tid i Sundst\u00f8ls hjemmestudio, er \u00abLangen ro\u00bb innspilt over noen f\u00e5 dager i Jakobkirken som p\u00e5 tross av at den ligger like ved en traffikert vei midt i Oslo sentrum har en s\u00e5 rik akustikk at den ofte brukes til b\u00e5de innspillinger og konserter.   Som forrige gang har Geir samarbeidet med tekniker B\u00e5rd Ingebrigtsen, og rundt seg har han samlet en gruppe venner og musikere fra \u00f8verste hylle. Tangentmann David Wallumr\u00f8d (Spirits in the dark, Odd Nordstoga) og trommeslager Erland Dahlen (Nils Petter Molv\u00e6r) bidro ogs\u00e5 p\u00e5 forrige album, mens bassist Nikolai H\u00e6ngsle Eilertsen (Band of Gold, M\u00f8ster, Elephant 9), trommeslager Martin Langlie og felespiller Erik Sollid (Valkyrien Allstars) og perkusjonist Martin Winstad (Bernhoft) str\u00f8r sitt gullst\u00f8v over Sundst\u00f8ls musikk for f\u00f8rste gang her.  Sundst\u00f8l er fortsatt en meget ettertraktet musikere p\u00e5 tvers av alle sjangere, og denne h\u00f8sten blir han bl.a. \u00e5 h\u00f8re p\u00e5 nye plater og lange konserttur\u00e9er med \u00a0Stein Torleif Bjella og Nils Petter Molv\u00e6r.  Konsert: 18. oktober: Kulturkirken Jakob (sammen med Christian Wallumr\u00f8d Ensemble)<\/p>\n<h4><\/h4>\n<p><h4><\/h4>\n<\/p>\n<p><\/p>","protected":false},"excerpt":{"rendered":"<p>N\u00e5, ganske n\u00f8yaktig ett \u00e5r etter den etterlengtede solodebuten, f\u00f8lger Geir Sundst\u00f8l opp med det enda mer helst\u00f8pte albumet \u00abLangen ro\u00bb, der lydbildet er like s\u00e6rpreget og rikt som sjangerereferansene er mange.<\/p>\n","protected":false},"featured_media":31680,"comment_status":"closed","ping_status":"open","template":"","meta":[],"product_brand":[],"product_cat":[36],"product_tag":[],"class_list":{"0":"post-35258","1":"product","2":"type-product","3":"status-publish","4":"has-post-thumbnail","6":"product_cat-hubro","7":"product_shipping_class-cddvd-shipping","8":"uni_artist_tag-david-wallumrod","9":"uni_artist_tag-erik-sollid","10":"uni_artist_tag-erland-dahlen","11":"uni_artist_tag-geir-sundstol","12":"uni_artist_tag-giorgio-moroder","13":"uni_artist_tag-martin-langlie","14":"uni_artist_tag-martin-windstad","15":"uni_artist_tag-nikolai-haengsle-eilertsen","16":"uni_artist_tag-traditional","17":"uni_main_artist_tag-geir-sundstol","18":"uni_artist_genre-folk-music","19":"uni_artist_genre-improvised-music","20":"uni_artist_genre-instrumental","21":"uni_artist_genre-jazz","23":"first","24":"instock","25":"taxable","26":"shipping-taxable","27":"purchasable","28":"product-type-variable","29":"has-default-attributes"},"_links":{"self":[{"href":"https:\/\/grappa.no\/no\/wp-json\/wp\/v2\/product\/35258","targetHints":{"allow":["GET"]}}],"collection":[{"href":"https:\/\/grappa.no\/no\/wp-json\/wp\/v2\/product"}],"about":[{"href":"https:\/\/grappa.no\/no\/wp-json\/wp\/v2\/types\/product"}],"replies":[{"embeddable":true,"href":"https:\/\/grappa.no\/no\/wp-json\/wp\/v2\/comments?post=35258"}],"wp:featuredmedia":[{"embeddable":true,"href":"https:\/\/grappa.no\/no\/wp-json\/wp\/v2\/media\/31680"}],"wp:attachment":[{"href":"https:\/\/grappa.no\/no\/wp-json\/wp\/v2\/media?parent=35258"}],"wp:term":[{"taxonomy":"product_brand","embeddable":true,"href":"https:\/\/grappa.no\/no\/wp-json\/wp\/v2\/product_brand?post=35258"},{"taxonomy":"product_cat","embeddable":true,"href":"https:\/\/grappa.no\/no\/wp-json\/wp\/v2\/product_cat?post=35258"},{"taxonomy":"product_tag","embeddable":true,"href":"https:\/\/grappa.no\/no\/wp-json\/wp\/v2\/product_tag?post=35258"}],"curies":[{"name":"wp","href":"https:\/\/api.w.org\/{rel}","templated":true}]}}