{"id":35255,"date":"2017-02-24T00:00:00","date_gmt":"2017-02-23T23:00:00","guid":{"rendered":"http:\/\/www.grappa.no\/albums\/uncategorized\/cakewalk-ishihara\/"},"modified":"2020-08-21T09:16:52","modified_gmt":"2020-08-21T08:16:52","slug":"ishihara","status":"publish","type":"product","link":"https:\/\/grappa.no\/no\/albums\/hubro\/ishihara\/","title":{"rendered":"Ishihara"},"content":{"rendered":"<p><\/p>\n<p>B\u00f8lge etter b\u00f8lge etter b\u00f8lge  Den siste setningen i \u00abNadja\u00bb, Andre Bretons roman fra 1928, lyder slik (i Richard Howards engelske oversettelse): \u00abBeauty will be CONVULSIVE or will not be at all.\u00bb Dette kunne v\u00e6rt doktrinen for trioen Cakewalks tredje album \u2013 hvis de i det hele tatt trengte en. Ishihara etterf\u00f8lger de kritikerroste platene Wired (2012) og Transfixed (2014). Musikken later til \u00e5 eksistere i en konstant spastisk tilstand, med repeterende sammentrekning og avslapping, som om den reagerer p\u00e5 elektrisk stimuli eller et dypt biologisk behov.   I tillegg l\u00e5ter innspillingen som fortid, n\u00e5tid og fremtid, p\u00e5 en gang. Gjenkjennelige instrumenter \u2013 tordnende trommer, seismisk bass, frika synth \u2013 spilt som av en proggete post-jazz improv-trio \u2013 blandes med urbane lyder og hverdagslig st\u00f8y: hiphop-scratching og bruddstykker av tv-spill-lyd; sirener, bilalarmer, elektroniske blipp; lyder som kan tolkes som dystopiske drypp i et undergrunns parkeringshus. Og det er bare \u00e5pningssporet \u00abMonkeys\u00bb. Lyden bare fortsetter \u00e5 komme, b\u00f8lge etter b\u00f8lge. Det er utmattende og medrivende, og fortsatt friskt og nyskapende. Ingen av de seks sporene h\u00f8res like ut, samtidig h\u00f8rer de sammen og utgj\u00f8r en tilfredsstillende helhet. Likeledes kommer de tre medlemmene i Cakewalk fra relativt forskjellige musikalske bakgrunner, med r\u00f8tter i rock, pop og klassisk, s\u00e5 vel som eksperimentell jazz og improvisasjon. \u00d8ystein Skar (synther og keyboard), er akademisk utdannet innen klassisk komposisjon og spiller i popgruppen Highasakite og duoen Glow; trommis Ivar Loe Bj\u00f8rnstad spiller med  Hedvig Mollestad Trio; Stephan Meidell (gitar\/bass\/synth) slipper snart sitt eget soloalbum p\u00e5 Hubro, parallelt med Ishihara, og spiller i duoen Strings and Timpani, Erlend Apneseth Trio, Krachmacher og ogs\u00e5 tidligere med The Sweetest Thrill og Vanilla Riot.   Konserter: 23. februar Folken, Stavanger 24. februar Landmark, Bergen 02. mars Bl\u00e5\/by:Larm, Oslo 04. mars Victoria\/by:Larm, Oslo<\/p>\n<p><!--more--><\/p>\n<p>Den siste setningen i \u00abNadja\u00bb, Andre Bretons roman fra 1928, lyder slik (i Richard Howards engelske oversettelse): \u00abBeauty will be CONVULSIVE or will not be at all.\u00bb Dette kunne v\u00e6rt doktrinen for trioen Cakewalks tredje album \u2013 hvis de i det hele tatt trengte en. Ishikara etterf\u00f8lger de kritikerroste platene Wired (2012) og Transfixed (2014). Musikken later til \u00e5 eksistere i en konstant spastisk tilstand, med repeterende sammentrekning og avslapping, som om den reagerer p\u00e5 elektrisk stimuli eller et dypt biologisk behov.<\/p>\n<h4>B\u00f8lge etter b\u00f8lge etter b\u00f8lge<\/h4>\n<p>Lyden bare fortsetter \u00e5 komme, b\u00f8lge etter b\u00f8lge etter b\u00f8lge. Det er utmattende, s\u00e5 vel som medrivende, og fortsatt friskt og nyskapende. Det er noe virkelig monumentalt over den soniske massiviteten; m\u00e5ten rudiment\u00e6re blokker av solid lyd hugges ut, som en slags audio-skulptur.  Generelt arbeider musikken innen forskjellige tidssignaturer, som klassiske indiske ragas eller som John Coltrane kvartetten, slik at lytterne st\u00e5r fritt til \u00e5 fokusere p\u00e5 hva enn de \u00f8nsker: de hurtig dansende rytmene i musikkens \u00abytre ring\u00bb, eller de tregere, dypere hjerteslagene n\u00e6rmere \u00absenteret\u00bb. Det er et eksempel p\u00e5 gruppens finesse, at de lar lytteren selv velge sin inngangsport til musikken, heller enn \u00e5 tvinge \u00e9n korrekt tolkning gjennom. Hvis musikken er om noe, s\u00e5 er det antagelig prosessen rundt hvordan vi oppfatter den. Er du p\u00e5 utkikk etter en ledetr\u00e5d, s\u00e5 refererer albumtittelen til en ber\u00f8mt fargeblindhetstest, skapt av Dr. Shinobu Ishihara, publisert i 1917.<\/p>\n<h4>Mangfoldig og helhetlig<\/h4>\n<p>Ishihara karakteriseres ogs\u00e5 av sitt mangfold. Ingen av de seks sporene h\u00f8res like ut, samtidig h\u00f8rer de sammen og utgj\u00f8r en tilfredsstillende helhet. Likeledes kommer de tre medlemmene i Cakewalk fra relativt forskjellige musikalske bakgrunner, med r\u00f8tter i rock, pop og klassisk, s\u00e5 vel som eksperimentell jazz og improvisasjon. \u00d8ystein Skar (synther og keyboard), er akademisk utdannet innen klassisk komposisjon og spiller i popgruppen Highasakite og duoen Glow; trommis Ivar Loe Bj\u00f8rnstad spiller med  Hedvig Mollestad Trio; Stephan Meidell (gitar\/bass\/synth) slipper snart sitt eget soloalbum p\u00e5 Hubro, parallelt med Ishihara, og spiller i duoen Strings and Timpani, Erlend Apneseth Trio, Krachmacher og ogs\u00e5 tidligere med The Sweetest Thrill og Vanilla Riot.   Kanskje det er denne varierte sammensetningen av bakgrunner og interesser som gj\u00f8r at disse tre musikerne smelter sammen til slik en imponerende enhet \u2013 individualitet som bidrar til \u00e5 forsterke en kollektiv identitet. Uansett, Ishihara presenterer et bands verk, som, lojal mot improvisasjonens \u00e5nd, kanskje ikke er klar over sin destinasjon, men definitivt er sikre p\u00e5 hvilke grep de m\u00e5 ta for \u00e5 komme seg dit.<\/p>\n<h4>Konserter<\/h4>\n<p>23. februar Folken, Stavanger 24. februar Landmark, Bergen 02. mars Bl\u00e5\/by:Larm, Oslo 04. mars Victoria\/by:Larm, Oslo<\/p>\n<p><\/p>","protected":false},"excerpt":{"rendered":"<p>Lyden bare fortsetter \u00e5 komme, b\u00f8lge etter b\u00f8lge etter b\u00f8lge. Det er utmattende og medrivende p\u00e5 samme tid.<\/p>\n","protected":false},"featured_media":33026,"comment_status":"closed","ping_status":"open","template":"","meta":[],"product_brand":[],"product_cat":[36],"product_tag":[],"class_list":{"0":"post-35255","1":"product","2":"type-product","3":"status-publish","4":"has-post-thumbnail","6":"product_cat-hubro","7":"product_shipping_class-cddvd-shipping","8":"uni_artist_tag-cakewalk","9":"uni_artist_tag-ivar-loe-bjornstad","10":"uni_artist_tag-oystein-skar","11":"uni_artist_tag-stephan-meidell","12":"uni_main_artist_tag-cakewalk","13":"uni_artist_genre-instrumental","14":"uni_artist_genre-rock","16":"first","17":"instock","18":"taxable","19":"shipping-taxable","20":"purchasable","21":"product-type-variable","22":"has-default-attributes"},"_links":{"self":[{"href":"https:\/\/grappa.no\/no\/wp-json\/wp\/v2\/product\/35255","targetHints":{"allow":["GET"]}}],"collection":[{"href":"https:\/\/grappa.no\/no\/wp-json\/wp\/v2\/product"}],"about":[{"href":"https:\/\/grappa.no\/no\/wp-json\/wp\/v2\/types\/product"}],"replies":[{"embeddable":true,"href":"https:\/\/grappa.no\/no\/wp-json\/wp\/v2\/comments?post=35255"}],"wp:featuredmedia":[{"embeddable":true,"href":"https:\/\/grappa.no\/no\/wp-json\/wp\/v2\/media\/33026"}],"wp:attachment":[{"href":"https:\/\/grappa.no\/no\/wp-json\/wp\/v2\/media?parent=35255"}],"wp:term":[{"taxonomy":"product_brand","embeddable":true,"href":"https:\/\/grappa.no\/no\/wp-json\/wp\/v2\/product_brand?post=35255"},{"taxonomy":"product_cat","embeddable":true,"href":"https:\/\/grappa.no\/no\/wp-json\/wp\/v2\/product_cat?post=35255"},{"taxonomy":"product_tag","embeddable":true,"href":"https:\/\/grappa.no\/no\/wp-json\/wp\/v2\/product_tag?post=35255"}],"curies":[{"name":"wp","href":"https:\/\/api.w.org\/{rel}","templated":true}]}}