{"id":35252,"date":"2017-03-17T00:00:00","date_gmt":"2017-03-16T23:00:00","guid":{"rendered":"http:\/\/www.grappa.no\/albums\/uncategorized\/stephan-meidell-metrics\/"},"modified":"2020-08-21T09:16:50","modified_gmt":"2020-08-21T08:16:50","slug":"metrics","status":"publish","type":"product","link":"https:\/\/grappa.no\/no\/albums\/hubro\/metrics\/","title":{"rendered":"Metrics"},"content":{"rendered":"<p><\/p>\n<p>En egen lydpalett  Techno\u00a0m\u00f8ter barokk n\u00e5r kultgitarist Stephan Meidells (Cakewalk, Erlend\u00a0Apneseth Trio) gir ut sitt andre\u00a0soloalbum p\u00e5 Hubro. &#8211; Beats,\u00a0tape-manipulasjon og synthesizere kombineres med et kammerensemble\u00a0som\u00a0inkluderer hardingfele, barokkfiolin, preparert piano, cembalo og\u00a0klarinett.\u00a0Meidell\u00a0setter p\u00e5 effektivt vis sammen sin egen palett av lyder, slik at han\u00a0kan plassere lydene innenfor nye originale\u00a0sammenhenger. Som en\u00a0konsekvens sammenstilles form og innhold slik at den ene blir et ekko\u00a0av det andre. Det er vanskelig \u00e5\u00a0vite hva som faktisk er der og hva\u00a0som ikke er det, og det er nesten umulig \u00e5 separere den faktiske\u00a0lyden fra den hallusinatoriske.\u00a0Meidells\u00a0metoder b\u00e6rer med seg en sterk f\u00f8lelse av lekenhet, som arbeider\u00a0mot den overalvorlige, fippskjegg-strykende\u00a0karikaturen man av og til\u00a0assosierer med eksperimentelle musikkskapere og lyttere.\u00a0Men\u00a0uansett avstamming, uansett innflytelse, signaliserer \u00abMetrics\u00bb en\u00a0ny retning og en ny ankomst. Det markerer at Stephan\u00a0Meidell er en\u00a0musiker man b\u00f8r holde \u00f8ynene opp for fra n\u00e5 av.<\/p>\n<p><!--more--><\/p>\n<p>Techno m\u00f8ter barokk n\u00e5r kultgitarist Stephan Meidells (Cakewalk, Erlend Apneseth Trio) gir ut sitt andre soloalbum p\u00e5 Hubro. &#8211; Beats, tape-manipulasjon og synthesizere kombineres med et kammerensemble som inkluderer hardingfele, barokkfiolin, preparert piano, cembalo og klarinett.<\/p>\n<h4>Originalt uttrykk<\/h4>\n<p>Det Meidell har utrettet p\u00e5 \u00abMetrics\u00bb er originalt, og sender signaler om en ny stor europeisk stemme innenfor et musikkfelt som enn\u00e5  ikke har fostret noen store navn. Man kan argumentere for at \u00abMetrics\u00bb presenterer en ny form for elektroakustisk kunst og befinner seg et sted mellom lydkunst og musikk, og mellom improvisasjon og komposisjon. Musikken trosser alle de vanlige sjangerkategoriene, om det skulle v\u00e6re post-jazz, post-rock eller post-hva-som-helst.  Og selv om den 34 \u00e5r gamle Bergensbaserte Meidell er gitarist av yrke, h\u00f8res ikke dette ut som et typist gitaristalbum. \u00abMetrics\u00bb i h\u00f8yeste grad er et produkt av et ensemble, hvor Meidell har plukket ut musikerne, hjulpet til \u00e5 veilede improvisasjoner og senere editert og utformet resultatet. Bidraget fra forskjellige musikere, som Meidell i stor grad kjenner gjennom andre grupper og prosjekter, er vital. Spennvidden strekker seg fra techno\/elektronika til klassisk barokk, fra musique concrete til progrock og til samtidens lydkunst.   Tvunget av behovet for \u00e5 spille p\u00e5 lavt volum mens han bodde i en leilighet i Berlin med tynne vegger, plugget Stephan gitaren inn i computeren, tok p\u00e5 seg et headset og begynte \u00e5 komponere. \u00abKanskje p\u00e5 grunn av den plukkete fiolinlyden fra den akustiske gitaren min, eller tonalitetene og stemmingen jeg jobbet med. Ordet \u00abbarokk\u00bb begynte \u00e5 iallefall \u00e5 flyte mot overflaten, og ga meg ideen om \u00e5 benytte instrumenter fra denne tidsepoken. \u00bb Meidell setter p\u00e5 effektivt vis sammen sin egen palett av lyder, slik at han kan plassere lydene innenfor nye originale sammenhenger. Som en konsekvens sammenstilles form og innhold slik at den ene blir et ekko av det andre. Det er vanskelig \u00e5 vite hva som faktisk er der og hva som ikke er det, og det er nesten umulig \u00e5 separere den faktiske lyden fra den hallusinatoriske.  Meidells metoder b\u00e6rer med seg en sterk f\u00f8lelse av lekenhet, som arbeider mot den overalvorlige, fippskjegg-strykende karikaturen man av og til assosierer med eksperimentelle musikkskapere og lyttere.<\/p>\n<h4>Forl\u00f8pere<\/h4>\n<p>Siden \u00abMetrics\u00bb ikke bare oppstod som den fremst\u00e5r n\u00e5, ferdig utviklet, er det nyttig \u00e5 sjekke ut albumets umiddelbare forl\u00f8pere fra Meidells allerede store katalog av utgivelser. I fjor kom den kritikerroste debuten til Erlend Apneseth trio, hvor Stephans gitar og elektronikk spiller en n\u00f8kkelrolle. Meidells forrige soloutgivelse \u00abCascades\u00bb (2014), var virkelig et gitaristalbum, og best\u00e5r av lange  improvisasjoner p\u00e5 utradisjonelle innspillingssteder med s\u00e6regen akustikk og lang etterklangstid, som nedlagte fabrikker og siloer i Bergensomr\u00e5det. De tre albumene han har laget sammen med trioen Cakewalk (2012-17) bidrar ogs\u00e5 til forst\u00e5else av \u00abMetrics\u00bb gjennom sin hensynsl\u00f8se tiln\u00e6rming til lydmanipulasjon. Her spleiser trioen sammen vidt forskjellige sjangre til en ny mutert form. En annen n\u00f8kkelutgivelse \u00e5 ta med i betraktning \u00abHyphen\u00bb (2016) duen Meidell  har med trommeslager \u00d8yvind Hegg-Lunde, Strings &amp; Timpani. Her har fokuset ligget p\u00e5 \u00e5 danne fengende rytmiske \u00abceller\u00bb gjennom forsiktig lagvis arbeid og repetisjoner. Slik skaper \u00abHyphen\u00bb forventninger til rytmisk fascinasjon, og vi finner dens arytmiske og atonale motsetning i \u00abMetrics\u00bb.<\/p>\n<h4>En ny ankomst<\/h4>\n<p>Men uansett avstamming, uansett innflytelse, signaliserer \u00abMetrics\u00bb en ny retning og en ny ankomst. Det markerer at Stephan Meidell er en musiker man b\u00f8r holde \u00f8ynene opp for fra n\u00e5 av.   \u00abMetrics\u00bb er en engasjerende suite best\u00e5ende av komposisjoner og improvisasjoner. Dette er musikk som simpelthen er ulik alt annet du har h\u00e6rt, og den er like knyttet til lydkunst og installasjoner som til det konvensjonelle albumformatet.<\/p>\n<p><\/p>","protected":false},"excerpt":{"rendered":"<p>Meidell\u00a0setter p\u00e5 effektivt vis sammen sin egen palett av lyder, slik at han\u00a0kan plassere lydene innenfor nye originale\u00a0sammenhenger.<\/p>\n","protected":false},"featured_media":33182,"comment_status":"closed","ping_status":"open","template":"","meta":[],"product_brand":[],"product_cat":[36],"product_tag":[],"class_list":{"0":"post-35252","1":"product","2":"type-product","3":"status-publish","4":"has-post-thumbnail","6":"product_cat-hubro","7":"product_shipping_class-cddvd-shipping","8":"uni_artist_tag-erlend-apneseth","9":"uni_artist_tag-hans-knut-sveen","10":"uni_artist_tag-magda-mayas","11":"uni_artist_tag-morten-barrikmo","12":"uni_artist_tag-stephan-meidell","13":"uni_main_artist_tag-stephan-meidell","14":"uni_artist_genre-chamber-music","15":"uni_artist_genre-electronic","16":"uni_artist_genre-instrumental","18":"first","19":"instock","20":"taxable","21":"shipping-taxable","22":"purchasable","23":"product-type-variable","24":"has-default-attributes"},"_links":{"self":[{"href":"https:\/\/grappa.no\/no\/wp-json\/wp\/v2\/product\/35252","targetHints":{"allow":["GET"]}}],"collection":[{"href":"https:\/\/grappa.no\/no\/wp-json\/wp\/v2\/product"}],"about":[{"href":"https:\/\/grappa.no\/no\/wp-json\/wp\/v2\/types\/product"}],"replies":[{"embeddable":true,"href":"https:\/\/grappa.no\/no\/wp-json\/wp\/v2\/comments?post=35252"}],"wp:featuredmedia":[{"embeddable":true,"href":"https:\/\/grappa.no\/no\/wp-json\/wp\/v2\/media\/33182"}],"wp:attachment":[{"href":"https:\/\/grappa.no\/no\/wp-json\/wp\/v2\/media?parent=35252"}],"wp:term":[{"taxonomy":"product_brand","embeddable":true,"href":"https:\/\/grappa.no\/no\/wp-json\/wp\/v2\/product_brand?post=35252"},{"taxonomy":"product_cat","embeddable":true,"href":"https:\/\/grappa.no\/no\/wp-json\/wp\/v2\/product_cat?post=35252"},{"taxonomy":"product_tag","embeddable":true,"href":"https:\/\/grappa.no\/no\/wp-json\/wp\/v2\/product_tag?post=35252"}],"curies":[{"name":"wp","href":"https:\/\/api.w.org\/{rel}","templated":true}]}}