{"id":35246,"date":"2016-02-05T00:00:00","date_gmt":"2016-02-04T23:00:00","guid":{"rendered":"http:\/\/www.grappa.no\/albums\/uncategorized\/erlend-apneseth-trio-det-andre-rommet\/"},"modified":"2020-08-21T09:16:44","modified_gmt":"2020-08-21T08:16:44","slug":"det-andre-rommet","status":"publish","type":"product","link":"https:\/\/grappa.no\/no\/albums\/hubro\/det-andre-rommet\/","title":{"rendered":"Det andre rommet"},"content":{"rendered":"<p><\/p>\n<p>Det Andre Rommet  P\u00e5 hardingfelespiller Erlend Apneseths kritikerroste debutalbum &quot;Blikkspor&quot; stod sl\u00e5tter, egne komposisjoner og improvisasjoner  side ved side. N\u00e5 f\u00f8lger han opp med et album der han tar steget lenger inn i et \u00e5pent landskap sammen med en trio som har bred erfaring fra improvisasjonsmusikk og rock. P\u00e5 det  siste sporet p\u00e5 debutalbumet hadde han med seg trommeslager \u00d8yvind Hegg-Lunde (Electric Eye, Building Instrument, Jos\u00e9 Gonz\u00e1lez) og gitarist Stephan Meidell (Cakewalk, Krachmacher). Samarbeidet var s\u00e5 inspirerende at de n\u00e5 har blitt Erlends faste trio. \u00abDet Andre Rommet\u00bb har blitt et vakkert, utforskende og eventyrlig album som tar musikken i nye og uventede retninger.<\/p>\n<p><!--more--><\/p>\n<p>P\u00e5 hardingfelespiller Erlend Apneseths kritikerroste debutalbum &quot;Blikkspor&quot; stod sl\u00e5tter, egne komposisjoner og improvisasjoner  side ved side. N\u00e5 f\u00f8lger han opp med et album der han tar steget lenger inn i et \u00e5pent landskap sammen med en trio som har bred erfaring fra improvisasjonsmusikk og rock.<\/p>\n<h4>Om musikerne<\/h4>\n<p>Erlend  er en ut\u00f8ver som st\u00e5r trygt plantet med begge beina i den norske tradisjonsmusikken, men som samtidig  improviserer og s\u00f8ker nye uttrykk \u2013 hele tiden med klangene fra hardingfela og folkemusikken som utgangspunkt. Han har samarbeidet med musikere fra mange ulike sjangere, v\u00e6rt solist med Bergen Filharmoniske Orkester, spilt med st\u00f8rre improvisasjonsensembler og folk- og jazzbaserte grupper, med strupesanger og joiker Torgeir Vassvik og med poet Erlend O. N\u00f8dtvedt. I 2012 mottok han Grappas debutantpris og gav \u00e5ret etter ut debutalbumet \u00abBlikkspor\u00bb, som ble produsert av Arve Henriksen, og som fikk str\u00e5lende kritikker b\u00e5de i norsk og internasjonal presse. P\u00e5 det  siste sporet p\u00e5 debutalbumet hadde han med seg trommeslager \u00d8yvind Hegg-Lunde (Electric Eye, Building Instrument, Jos\u00e9 Gonz\u00e1lez) og gitarist Stephan Meidell (Cakewalk, Krachmacher). Samarbeidet var s\u00e5 inspirerende at de n\u00e5 har blitt Erlends faste trio. Meidell og Hegg-Lunde har i en \u00e5rrekke jobbet som improviserende duo f\u00f8r Erlend inviterte dem inn i sitt prosjekt. De senere \u00e5rene har Erlend, Stephan og \u00d8yvind spilt mye og latt musikken utvikle seg sakte men sikkert, og gikk i studio fulle av id\u00e9er, l\u00e5ter, skisser og improvisasjonslyst.<\/p>\n<h4>Det Andre Rommet<\/h4>\n<p>\u00abDet Andre Rommet\u00bb har blitt et vakkert, utforskende og eventyrlig album som tar musikken i nye og uventede retninger. Albumet ble inspillt hos Hallibakken Lydproduksjon, og senere mikset av Randall Dunn i Avast i Seattle (Splashgirl, Earth, Thurston Moore), og til slutt mastret av J\u00f8rgen Tr\u00e6en i Lydgrotten i Bergen.  Konserter: 12.2 Blaoboxen, Sogndal kulturhus 13.2 J\u00f8lster jazzklubb 14.2 Litteraturhuset, Bergen (+ erlend o. n\u00f8dtvedt)<\/p>\n<h4><\/h4>\n<\/p>\n<p><\/p>","protected":false},"excerpt":{"rendered":"<p>N\u00e5 f\u00f8lger Erlend Apneset opp med et album der han tar steget lenger inn i et \u00e5pent landskap sammen med en trio som har bred erfaring fra improvisasjonsmusikk og rock.<\/p>\n","protected":false},"featured_media":28428,"comment_status":"closed","ping_status":"open","template":"","meta":[],"product_brand":[],"product_cat":[36],"product_tag":[],"class_list":{"0":"post-35246","1":"product","2":"type-product","3":"status-publish","4":"has-post-thumbnail","6":"product_cat-hubro","7":"product_shipping_class-cddvd-shipping","8":"uni_artist_tag-andreas-risanger-meland","9":"uni_artist_tag-erlend-apneseth","10":"uni_artist_tag-erlend-apneseth-trio","11":"uni_artist_tag-oyvind-hegg-lunde","12":"uni_artist_tag-stephan-meidell","13":"uni_main_artist_tag-erlend-apneseth-trio","14":"uni_artist_genre-folk-music","15":"uni_artist_genre-improvised-music","16":"uni_artist_genre-instrumental","18":"first","19":"instock","20":"taxable","21":"shipping-taxable","22":"purchasable","23":"product-type-variable","24":"has-default-attributes"},"_links":{"self":[{"href":"https:\/\/grappa.no\/no\/wp-json\/wp\/v2\/product\/35246","targetHints":{"allow":["GET"]}}],"collection":[{"href":"https:\/\/grappa.no\/no\/wp-json\/wp\/v2\/product"}],"about":[{"href":"https:\/\/grappa.no\/no\/wp-json\/wp\/v2\/types\/product"}],"replies":[{"embeddable":true,"href":"https:\/\/grappa.no\/no\/wp-json\/wp\/v2\/comments?post=35246"}],"wp:featuredmedia":[{"embeddable":true,"href":"https:\/\/grappa.no\/no\/wp-json\/wp\/v2\/media\/28428"}],"wp:attachment":[{"href":"https:\/\/grappa.no\/no\/wp-json\/wp\/v2\/media?parent=35246"}],"wp:term":[{"taxonomy":"product_brand","embeddable":true,"href":"https:\/\/grappa.no\/no\/wp-json\/wp\/v2\/product_brand?post=35246"},{"taxonomy":"product_cat","embeddable":true,"href":"https:\/\/grappa.no\/no\/wp-json\/wp\/v2\/product_cat?post=35246"},{"taxonomy":"product_tag","embeddable":true,"href":"https:\/\/grappa.no\/no\/wp-json\/wp\/v2\/product_tag?post=35246"}],"curies":[{"name":"wp","href":"https:\/\/api.w.org\/{rel}","templated":true}]}}