{"id":35240,"date":"2015-09-11T00:00:00","date_gmt":"2015-09-10T23:00:00","guid":{"rendered":"http:\/\/www.grappa.no\/albums\/uncategorized\/moster-when-you-cut-into-the-present\/"},"modified":"2020-08-21T09:16:40","modified_gmt":"2020-08-21T08:16:40","slug":"when-you-cut-into-the-present","status":"publish","type":"product","link":"https:\/\/grappa.no\/no\/albums\/hubro\/when-you-cut-into-the-present\/","title":{"rendered":"When You Cut Into The Present"},"content":{"rendered":"<p><\/p>\n<p>Kraftpakke fra M\u00f8ster!  P\u00e5 sin tredje albumutgivelse p\u00e5 like mange \u00e5r har Kjetil M\u00f8sters band M\u00f8ster! tatt enda et syvmilssteg opp og frem. Vi m\u00f8ter et om mulig enda tettere, samkj\u00f8rt og samspilt band enn p\u00e5 de to tidligere albumene. Det h\u00f8res at bandet har spilt en rekke konserter siden sist. Det nye albumet ble spilt inn i en pause i en lengre splitturn\u00e9 med det norsk-amerikanske bandet The Young Mothers. S\u00e5 h\u00f8yt var energiniv\u00e5et i studio denne gangen at albumet vil f\u00e5 h\u00f8yttalere dine til \u00e5 svette.  M\u00f8ster! fikk med sitt forrige album \u00abInner Earth\u00bb  kritikerne til \u00e5 hente frem b\u00e5de superlativene og seigflytende lava \/ vulkanutbrudd sammenligninger over en lav sko. Britiske Rock-A-Rolla mente at albumets finale l\u00f8d som \u00abkuluminasjonen av M\u00f8sters infernalske potensial i en tilintetgj\u00f8rende lavaflom som sprenger seg gjennom alle tilgjengelige ventiler og \u00e5pninger\u00bb. P\u00e5 albumet tok bandet et steg i retning prog-rocken og bygget sakte og med stor t\u00e5lmodighet opp mot et enormt klimaks. P\u00e5 \u00abWhen You Cut Into The Present\u00bb er sakte oppbygning byttet ut med en mer \u00abrett p\u00e5\u00bb og konfronterende effektiv stil.  Progrock, psykedelia og John Coltrane sin jazz er fortsatt \u00e5penbare inspirasjonskilder for bandet, men de deler denne gangen ogs\u00e5 blodbaner med alt fra King Crimson i Red-perioden, Alice Coltrane og krautrockmesterne i Can. Bandet g\u00e5r h\u00f8yt ut allerede fra start og presser seg gjennom hele albumet mot ekstase gjennom stadige soniske overskridelser og  maratonutholden grooving. Resultatet er en avhengighetsskapende, fengende og alltid kreativ utbl\u00e5sning av et album, som vil f\u00e5 pulsen til \u00e5 stige og klistre gliset i ansiktet hos mange musikkinteresserte.  Saksofonist Kjetil M\u00f8ster er tilsynelatende over alt \u2013 hele tiden. Han spiller i en rekke jazz og improvisjons band, men opptrer ogs\u00e5 regelmessig med R\u00f8yksopp &amp; Robyn, Datarock, King Midas og Lars Vaular. Siden sist har han ogs\u00e5 gitt ut et album med den ungarske trioen Ju, og gjort et f\u00f8rste konsertsamarbeid med Chicagomusikerne Jeff Parker og John Herndon (Tortise) og Joshua Abrahams (Town &amp; Country). Men det er ingen tvil om at det er M\u00f8ster! som er hovedprosjektet og hjertebarnet hans.  Bandet best\u00e5r som forrige gang foruten Kjetil M\u00f8ster selv av legendariske Hans Magnus \u2019Snah\u2019 Ryan, gitarist\/vokalist i Motorpsycho, Nikolai H\u00e6ngsle Eilertsen, bassist i Elephan9 og BigBang, og den allestedsv\u00e6rende trommeslager Kenneth Kapstad, ogs\u00e5 fra Motorpsycho og Monolithic.  \u00abWhen You Cut Into The Future\u00bb ble innspilt i \u00d8ra Studio i Trondheim med tekniker Jo Ranheim. De ble mikset av Christian Engfelt, Kjetil M\u00f8ster og Nikolai H\u00e6ngsle Eilertsen i Engfelt\/Forsgren studio i Oslo og mastret at J\u00f8rgen Tr\u00e6en i Grotten, Bergen.  \u2028Albumet kommer b\u00e5de p\u00e5 CD og som 180g LP i 500 eksemplarer i gatefold cover med  CD inkludert.  Konserter: 2. oktober: Trondheim, Dokkhuset 3. oktober: Oslo, Vulkan 9. oktober: Stavanger, Tou Scene 10. oktober: Bergen, USF R\u00f8keriet<\/p>\n<p><!--more--><\/p>\n<p>P\u00e5 sin tredje albumutgivelse p\u00e5 like mange \u00e5r har Kjetil M\u00f8sters band M\u00f8ster! tatt enda et syvmilssteg opp og frem. Vi m\u00f8ter et om mulig enda tettere, samkj\u00f8rt og samspilt band enn p\u00e5 de to tidligere albumene. Det h\u00f8res at bandet har spilt en rekke konserter siden sist. Det nye albumet ble spilt inn i en pause i en lengre splitturn\u00e9 med det norsk-amerikanske bandet The Young Mothers. S\u00e5 h\u00f8yt var energiniv\u00e5et i studio denne gangen at albumet vil f\u00e5 h\u00f8yttalere dine til \u00e5 svette.<\/p>\n<h4>Rett p\u00e5<\/h4>\n<p>P\u00e5 \u00abWhen You Cut Into The Present\u00bb er sakte oppbygning byttet ut med en mer \u00abrett p\u00e5\u00bb og konfronterende effektiv stil.  Progrock, psykedelia og John Coltrane sin jazz er fortsatt \u00e5penbare inspirasjonskilder for bandet, men de deler denne gangen ogs\u00e5 blodbaner med alt fra King Crimson i Red-perioden, Alice Coltrane og krautrockmesterne i Can. Bandet g\u00e5r h\u00f8yt ut allerede fra start og presser seg gjennom hele albumet mot ekstase gjennom stadige soniske overskridelser og  maratonutholden grooving. Resultatet er en avhengighetsskapende, fengende og alltid kreativ utbl\u00e5sning av et album, som vil f\u00e5 pulsen til \u00e5 stige og klistre gliset i ansiktet hos mange musikkinteresserte.<\/p>\n<h4>Kjetil M\u00f8ster<\/h4>\n<p>Saksofonist Kjetil M\u00f8ster er tilsynelatende over alt \u2013 hele tiden. Han spiller i en rekke jazz og improvisjons band, men opptrer ogs\u00e5 regelmessig med R\u00f8yksopp &amp; Robyn, Datarock, King Midas og Lars Vaular. Siden sist har han ogs\u00e5 gitt ut et album med den ungarske trioen Ju, og gjort et f\u00f8rste konsertsamarbeid med Chicagomusikerne Jeff Parker og John Herndon (Tortise) og Joshua Abrahams (Town &amp; Country). Men det er ingen tvil om at det er M\u00f8ster! som er hovedprosjektet og hjertebarnet hans.  Bandet best\u00e5r som forrige gang foruten Kjetil M\u00f8ster selv av legendariske Hans Magnus \u2019Snah\u2019 Ryan, gitarist\/vokalist i Motorpsycho, Nikolai H\u00e6ngsle Eilertsen, bassist i Elephan9 og BigBang, og den allestedsv\u00e6rende trommeslager Kenneth Kapstad, ogs\u00e5 fra Motorpsycho og Monolithic.  \u00abWhen You Cut Into The Future\u00bb ble innspilt i \u00d8ra Studio i Trondheim med tekniker Jo Ranheim. De ble mikset av Christian Engfelt, Kjetil M\u00f8ster og Nikolai H\u00e6ngsle Eilertsen i Engfelt\/Forsgren studio i Oslo og mastret at J\u00f8rgen Tr\u00e6en i Grotten, Bergen.  \u2028Albumet kommer b\u00e5de p\u00e5 CD og som 180g LP i 500 eksemplarer i gatefold cover med  CD inkludert.<\/p>\n<h4>Konserter<\/h4>\n<p>2. oktober: Trondheim, Dokkhuset 3. oktober: Oslo, Vulkan 9. oktober: Stavanger, Tou Scene 10. oktober: Bergen, USF R\u00f8keriet<\/p>\n<p><\/p>","protected":false},"excerpt":{"rendered":"<p>Bandet g\u00e5r h\u00f8yt ut allerede fra start og presser seg gjennom hele albumet mot ekstase gjennom stadige soniske overskridelser og maratonutholden grooving.<\/p>\n","protected":false},"featured_media":27445,"comment_status":"closed","ping_status":"open","template":"","meta":[],"product_brand":[],"product_cat":[36],"product_tag":[],"class_list":{"0":"post-35240","1":"product","2":"type-product","3":"status-publish","4":"has-post-thumbnail","6":"product_cat-hubro","7":"product_shipping_class-cddvd-shipping","8":"uni_artist_tag-hans-magnus-ryan","9":"uni_artist_tag-kenneth-kapstad","10":"uni_artist_tag-kjetil-moster","11":"uni_artist_tag-moster","12":"uni_artist_tag-nikolai-haengsle-eilertsen","13":"uni_main_artist_tag-moster","14":"uni_artist_genre-instrumental","15":"uni_artist_genre-jazz","16":"uni_artist_genre-rock","18":"first","19":"instock","20":"taxable","21":"shipping-taxable","22":"purchasable","23":"product-type-variable","24":"has-default-attributes"},"_links":{"self":[{"href":"https:\/\/grappa.no\/no\/wp-json\/wp\/v2\/product\/35240","targetHints":{"allow":["GET"]}}],"collection":[{"href":"https:\/\/grappa.no\/no\/wp-json\/wp\/v2\/product"}],"about":[{"href":"https:\/\/grappa.no\/no\/wp-json\/wp\/v2\/types\/product"}],"replies":[{"embeddable":true,"href":"https:\/\/grappa.no\/no\/wp-json\/wp\/v2\/comments?post=35240"}],"wp:featuredmedia":[{"embeddable":true,"href":"https:\/\/grappa.no\/no\/wp-json\/wp\/v2\/media\/27445"}],"wp:attachment":[{"href":"https:\/\/grappa.no\/no\/wp-json\/wp\/v2\/media?parent=35240"}],"wp:term":[{"taxonomy":"product_brand","embeddable":true,"href":"https:\/\/grappa.no\/no\/wp-json\/wp\/v2\/product_brand?post=35240"},{"taxonomy":"product_cat","embeddable":true,"href":"https:\/\/grappa.no\/no\/wp-json\/wp\/v2\/product_cat?post=35240"},{"taxonomy":"product_tag","embeddable":true,"href":"https:\/\/grappa.no\/no\/wp-json\/wp\/v2\/product_tag?post=35240"}],"curies":[{"name":"wp","href":"https:\/\/api.w.org\/{rel}","templated":true}]}}