{"id":35237,"date":"2015-09-04T00:00:00","date_gmt":"2015-09-03T23:00:00","guid":{"rendered":"http:\/\/www.grappa.no\/albums\/uncategorized\/morten-qvenild-personal-piano\/"},"modified":"2020-08-21T09:16:38","modified_gmt":"2020-08-21T08:16:38","slug":"personal-piano","status":"publish","type":"product","link":"https:\/\/grappa.no\/no\/albums\/hubro\/personal-piano\/","title":{"rendered":"Personal Piano"},"content":{"rendered":"<p><\/p>\n<p>Solodebut fra s\u00e6regen tangentmagiker  De siste 15 \u00e5rene har pianist og tangentmann Morten Qvenild v\u00e6rt en av de mest kreative musikerne p\u00e5 den norske scenen. Qvenild har b\u00e5de en sjelden popteft og et stort hjerte for eksperimentering og improvisasjon. N\u00e5 kommer endelig hans etterlengtede f\u00f8rste soloalbum.   Mest kjent er kanskje Qvenild fra den uvanlige pianotrioen In the Country, duoen sPaceMonkey med trommeslager Gard Nilssen og som makkeren til Susanna Wallumr\u00f8d i Susanna &amp; the Magical Orchestra, men han har ogs\u00e5 spilt i en rekke andre band. Alt i alt har Qvenild bidratt p\u00e5 godt og vel 50 album med blant andre The National Bank, Solveig Slettahjell Slomo Quintet, Susanne Sundf\u00f8r, Arve Henriksen, Thomas Dybdahl, Marit Larsen, Nils Petter Molv\u00e6r, Shining, Jaga Jazzist, Frida \u00c5nnevik, Trinity og flere.   De siste \u00e5rene har Morten Qvenild jobbet med \u00e5 utvikle \u201cthe HyPer(sonal) Piano\u201d. &#8211; Ved \u00e5 integrere ulike typer elektronikk i flygelet har han utvidet den soniske paletten til instrumentet radikalt. De innfallsrike l\u00e5tene og improvisasjonene p\u00e5 solodebuten \u201cPersonal Piano\u201d danner en scene der en s\u00e6regen og tungt prossessert lydverden og et overrumplende inderlig musikalsk uttrykk f\u00e5r utspille seg. Musikken er for det meste instrumental, men Qvenild synger ogs\u00e5 p\u00e5 flere spor.  Musikken p\u00e5 \u201cPersonal Piano\u201d er en sum av Mortens personlige interesser og en lang rekke inspirasjonskilder: den fengende melodien, bj\u00f8rk, st\u00f8y, rastl\u00f8shet, sn\u00f8, James Blake, ord, tre, Radiohead, plastikk, \u00e5 l\u00f8pe, det abrupte, barnet, furua, melankolien, Frode Grytten, \u00e5 reise, \u00e5 reise for mye, \u00e5 ikke reise, \u00e5 reise til feil sted, hytta, aske, Olivier Messiaen, Hans B\u00f8rli, \u00e5 ikke vite, metall, elektroner, eufori, grubling, ski, undergrunn, Murakami, kajakk, country, p\u00e5 landet, in the country, de m\u00f8rke akkordene og det skimrende lyset.   Albumet er innspilt og produsert av Morten Qvenild selv i The Green Room, og mikset og mastret av J\u00f8rgen Tr\u00e6en.  Tilgjengelig som CD\/DL og i en deluxe LP edition (500 eksemplarer, 2LP, CD inkludert)<\/p>\n<p><!--more--><\/p>\n<p>De siste 15 \u00e5rene har pianist og tangentmann Morten Qvenild v\u00e6rt en av de mest kreative musikerne p\u00e5 den norske scenen. Qvenild har b\u00e5de en sjelden popteft og et stort hjerte for eksperimentering og improvisasjon. N\u00e5 kommer endelig hans etterlengtede f\u00f8rste soloalbum.<\/p>\n<h4>HyPer(sonal) Piano<\/h4>\n<p>De siste \u00e5rene har Morten Qvenild jobbet med \u00e5 utvikle \u201cthe HyPer(sonal) Piano\u201d. &#8211; Ved \u00e5 integrere ulike typer elektronikk i flygelet har han utvidet den soniske paletten til instrumentet radikalt. De innfallsrike l\u00e5tene og improvisasjonene p\u00e5 solodebuten \u201cPersonal Piano\u201d danner en scene der en s\u00e6regen og tungt prossessert lydverden og et overrumplende inderlig musikalsk uttrykk f\u00e5r utspille seg. Musikken er for det meste instrumental, men Qvenild synger ogs\u00e5 p\u00e5 flere spor.<\/p>\n<h4>Personlig album<\/h4>\n<p>Musikken p\u00e5 \u201cPersonal Piano\u201d er en sum av Mortens personlige interesser og en lang rekke inspirasjonskilder: den fengende melodien, bj\u00f8rk, st\u00f8y, rastl\u00f8shet, sn\u00f8, James Blake, ord, tre, Radiohead, plastikk, \u00e5 l\u00f8pe, det abrupte, barnet, furua, melankolien, Frode Grytten, \u00e5 reise, \u00e5 reise for mye, \u00e5 ikke reise, \u00e5 reise til feil sted, hytta, aske, Olivier Messiaen, Hans B\u00f8rli, \u00e5 ikke vite, metall, elektroner, eufori, grubling, ski, undergrunn, Murakami, kajakk, country, p\u00e5 landet, in the country, de m\u00f8rke akkordene og det skimrende lyset.   Albumet er innspilt og produsert av Morten Qvenild selv i The Green Room, og mikset og mastret av J\u00f8rgen Tr\u00e6en.  Tilgjengelig som CD\/DL og i en deluxe LP edition (500 eksemplarer, 2LP, CD inkludert)<\/p>\n<h4><\/h4>\n<p>De innfallsrike l\u00e5tene og improvisasjonene p\u00e5 solodebuten \u201cPersonal Piano\u201d danner en scene der en s\u00e6regen og tungt prossessert lydverden og et overrumplende inderlig musikalsk uttrykk f\u00e5r utspille seg.<\/p>\n<p><\/p>","protected":false},"excerpt":{"rendered":"<p>De siste 15 \u00e5rene har pianist og tangentmann Morten Qvenild v\u00e6rt en av de mest kreative musikerne p\u00e5 den norske scenen. Qvenild har b\u00e5de en sjelden popteft og et stort hjerte for eksperimentering og improvisasjon.<\/p>\n","protected":false},"featured_media":27442,"comment_status":"closed","ping_status":"open","template":"","meta":[],"product_brand":[],"product_cat":[36],"product_tag":[],"class_list":{"0":"post-35237","1":"product","2":"type-product","3":"status-publish","4":"has-post-thumbnail","6":"product_cat-hubro","7":"product_shipping_class-cddvd-shipping","8":"uni_artist_tag-calvin-harris","9":"uni_artist_tag-morten-qvenild","10":"uni_main_artist_tag-morten-qvenild","11":"uni_artist_genre-electronic","12":"uni_artist_genre-improvised-music","13":"uni_artist_genre-pop","15":"first","16":"instock","17":"taxable","18":"shipping-taxable","19":"purchasable","20":"product-type-variable","21":"has-default-attributes"},"_links":{"self":[{"href":"https:\/\/grappa.no\/no\/wp-json\/wp\/v2\/product\/35237","targetHints":{"allow":["GET"]}}],"collection":[{"href":"https:\/\/grappa.no\/no\/wp-json\/wp\/v2\/product"}],"about":[{"href":"https:\/\/grappa.no\/no\/wp-json\/wp\/v2\/types\/product"}],"replies":[{"embeddable":true,"href":"https:\/\/grappa.no\/no\/wp-json\/wp\/v2\/comments?post=35237"}],"wp:featuredmedia":[{"embeddable":true,"href":"https:\/\/grappa.no\/no\/wp-json\/wp\/v2\/media\/27442"}],"wp:attachment":[{"href":"https:\/\/grappa.no\/no\/wp-json\/wp\/v2\/media?parent=35237"}],"wp:term":[{"taxonomy":"product_brand","embeddable":true,"href":"https:\/\/grappa.no\/no\/wp-json\/wp\/v2\/product_brand?post=35237"},{"taxonomy":"product_cat","embeddable":true,"href":"https:\/\/grappa.no\/no\/wp-json\/wp\/v2\/product_cat?post=35237"},{"taxonomy":"product_tag","embeddable":true,"href":"https:\/\/grappa.no\/no\/wp-json\/wp\/v2\/product_tag?post=35237"}],"curies":[{"name":"wp","href":"https:\/\/api.w.org\/{rel}","templated":true}]}}