{"id":35234,"date":"2016-04-22T00:00:00","date_gmt":"2016-04-21T23:00:00","guid":{"rendered":"http:\/\/www.grappa.no\/albums\/uncategorized\/building-instrument-kem-som-kan-a-leve\/"},"modified":"2025-06-13T12:07:39","modified_gmt":"2025-06-13T11:07:39","slug":"kem-som-kan-a-leve","status":"publish","type":"product","link":"https:\/\/grappa.no\/no\/albums\/hubro\/kem-som-kan-a-leve\/","title":{"rendered":"Kem Som Kan \u00e5 Leve"},"content":{"rendered":"<p><\/p>\n<p>Vanedannende og underlig fengende.<\/p>\n<p>Trioen Building Instrument beveger seg i et slags fantasifullt ingenmannsland mellom elektronika, organisk pop og noe mer mystisk og eventyrlig, og hadde allerede bygget seg en solid fanskare f\u00f8r de platedebuterte til overstr\u00f8mmende kritikker i 2014. P\u00e5 deres andre album \u00abKem Som Kan \u00e5 Leve\u00bb er utrykket deres mer dr\u00f8mmeaktig, dypere, lydbildet er st\u00f8rre og mer innholdsrikt, og det er fortsatt snakk om sterkt vanedannende og underlig fengende musikk. Det nye albumet \u00abKem Som Kan \u00e5 Leve\u00bb ble laget i l\u00f8pet av en to\u00e5rs-periode og deler av materialet ble skrevet til en konsert inspirert av Kurt Schwitters kunst som ble bestilt av og fremf\u00f8rt p\u00e5 Henie Onstad Kunstsenter p\u00e5 H\u00f8vikodden i September 2015. Konserten markerte \u00e5pningen av et nytt permanent Kurt Schwitters utstillingsrom p\u00e5 senteret og ble arrangert som en del av Ultima-festivalen.<\/p>\n<p><!--more--><\/p>\n<p>Trioen Building Instrument beveger seg i et slags fantasifullt ingenmannsland mellom elektronika, organisk pop og noe mer mystisk og eventyrlig, og hadde allerede bygget seg en solid fanskare f\u00f8r de platedebuterte til overstr\u00f8mmende kritikker i 2014. P\u00e5 deres andre album \u00abKem Som Kan \u00e5 Leve\u00bb er utrykket deres mer dr\u00f8mmeaktig, dypere, lydbildet er st\u00f8rre og mer innholdsrikt, og det er fortsatt snakk om sterkt vanedannende og underlig fengende musikk.<\/p>\n<h4>Schwitters p\u00e5 H\u00f8vikodden<\/h4>\n<p>Det nye albumet \u00abKem Som Kan \u00e5 Leve\u00bb ble laget i l\u00f8pet av en to\u00e5rs-periode og deler av materialet ble skrevet til en konsert inspirert av Kurt Schwitters kunst som ble bestilt av og fremf\u00f8rt p\u00e5 Henie Onstad Kunstsenter p\u00e5 H\u00f8vikodden i September 2015. Konserten markerte \u00e5pningen av et nytt permanent Kurt Schwitters utstillingsrom p\u00e5 senteret og ble arrangert som en del av Ultima-festivalen.<\/p>\n<p>Den tyske kunstneren Kurt Schwitters (1887-1948) jobbet b\u00e5de som maler, kollasj-kunstner, lyd-dikter, og innstallasjonskunstner. Schwitters fluktet fra nazistene og bodde i periode p\u00e5 tredvetallet i eksil p\u00e5 Hjert\u00f8ya i Maris hjemkommune Molde, der han ogs\u00e5 bygget et av sine Merzbau i steinhytta han leide.<\/p>\n<p>&#8211; Og noen \u00e5penbare spor har Schwitters kunst ogs\u00e5 satt etter seg i trioens nye musikk: Vokal uten tekst eller med et oppdiktet spr\u00e5k er mer dominerende p\u00e5 dette albumet enn p\u00e5 det forrige, selv om tekstene i hovedsak fortsatt er p\u00e5 moldenser: \u00abDa vi jobbet med bestillingsverket fikk vi muligheten til \u00e5 jobbe mer med \u00e5 utvide eller utviske spr\u00e5kets meningsinnhold, p\u00e5 samme m\u00e5te som Schwitters gjorde i sine lyd-dikt\u00bb<\/p>\n<p>Albumet ble innspilt i Henie Onstad Kunstsenters legendariske \u00abStudio\u00bb sal samme uke som Schwitters-konserten ble uroppf\u00f8rt. Albumet ble senere mikset av produsent J\u00f8rgen Tr\u00e6en og Anders Bjelland.<\/p>\n<p>Turn\u00e9:<br \/>\n22. april: Dokkhuset, Trondheim<br \/>\n23. april: Nasjonal Jazzscene, Oslo<br \/>\n25. april: LYD, Haugesund<br \/>\n30. april: Bergen Jazzforum, Bergen<br \/>\n21. juli: Kube, \u00c5lesund<br \/>\n22. juli: Moldejazz, Molde<\/p>\n<h4><\/h4>\n<h4><\/h4>\n<p><\/p>\n<div class=\"ms-editor-squiggler\" style=\"color: initial; font: initial; font-feature-settings: initial; font-kerning: initial; font-optical-sizing: initial; font-variation-settings: initial; forced-color-adjust: initial; text-orientation: initial; text-rendering: initial; -webkit-font-smoothing: initial; -webkit-locale: initial; -webkit-text-orientation: initial; -webkit-writing-mode: initial; writing-mode: initial; zoom: initial; place-content: initial; place-items: initial; place-self: initial; alignment-baseline: initial; animation: initial; appearance: initial; aspect-ratio: initial; backdrop-filter: initial; backface-visibility: initial; background: initial; background-blend-mode: initial; baseline-shift: initial; block-size: initial; border-block: initial; border: initial; border-radius: initial; border-collapse: initial; border-end-end-radius: initial; border-end-start-radius: initial; border-inline: initial; border-start-end-radius: initial; border-start-start-radius: initial; inset: initial; box-shadow: initial; box-sizing: initial; break-after: initial; break-before: initial; break-inside: initial; buffered-rendering: initial; caption-side: initial; caret-color: initial; clear: initial; clip: initial; clip-path: initial; clip-rule: initial; color-interpolation: initial; color-interpolation-filters: initial; color-rendering: initial; color-scheme: initial; columns: initial; column-fill: initial; gap: initial; column-rule: initial; column-span: initial; contain: initial; contain-intrinsic-size: initial; content: initial; content-visibility: initial; counter-increment: initial; counter-reset: initial; counter-set: initial; cursor: initial; cx: initial; cy: initial; d: initial; display: block; dominant-baseline: initial; empty-cells: initial; fill: initial; fill-opacity: initial; fill-rule: initial; filter: initial; flex: initial; flex-flow: initial; float: initial; flood-color: initial; flood-opacity: initial; grid: initial; grid-area: initial; height: 0px; hyphens: initial; image-orientation: initial; image-rendering: initial; inline-size: initial; inset-block: initial; inset-inline: initial; isolation: initial; letter-spacing: initial; lighting-color: initial; line-break: initial; list-style: initial; margin-block: initial; margin: initial; margin-inline: initial; marker: initial; mask: initial; mask-type: initial; max-block-size: initial; max-height: initial; max-inline-size: initial; max-width: initial; min-block-size: initial; min-height: initial; min-inline-size: initial; min-width: initial; mix-blend-mode: initial; object-fit: initial; object-position: initial; offset: initial; opacity: initial; order: initial; origin-trial-test-property: initial; orphans: initial; outline: initial; outline-offset: initial; overflow-anchor: initial; overflow-wrap: initial; overflow: initial; overscroll-behavior-block: initial; overscroll-behavior-inline: initial; overscroll-behavior: initial; padding-block: initial; padding: initial; padding-inline: initial; page: initial; page-orientation: initial; paint-order: initial; perspective: initial; perspective-origin: initial; pointer-events: initial; position: initial; quotes: initial; r: initial; resize: initial; ruby-position: initial; rx: initial; ry: initial; scroll-behavior: initial; scroll-margin-block: initial; scroll-margin: initial; scroll-margin-inline: initial; scroll-padding-block: initial; scroll-padding: initial; scroll-padding-inline: initial; scroll-snap-align: initial; scroll-snap-stop: initial; scroll-snap-type: initial; shape-image-threshold: initial; shape-margin: initial; shape-outside: initial; shape-rendering: initial; size: initial; speak: initial; stop-color: initial; stop-opacity: initial; stroke: initial; stroke-dasharray: initial; stroke-dashoffset: initial; stroke-linecap: initial; stroke-linejoin: initial; stroke-miterlimit: initial; stroke-opacity: initial; stroke-width: initial; tab-size: initial; table-layout: initial; text-align: initial; text-align-last: initial; text-anchor: initial; text-combine-upright: initial; text-decoration: initial; text-decoration-skip-ink: initial; text-indent: initial; text-overflow: initial; text-shadow: initial; text-size-adjust: initial; text-transform: initial; text-underline-offset: initial; text-underline-position: initial; touch-action: initial; transform: initial; transform-box: initial; transform-origin: initial; transform-style: initial; transition: initial; user-select: initial; vector-effect: initial; vertical-align: initial; visibility: initial; -webkit-app-region: initial; border-spacing: initial; -webkit-border-image: initial; -webkit-box-align: initial; -webkit-box-decoration-break: initial; -webkit-box-direction: initial; -webkit-box-flex: initial; -webkit-box-ordinal-group: initial; -webkit-box-orient: initial; -webkit-box-pack: initial; -webkit-box-reflect: initial; -webkit-highlight: initial; -webkit-hyphenate-character: initial; -webkit-line-break: initial; -webkit-line-clamp: initial; -webkit-mask-box-image: initial; -webkit-mask: initial; -webkit-mask-composite: initial; -webkit-perspective-origin-x: initial; -webkit-perspective-origin-y: initial; -webkit-print-color-adjust: initial; -webkit-rtl-ordering: initial; -webkit-ruby-position: initial; -webkit-tap-highlight-color: initial; -webkit-text-combine: initial; -webkit-text-decorations-in-effect: initial; -webkit-text-emphasis: initial; -webkit-text-emphasis-position: initial; -webkit-text-fill-color: initial; -webkit-text-security: initial; -webkit-text-stroke: initial; -webkit-transform-origin-x: initial; -webkit-transform-origin-y: initial; -webkit-transform-origin-z: initial; -webkit-user-drag: initial; -webkit-user-modify: initial; white-space: initial; widows: initial; width: initial; will-change: initial; word-break: initial; word-spacing: initial; x: initial; y: initial; z-index: initial;\"><\/div>","protected":false},"excerpt":{"rendered":"<p>Trioen Building Instrument beveger seg i et slags fantasifullt ingenmannsland mellom elektronika, organisk pop og noe mer mystisk og eventyrlig, og hadde allerede bygget seg en solid fanskare f\u00f8r de platedebuterte til overstr\u00f8mmende kritikker i 2014.<\/p>\n","protected":false},"featured_media":29995,"comment_status":"closed","ping_status":"closed","template":"","meta":[],"product_brand":[],"product_cat":[36],"product_tag":[],"class_list":{"0":"post-35234","1":"product","2":"type-product","3":"status-publish","4":"has-post-thumbnail","6":"product_cat-hubro","7":"product_shipping_class-cddvd-shipping","8":"uni_artist_tag-asmund-weltzien","9":"uni_artist_tag-jorgen-traeen","10":"uni_artist_tag-mari-kvien-brunvoll","11":"uni_artist_tag-oyvind-hegg-lunde","12":"uni_main_artist_tag-building-instrument","13":"uni_artist_genre-improvised-music","14":"uni_artist_genre-jazz","15":"uni_artist_genre-pop","17":"first","18":"instock","19":"taxable","20":"shipping-taxable","21":"purchasable","22":"product-type-simple"},"_links":{"self":[{"href":"https:\/\/grappa.no\/no\/wp-json\/wp\/v2\/product\/35234","targetHints":{"allow":["GET"]}}],"collection":[{"href":"https:\/\/grappa.no\/no\/wp-json\/wp\/v2\/product"}],"about":[{"href":"https:\/\/grappa.no\/no\/wp-json\/wp\/v2\/types\/product"}],"replies":[{"embeddable":true,"href":"https:\/\/grappa.no\/no\/wp-json\/wp\/v2\/comments?post=35234"}],"wp:featuredmedia":[{"embeddable":true,"href":"https:\/\/grappa.no\/no\/wp-json\/wp\/v2\/media\/29995"}],"wp:attachment":[{"href":"https:\/\/grappa.no\/no\/wp-json\/wp\/v2\/media?parent=35234"}],"wp:term":[{"taxonomy":"product_brand","embeddable":true,"href":"https:\/\/grappa.no\/no\/wp-json\/wp\/v2\/product_brand?post=35234"},{"taxonomy":"product_cat","embeddable":true,"href":"https:\/\/grappa.no\/no\/wp-json\/wp\/v2\/product_cat?post=35234"},{"taxonomy":"product_tag","embeddable":true,"href":"https:\/\/grappa.no\/no\/wp-json\/wp\/v2\/product_tag?post=35234"}],"curies":[{"name":"wp","href":"https:\/\/api.w.org\/{rel}","templated":true}]}}