{"id":35231,"date":"2016-03-11T00:00:00","date_gmt":"2016-03-10T23:00:00","guid":{"rendered":"http:\/\/www.grappa.no\/albums\/uncategorized\/skadedyr-culturen\/"},"modified":"2020-08-21T09:16:37","modified_gmt":"2020-08-21T08:16:37","slug":"culturen","status":"publish","type":"product","link":"https:\/\/grappa.no\/no\/albums\/hubro\/culturen\/","title":{"rendered":"Culturen"},"content":{"rendered":"<p><\/p>\n<p>Overskuddspreget oppf\u00f8lger.  Skadedyr er en sjelden blomst. Besetning teller i alt 12 musikere og et enda st\u00f8rre instrumentarium. Med messingseksjon, gitarer, tangenter, vokal, to trommiser, stryk og trekkspill \u00f8ser de ut musikalske bilder og fortellinger. Musikken deres er b\u00e5de tilgjengelig og kompromissl\u00f8s og befinner seg i sjangermessig blekksprutspagat mellom en dr\u00f8ss ulike sjangere.  Skadedyr har p\u00e5 kort tid opparbeidet seg et rykte som et forrykende liveband, og det nye albumet ligger n\u00e6rmere opp til liveuttrykket enn debutalbumet \u201cKongekrabbe\u201d, som lydmessig hadde et mer syrebadet uttrykk. Denne gangen m\u00f8ter vi et mer akustisk-klingende band, og man kan enda lettere h\u00f8re at det er en samspilt gjeng vi har \u00e5 gj\u00f8re med.  Konserter:\u2028 29. mars\tDokkhuset, Trondheim 30. mars \tNasjonal Jazzscene Victoria, Oslo 01. april\tBergen Jazzforum, Bergen 07. juli\tKongsberg Jazzfestival, Kongsberg<\/p>\n<p><!--more--><\/p>\n<p>Skadedyr er en sjelden blomst. Besetning teller i alt 12 musikere og et enda st\u00f8rre instrumentarium. Med messingseksjon, gitarer, tangenter,\u00a0vokal, to trommiser, stryk og trekkspill \u00f8ser de ut musikalske bilder og fortellinger. Musikken deres er b\u00e5de tilgjengelig og kompromissl\u00f8s og\u00a0befinner seg i sjangermessig blekksprutspagat mellom en dr\u00f8ss ulike sjangere.\u00a0<\/p>\n<h4>Band med stor B<\/h4>\n<p>Skadedyr ble startet av Heida Karine J\u00f3hannesd\u00f3ttir Mobeck og Anja Lauvdal. Det to stod bak det id\u00e9rike l\u00e5tmaterialet p\u00e5 debutalbumet, men denne gangen bidrar ogs\u00e5 flere av bandmedlemmene med l\u00e5ter. Albumet er for en stor del instrumentalt, men som p\u00e5 debuten er et dikt av Ivar \u00c5asen med her, denne gangen i tittell\u00e5ten Culturen.  Bandets medlemsmasse er sv\u00e6rt aktive og gj\u00f8r seg bemerket i stadig flere spennende musikalsk sammenhenger. Allikevel insisterer alle involverte p\u00e5 at Skadedyr er et Band med stor B, og ikke et prosjekt. Broen, Jenny Hval, Susanna, Moskus, Sn\u00f8skred, Trondheim Jazzorkester, Skrap og Hullyboo er bare en liten br\u00f8kdel av prosjektene bandmedlemmene er innom for tiden.   \u201cCulturen\u201d\u00a0er innspilt og mikset av Morgan Nicolaysen i Propeller Studio i Oslo.  Konserter:  29.\u00a0mars\tDokkhuset, Trondheim 30.\u00a0mars\u00a0Nasjonal Jazzscene Victoria, Oslo 01.\u00a0april\tBergen Jazzforum, Bergen 07.\u00a0juli\tKongsberg Jazzfestival, Kongsberg<\/p>\n<h4><\/h4>\n<p><h4><\/h4>\n<\/p>\n<p><\/p>","protected":false},"excerpt":{"rendered":"<p>Musikken deres er b\u00e5de tilgjengelig og kompromissl\u00f8s og befinner seg i sjangermessig blekksprutspagat mellom en dr\u00f8ss ulike sjangere.<\/p>\n","protected":false},"featured_media":28658,"comment_status":"closed","ping_status":"open","template":"","meta":[],"product_brand":[],"product_cat":[36],"product_tag":[],"class_list":{"0":"post-35231","1":"product","2":"type-product","3":"status-publish","4":"has-post-thumbnail","6":"product_cat-hubro","7":"product_shipping_class-cddvd-shipping","8":"uni_artist_tag-adrian-loseth-waade","9":"uni_artist_tag-anja-lauvdal","10":"uni_artist_tag-fredrik-luhr-dietrichson","11":"uni_artist_tag-hans-hulbaekmo","12":"uni_artist_tag-heida-karine-johannesdottir-mobeck","13":"uni_artist_tag-heida-katine-johannesdottir-mobeck","14":"uni_artist_tag-henrik-munkeby-norstebo","15":"uni_artist_tag-ida-lovli-hidle","16":"uni_artist_tag-ina-sagstuen","17":"uni_artist_tag-lars-ove-fossheim","18":"uni_artist_tag-marius-klovning","19":"uni_artist_tag-morgan-nicolaysen","20":"uni_artist_tag-oystein-aarnes-vik","21":"uni_artist_tag-skadedyr","22":"uni_artist_tag-torstein-lavik-larsen","23":"uni_main_artist_tag-skadedyr","24":"uni_artist_genre-avantgarde","25":"uni_artist_genre-instrumental","26":"uni_artist_genre-jazz","27":"uni_artist_genre-rock","29":"first","30":"instock","31":"taxable","32":"shipping-taxable","33":"purchasable","34":"product-type-variable","35":"has-default-attributes"},"_links":{"self":[{"href":"https:\/\/grappa.no\/no\/wp-json\/wp\/v2\/product\/35231","targetHints":{"allow":["GET"]}}],"collection":[{"href":"https:\/\/grappa.no\/no\/wp-json\/wp\/v2\/product"}],"about":[{"href":"https:\/\/grappa.no\/no\/wp-json\/wp\/v2\/types\/product"}],"replies":[{"embeddable":true,"href":"https:\/\/grappa.no\/no\/wp-json\/wp\/v2\/comments?post=35231"}],"wp:featuredmedia":[{"embeddable":true,"href":"https:\/\/grappa.no\/no\/wp-json\/wp\/v2\/media\/28658"}],"wp:attachment":[{"href":"https:\/\/grappa.no\/no\/wp-json\/wp\/v2\/media?parent=35231"}],"wp:term":[{"taxonomy":"product_brand","embeddable":true,"href":"https:\/\/grappa.no\/no\/wp-json\/wp\/v2\/product_brand?post=35231"},{"taxonomy":"product_cat","embeddable":true,"href":"https:\/\/grappa.no\/no\/wp-json\/wp\/v2\/product_cat?post=35231"},{"taxonomy":"product_tag","embeddable":true,"href":"https:\/\/grappa.no\/no\/wp-json\/wp\/v2\/product_tag?post=35231"}],"curies":[{"name":"wp","href":"https:\/\/api.w.org\/{rel}","templated":true}]}}