{"id":35228,"date":"2015-11-06T00:00:00","date_gmt":"2015-11-05T23:00:00","guid":{"rendered":"http:\/\/www.grappa.no\/albums\/uncategorized\/splashgirl-hibernation\/"},"modified":"2020-08-21T09:16:35","modified_gmt":"2020-08-21T08:16:35","slug":"hibernation","status":"publish","type":"product","link":"https:\/\/grappa.no\/no\/albums\/hubro\/hibernation\/","title":{"rendered":"Hibernation"},"content":{"rendered":"<p><\/p>\n<p>Splashgirls femte  Doom-jazz trioen Splashgirl har en spesiell plass i HUBRO-katalogen, og var det f\u00f8rste bandet som utga plate p\u00e5 etiketten. Deres to foreg\u00e5ende album  \u201dField Day Rituals\u201d og \u00abPressure\u00bb fikk begge overstr\u00f8mmende anmeldelser og havnet p\u00e5 mange \u00e5rsbestelister i internasjonal musikkpresse. Bandet har bidratt til \u00e5 plante det vesle HUBRO-flagget p\u00e5 verdenskartet. Splashgirl har p\u00e5 sitt femte album \u201cHibernation\u201d videref\u00f8rt det n\u00e6re samarbeidet med tekniker og produsent Randall Dunn (Earth, Sunn O))), Marissa Nadler). -Et samarbeid som startet da Dunn mikset gjennombruddsalbumet \u201cPressure\u201d fra 2011. \u201cHibernation\u201d skiller seg vesentlig fra bandets tidligere utgivelser. Lydbildet har aldri v\u00e6rt mer utvidet og utforskende, og bruken av synther, elektronikk og prosessering tar mer plass n\u00e5 enn tidligere.  Albumet ble innspilt i l\u00f8pet av en intens uke i Hljodriti studio i Hafnarfj\u00f6rdur p\u00e5 Island. Seattlebaserte Skerik bidrar med saksofoner og elektronikk. Musikken p\u00e5 Hibernation er detaljrik, fengende, seig og med st\u00f8dig fremdrift og kraftig motor. Bandet l\u00e5ter n\u00e5 bedre enn noen gang.  Tilgjengelig som CD\/DL og i en meget p\u00e5kostet deluxe 2LP utgave (500 kopier, gatefold cover, 180g vinyl, 45 rpm) Kuttet av Jason Ward p\u00e5 Chicago Mastering Studio.  Releasekonsert i T\u00f8yenkirken, Oslo &#8211; 12. november<\/p>\n<p><!--more--><\/p>\n<p>Doom-jazz trioen Splashgirl har en spesiell plass i HUBRO-katalogen, og var det f\u00f8rste bandet som utga plate p\u00e5 etiketten. Deres to foreg\u00e5ende album  \u201dField Day Rituals\u201d og \u00abPressure\u00bb fikk begge overstr\u00f8mmende anmeldelser og havnet p\u00e5 mange \u00e5rsbestelister i internasjonal musikkpresse. Bandet har bidratt til \u00e5 plante det vesle HUBRO-flagget p\u00e5 verdenskartet.<\/p>\n<h4>Musikalsk overskudd<\/h4>\n<p>Denne gangen inviterte bandet produsenten inn i prossessen p\u00e5 et tidligere tidspunkt \u2013 allerede f\u00f8r l\u00e5tene var ferdig inn\u00f8vd og utformet. \u201cDet var befriende for oss \u00e5 stille mindre forberedt enn vanlig til f\u00f8rste m\u00f8te med Randall. Det f\u00f8rte til et vanvittig musikalsk overskudd i studio og en veldig god f\u00f8lelse av \u00e5 ikke ha noe \u00e5 tape eller forsvare. Vi sitter med f\u00f8lelsen av \u00e5 ha \u00e5pnet mange nye d\u00f8rer for oss selv som band.\u00bb  Musikken p\u00e5 Hibernation er detaljrik, fengende, seig og med st\u00f8dig fremdrift og kraftig motor. Bandet l\u00e5ter n\u00e5 bedre enn noen gang.  Tilgjengelig som CD\/DL og i en meget p\u00e5kostet deluxe 2LP utgave (500 kopier, gatefold cover, 180g vinyl, 45 rpm) Kuttet av Jason Ward p\u00e5 Chicago Mastering Studio.  Releasekonsert i T\u00f8yenkirken, Oslo &#8211; 12. november<\/p>\n<h4><\/h4>\n<p><h4><\/h4>\n<\/p>\n<p><\/p>","protected":false},"excerpt":{"rendered":"<p>\u201cHibernation\u201d skiller seg vesentlig fra bandets tidligere utgivelser. Lydbildet har aldri v\u00e6rt mer utvidet og utforskende, og bruken av synther, elektronikk og prosessering tar mer plass n\u00e5 enn tidligere.<\/p>\n","protected":false},"featured_media":27439,"comment_status":"closed","ping_status":"open","template":"","meta":[],"product_brand":[],"product_cat":[36],"product_tag":[],"class_list":{"0":"post-35228","1":"product","2":"type-product","3":"status-publish","4":"has-post-thumbnail","6":"product_cat-hubro","7":"product_shipping_class-cddvd-shipping","8":"uni_artist_tag-andreas-lonmo-knudsrod","9":"uni_artist_tag-andreas-stensland-lowe","10":"uni_artist_tag-jo-berger-myhre","11":"uni_artist_tag-randall-dunn","12":"uni_artist_tag-skerik","13":"uni_artist_tag-splashgirl","14":"uni_main_artist_tag-splashgirl","15":"uni_artist_genre-avantgarde","16":"uni_artist_genre-improvised-music","17":"uni_artist_genre-instrumental","18":"uni_artist_genre-jazz","20":"first","21":"instock","22":"taxable","23":"shipping-taxable","24":"purchasable","25":"product-type-variable","26":"has-default-attributes"},"_links":{"self":[{"href":"https:\/\/grappa.no\/no\/wp-json\/wp\/v2\/product\/35228","targetHints":{"allow":["GET"]}}],"collection":[{"href":"https:\/\/grappa.no\/no\/wp-json\/wp\/v2\/product"}],"about":[{"href":"https:\/\/grappa.no\/no\/wp-json\/wp\/v2\/types\/product"}],"replies":[{"embeddable":true,"href":"https:\/\/grappa.no\/no\/wp-json\/wp\/v2\/comments?post=35228"}],"wp:featuredmedia":[{"embeddable":true,"href":"https:\/\/grappa.no\/no\/wp-json\/wp\/v2\/media\/27439"}],"wp:attachment":[{"href":"https:\/\/grappa.no\/no\/wp-json\/wp\/v2\/media?parent=35228"}],"wp:term":[{"taxonomy":"product_brand","embeddable":true,"href":"https:\/\/grappa.no\/no\/wp-json\/wp\/v2\/product_brand?post=35228"},{"taxonomy":"product_cat","embeddable":true,"href":"https:\/\/grappa.no\/no\/wp-json\/wp\/v2\/product_cat?post=35228"},{"taxonomy":"product_tag","embeddable":true,"href":"https:\/\/grappa.no\/no\/wp-json\/wp\/v2\/product_tag?post=35228"}],"curies":[{"name":"wp","href":"https:\/\/api.w.org\/{rel}","templated":true}]}}