{"id":35225,"date":"2017-01-20T00:00:00","date_gmt":"2017-01-19T23:00:00","guid":{"rendered":"http:\/\/www.grappa.no\/albums\/uncategorized\/1982-chromola\/"},"modified":"2020-08-21T09:16:33","modified_gmt":"2020-08-21T08:16:33","slug":"chromola","status":"publish","type":"product","link":"https:\/\/grappa.no\/no\/albums\/hubro\/chromola\/","title":{"rendered":"Chromola"},"content":{"rendered":"<p><\/p>\n<p>Triokraft  Det finnes mange forskjellige trioer: \u00abpower-trioer\u00bb, pianotrioer og klavertrioer osv. Det mest distinkte med 1982, trioen best\u00e5ende av Nils \u00d8kland, Sigbj\u00f8rn Apeland og \u00d8yvind Skarb\u00f8, bortsett fra den unike instrumenteringen hardingfele, tr\u00f8orgel og trommer, er empatien gruppen som helhet fremviser. Hypersensitiviteten hvert medlem responderer p\u00e5 de andres bidrag med. Denne trioen s\u00f8ker \u00e5penbart mot et felles m\u00e5l, uansett hvor obskurt eller ukjent dette m\u00e5let m\u00e5tte v\u00e6re.  Det nye albumet Chromola utgis i forbindelse med bandets ti-\u00e5rs jubileum. Her vender trioen tilbake til sin reneste form og opptrer igjen uten gjester. Albumet ble i all hovedsak innspilt i Sandviken kirke i Bergen dagen etter en kveldskonsert, men henter ogs\u00e5 materiale fra denne konserten. Det er flere unike kvaliteter med det nye albumet, men det kanskje mest fremtredende og nye denne gangen er at Sigbj\u00f8rn Apeland bytter ut tr\u00f8orgelet mot kirkeorgel p\u00e5 alle spor utenom det siste. Man kunne kanskje ha ventet at bruken av orgel ville ha ledet musikken i en mer kontemplativ retning. Men det er mer smak av progrock eller minimalisme \u00e0 la Terry Riley og John Cale her enn av kirkekaffe og liturgisk spill. Det kanskje mest sl\u00e5ende med albumet Chromola er at alle enkeltelementene f\u00f8les som bestanddeler i i ett stort stykke, selv om spennvidden totalt sett er veldig stor. Dette er improvisert musikk av ypperste slag.  Turn\u00e9: 14.01: AMR, Gen\u00e9ve (CH) 26.01: Biermannsg\u00e5rden, Oslo (N) 27.01: Earwaves, Stavanger (N) 28.01: Stord jazzklubb, Stord (N) 29.01: Kabuso, \u00d8ystese (N) 30.01: LYD, Haugesund (N) 31.01: Playdate, Bergen (N) 25.04: V\u00e5r Frue Kirke, Trondheim (N) 02.05: Arena, Moss (N) 24.05: Nutshell, Nordheimsund (N)<\/p>\n<p><!--more--><\/p>\n<p>Det finnes mange forskjellige trioer: \u00abpower-trioer\u00bb, pianotrioer og klavertrioer osv. Det mest distinkte med 1982, trioen best\u00e5ende av Nils \u00d8kland, Sigbj\u00f8rn Apeland og \u00d8yvind Skarb\u00f8, bortsett fra den unike instrumenteringen hardingfele, tr\u00f8orgel og trommer, er empatien gruppen som helhet fremviser. Hypersensitiviteten hvert medlem responderer p\u00e5 de andres bidrag med. Denne trioen s\u00f8ker \u00e5penbart mot et felles m\u00e5l, uansett hvor obskurt eller ukjent dette m\u00e5let m\u00e5tte v\u00e6re. En slik ekstrem \u00e5rv\u00e5kenhet overfor endringer i stemning og nyanser i hver eneste (totalt improviserte) fremf\u00f8ring er sjelden i enhver type musikk. 1982 har gjort dette til sin signatur.<\/p>\n<h4>Orgel<\/h4>\n<p>Det nye albumet Chromola utgis i forbindelse med bandets ti-\u00e5rs jubileum. Her vender trioen tilbake til sin reneste form og opptrer igjen uten gjester. Albumet ble i all hovedsak innspilt i Sandviken kirke i Bergen dagen etter en kveldskonsert, men henter ogs\u00e5 materiale fra denne konserten. Tekniker var  Davide Bertolini, som har jobbet med alle trioens utgivelser s\u00e5 langt. Det er flere unike kvaliteter med det nye albumet, men det kanskje mest fremtredende og nye denne gangen er at Sigbj\u00f8rn Apeland bytter ut tr\u00f8orgelet mot kirkeorgel p\u00e5 alle spor utenom det siste.  Man kunne kanskje ha ventet at bruken av orgel ville ha ledet musikken i en mer kontemplativ retning. Men det er mer smak av progrock eller minimalisme \u00e0 la Terry Riley og John Cale her enn av kirkekaffe og liturgisk spill. P\u00e5 de to \u00e5pningssporene leder Apelands sp\u00f8kelsesaktige droner, jamring og ornamentale lydb\u00f8lger tankene mot tidlig Pink Floyd, forsterket av trommeslager Skarb\u00f8s bruk av paukek\u00f8ller og tung, skaml\u00f8st kj\u00f8ttfull puls.   H\u00f8rt mellom Apelands atmosf\u00e6riske orgel-bobling og f\u00f8lelsesladede mini-kadenser, og Skarb\u00f8s  smittende glede over \u00e5 finne en groove og s\u00e5 holde seg til den, f\u00f8les det som om \u00d8klands felespill f\u00e5r en ny blues-aktig farge og retning. Noen ganger spiller han som om han var besatt. Hans lange folkemusikkfargede linjer fortsetter videre og videre, og n\u00e5r h\u00f8yde etter h\u00f8yde, og demonstrer hans virtuositet som solist \u2013 uansett musikalsk setting.<\/p>\n<h4>Stor spennvidde<\/h4>\n<p>P\u00e5 Chromola m\u00f8ter vi en trio med en velutviklet sans for intens utforsking innenfor selvbestemte grenser. De g\u00e5r hele tiden videre og videre inn i en sonisk palett som henter sine farger fra de ulike instrumentene og fra kirkerommet albumet ble innspilt i. Det f\u00f8les som om vi som lyttere kommer lenger og lenger inn mot kjernen etterhvert som utforskingen fortsetter. Dette er improvisert musikk av ypperste slag.P\u00e5 de p\u00e5f\u00f8lgende sporene vender de tilbake til det som kanskje kan beskrives som mer velkjent eksperimenterende modus, f\u00f8r pulsen dras opp igjen en rekke ganger. Det kanskje mest sl\u00e5ende med albumet Chromola er at alle enkeltelementene f\u00f8les som bestanddeler i ett stort stykke, selv om spennvidden totalt sett er veldig stor.<\/p>\n<h4>Turn\u00e9<\/h4>\n<p>14.01: AMR, Gen\u00e9ve (CH) 26.01: Biermannsg\u00e5rden, Oslo (N) 27.01: Earwaves, Stavanger (N) 28.01: Stord jazzklubb, Stord (N) 29.01: Kabuso, \u00d8ystese (N) 30.01: LYD, Haugesund (N) 31.01: Playdate, Bergen (N) 25.04: V\u00e5r Frue Kirke, Trondheim (N) 02.05: Arena, Moss (N) 24.05: Nutshell, Nordheimsund (N)<\/p>\n<p><\/p>","protected":false},"excerpt":{"rendered":"<p>Denne trioen s\u00f8ker \u00e5penbart mot et felles m\u00e5l, uansett hvor obskurt eller ukjent dette m\u00e5let m\u00e5tte v\u00e6re.<\/p>\n","protected":false},"featured_media":32628,"comment_status":"closed","ping_status":"open","template":"","meta":[],"product_brand":[],"product_cat":[36],"product_tag":[],"class_list":{"0":"post-35225","1":"product","2":"type-product","3":"status-publish","4":"has-post-thumbnail","6":"product_cat-hubro","7":"product_shipping_class-cddvd-shipping","8":"uni_artist_tag-2420","9":"uni_artist_tag-andreas-risanger-meland","10":"uni_artist_tag-nils-okland","11":"uni_artist_tag-oyvind-skarbo","12":"uni_artist_tag-sigbjorn-apeland","13":"uni_main_artist_tag-5297","14":"uni_artist_genre-improvised-music","15":"uni_artist_genre-instrumental","17":"first","18":"instock","19":"taxable","20":"shipping-taxable","21":"purchasable","22":"product-type-variable","23":"has-default-attributes"},"_links":{"self":[{"href":"https:\/\/grappa.no\/no\/wp-json\/wp\/v2\/product\/35225","targetHints":{"allow":["GET"]}}],"collection":[{"href":"https:\/\/grappa.no\/no\/wp-json\/wp\/v2\/product"}],"about":[{"href":"https:\/\/grappa.no\/no\/wp-json\/wp\/v2\/types\/product"}],"replies":[{"embeddable":true,"href":"https:\/\/grappa.no\/no\/wp-json\/wp\/v2\/comments?post=35225"}],"wp:featuredmedia":[{"embeddable":true,"href":"https:\/\/grappa.no\/no\/wp-json\/wp\/v2\/media\/32628"}],"wp:attachment":[{"href":"https:\/\/grappa.no\/no\/wp-json\/wp\/v2\/media?parent=35225"}],"wp:term":[{"taxonomy":"product_brand","embeddable":true,"href":"https:\/\/grappa.no\/no\/wp-json\/wp\/v2\/product_brand?post=35225"},{"taxonomy":"product_cat","embeddable":true,"href":"https:\/\/grappa.no\/no\/wp-json\/wp\/v2\/product_cat?post=35225"},{"taxonomy":"product_tag","embeddable":true,"href":"https:\/\/grappa.no\/no\/wp-json\/wp\/v2\/product_tag?post=35225"}],"curies":[{"name":"wp","href":"https:\/\/api.w.org\/{rel}","templated":true}]}}