{"id":35222,"date":"2015-06-05T00:00:00","date_gmt":"2015-06-04T23:00:00","guid":{"rendered":"http:\/\/www.grappa.no\/albums\/uncategorized\/finland-rainy-omen\/"},"modified":"2020-08-21T09:16:31","modified_gmt":"2020-08-21T08:16:31","slug":"rainy-omen","status":"publish","type":"product","link":"https:\/\/grappa.no\/no\/albums\/hubro\/rainy-omen\/","title":{"rendered":"Rainy Omen"},"content":{"rendered":"<p><\/p>\n<p>Overskuddspreget debut fra erfarent band  Finland har eksistert helt siden 2010, men \u00abRainy Omen\u00bb er allikevel deres f\u00f8rste utgivelse. Finland best\u00e5r av fire musikere som det siste ti\u00e5ret har satt et stor fotavtrykk i norsk musikkliv og som til sammen har et utall av band og utgivelser p\u00e5 samvittigheten. Bandet er mer et overskuddsprosjekt enn et sideprosjekt \u2013 og nettopp musikalsk overskudd er noe som preger debututgivelsen.   Finland best\u00e5r av gitarist Ivar Grydeland (Huntsville), trommeslager P\u00e5l Hausken (In The Country, Ida Jenshus), tangent-magiker Morten Qvenild (In The Country, sPaceMonkey, Susanna &amp; The Magical Orchestra), og den fantastiske bassisten Jo Berger Myhre (Splashgirl, Nils Petter Molv\u00e6r, Mariam the Believer). I Finland utforsker de mer rocka, umiddelbar og utadvendt musikk enn i mange av de andre bandene de er aktive med. Musikken tar opp i seg en leksikal mengde sjangere og inspirasjonskilder, og debutalbumet dokumenterer det punktet der ulike musikalske veier og musikalske dialoger finner sammen i bandet akkurat n\u00e5.  Elementer fra cinematisk instrumentalmusikk, post-, prog-, st\u00f8y- og frihetsrock, og luftig americana  er alt med i den innbydende og velkomponerte musikalske salaten som utgj\u00f8r \u00abRainy Omen\u00bb. Finland er et rockeband som ikke kan beskrives med lettvinte metaforer eller lister av inspirasjonskilder, men som allerede p\u00e5 debutalbumet f\u00f8rst og fremst h\u00f8res ut som seg selv.  Rainy Omen ble innspilt i Parachute Studio i Oslo med tekniker \u00d8ystein Frantzv\u00e5g og ble senere mikset av Juhani Silvola.  Tilgjengelig b\u00e5de som CD\/DL og i en deluxue LP utgave i begrenset opplag. (500 kopier, 180g vinyl, CD inkludert)  Releasekonsert p\u00e5 Kulturhuset (Oslo) 3. juni!<\/p>\n<p><!--more--><\/p>\n<p>Finland har eksistert helt siden 2010, men \u00abRainy Omen\u00bb er allikevel deres f\u00f8rste utgivelse. Finland best\u00e5r av fire musikere som det siste ti\u00e5ret har satt et stor fotavtrykk i norsk musikkliv og som til sammen har et utall av band og utgivelser p\u00e5 samvittigheten. Bandet er mer et overskuddsprosjekt enn et sideprosjekt \u2013 og nettopp musikalsk overskudd er noe som preger debututgivelsen.<\/p>\n<h4>Umiddelbar og utadvendt<\/h4>\n<p>I Finland utforsker de mer rocka, umiddelbar og utadvendt musikk enn i mange av de andre bandene de er aktive med. Musikken tar opp i seg en leksikal mengde sjangere og inspirasjonskilder, og debutalbumet dokumenterer det punktet der ulike musikalske veier og musikalske dialoger finner sammen i bandet akkurat n\u00e5.  Elementer fra cinematisk instrumentalmusikk, post-, prog-, st\u00f8y- og frihetsrock, og luftig americana  er alt med i den innbydende og velkomponerte musikalske salaten som utgj\u00f8r \u00abRainy Omen\u00bb. Finland er et rockeband som ikke kan beskrives med lettvinte metaforer eller lister av inspirasjonskilder, men som allerede p\u00e5 debutalbumet f\u00f8rst og fremst h\u00f8res ut som seg selv.  Rainy Omen ble innspilt i Parachute Studio i Oslo med tekniker \u00d8ystein Frantzv\u00e5g og ble senere mikset av Juhani Silvola.  Tilgjengelig b\u00e5de som CD\/DL og i en deluxue LP utgave i begrenset opplag. (500 kopier, 180g vinyl, CD inkludert)  Releasekonsert p\u00e5 Kulturhuset (Oslo) 3. juni!<\/p>\n<h4><\/h4>\n<p><h4><\/h4>\n<\/p>\n<p><\/p>","protected":false},"excerpt":{"rendered":"<p>Finland best\u00e5r av fire musikere som det siste ti\u00e5ret har satt et stor fotavtrykk i norsk musikkliv og som til sammen har et utall av band og utgivelser p\u00e5 samvittigheten. Bandet er mer et overskuddsprosjekt enn et sideprosjekt \u2013 og nettopp musikalsk overskudd er noe som preger debututgivelsen.<\/p>\n","protected":false},"featured_media":27434,"comment_status":"closed","ping_status":"open","template":"","meta":[],"product_brand":[],"product_cat":[36],"product_tag":[],"class_list":{"0":"post-35222","1":"product","2":"type-product","3":"status-publish","4":"has-post-thumbnail","6":"product_cat-hubro","7":"product_shipping_class-cddvd-shipping","8":"uni_artist_tag-finland","9":"uni_artist_tag-ivar-grydeland","10":"uni_artist_tag-jo-berger-myhre","11":"uni_artist_tag-morten-qvenild","12":"uni_artist_tag-pal-hausken","13":"uni_main_artist_tag-finland","14":"uni_artist_genre-improvised-music","15":"uni_artist_genre-instrumental","16":"uni_artist_genre-rock","18":"first","19":"instock","20":"taxable","21":"shipping-taxable","22":"purchasable","23":"product-type-variable","24":"has-default-attributes"},"_links":{"self":[{"href":"https:\/\/grappa.no\/no\/wp-json\/wp\/v2\/product\/35222","targetHints":{"allow":["GET"]}}],"collection":[{"href":"https:\/\/grappa.no\/no\/wp-json\/wp\/v2\/product"}],"about":[{"href":"https:\/\/grappa.no\/no\/wp-json\/wp\/v2\/types\/product"}],"replies":[{"embeddable":true,"href":"https:\/\/grappa.no\/no\/wp-json\/wp\/v2\/comments?post=35222"}],"wp:featuredmedia":[{"embeddable":true,"href":"https:\/\/grappa.no\/no\/wp-json\/wp\/v2\/media\/27434"}],"wp:attachment":[{"href":"https:\/\/grappa.no\/no\/wp-json\/wp\/v2\/media?parent=35222"}],"wp:term":[{"taxonomy":"product_brand","embeddable":true,"href":"https:\/\/grappa.no\/no\/wp-json\/wp\/v2\/product_brand?post=35222"},{"taxonomy":"product_cat","embeddable":true,"href":"https:\/\/grappa.no\/no\/wp-json\/wp\/v2\/product_cat?post=35222"},{"taxonomy":"product_tag","embeddable":true,"href":"https:\/\/grappa.no\/no\/wp-json\/wp\/v2\/product_tag?post=35222"}],"curies":[{"name":"wp","href":"https:\/\/api.w.org\/{rel}","templated":true}]}}