{"id":35219,"date":"2014-09-05T00:00:00","date_gmt":"2014-09-04T23:00:00","guid":{"rendered":"http:\/\/www.grappa.no\/albums\/uncategorized\/erik-honore-heliographs-cd\/"},"modified":"2020-08-21T09:16:29","modified_gmt":"2020-08-21T08:16:29","slug":"heliographs-cd","status":"publish","type":"product","link":"https:\/\/grappa.no\/no\/albums\/hubro\/heliographs-cd\/","title":{"rendered":"Heliographs CD"},"content":{"rendered":"<p><\/p>\n<p>Erfaren debutant  Musikeren, plateprodusenten og forfatteren Erik Honor\u00e9 (f. 1966) har bidratt som musiker og produsent p\u00e5 mer enn femti plater med s\u00e5vidt forskjellige artister som David Sylvian, Eivind Aarset, Arve Henriksen og Brian Eno\/Peter Schwalm.\u00a0\u00a0 &quot;Heliographs&quot; er utrolig nok hans f\u00f8rste soloalbum, og man kan bare lure p\u00e5 hvorfor han ikke har gitt ut soloplate tidligere.\u00a0Det er en helst\u00f8pt og personlig debut som \u00e5pner en komplett lydverden man ikke har lyst til \u00e5 forlate.  Erik Honor\u00e9s navn forbindes av mange med festivalen Punkt og samarbeidspartneren Jan Bang. Sammen med Bang etablerte Honor\u00e9 i 2005 Punktfestivalen i Kristiansand der konserter som nettopp har funnet sted blir live-remixet i et annet rom. Ideen er \u00e5  \u00e5 jobbe improvisatorisk med sampling.  En lang rekke av Honor\u00e9s faste samarbeidspartnere fra norsk improvisasjonsmusikks \u00f8verste hylle bidrar p\u00e5 \u201cHeliographs\u201d: Ingar Zach (Huntsville, Dans Les Arbres), Eivind Aarset, Jan Bang og Arve Henriksen i tillegg til den nederlandske fiolinisten Jeffrey Bruinsma fra Zapp 4. Vokalist og improvisat\u00f8r Sidsel Endresens bidrag stikker seg allikevel ut og g\u00e5r n\u00e6rmest som en r\u00f8d tr\u00e5d gjennom albumet. P\u00e5 \u201cHeliographs\u201d leder Honor\u00e9 oss med st\u00f8dig h\u00e5nd gjennom alt fra vakkert duvende improsvev til elektronisk joggende ambient og samplebasert kammermusikk. Dette er innovers\u00f8kende musikk med tyggemotstand som samtidig er veldig umiddelbar. Anbefales!  Albumet slippes med konsert under Punktfestivalen p\u00e5 Kick Scene fredag 5. september: http:\/\/punktfestival.no\/program\/<\/p>\n<p><!--more--><\/p>\n<p>Musikeren, plateprodusenten og forfatteren Erik Honor\u00e9 (f. 1966) har bidratt som musiker og produsent p\u00e5 mer enn femti plater med s\u00e5vidt forskjellige artister som David Sylvian, Eivind Aarset, Arve Henriksen og Brian Eno\/Peter Schwalm.\u00a0\u00a0  &quot;Heliographs&quot; er utrolig nok hans f\u00f8rste soloalbum, og man kan bare lure p\u00e5 hvorfor han ikke har gitt ut soloplate tidligere.\u00a0Det er en helst\u00f8pt og personlig debut som \u00e5pner en komplett lydverden man ikke har lyst til \u00e5 forlate.<\/p>\n<h4>Solskrift<\/h4>\n<p>Erik Honor\u00e9 ga tidlig p\u00e5 totusentallet ut tre b\u00f8ker. Titlene og narrativet p\u00e5 Heliographs har i f\u00f8lge ham selv elementer fra den f\u00f8rste romanen han utga, Orakelveggen. \u00abAlbumtittelen er hentet fra \u00e5pningskapittelet i boka, som er en fantasi rundt frembringelsen av det aller f\u00f8rste fotografiet. Oppfinneren Joseph Ni\u00e9pce kalte denne prosessen Heliografi, alts\u00e5 solskrift.\u00bb<\/p>\n<h4>Punkt<\/h4>\n<p>Erik Honor\u00e9s navn forbindes av mange med festivalen Punkt og samarbeidspartneren Jan Bang. Arrang\u00f8rduoen har kjent hverandre og samarbeidet siden ten\u00e5rene: \u201cVi m\u00f8ttes gjennom en felles interesse for artister vi senere har blitt kjent med gjennom Punkt-festivalen og andre samarbeid \u2013 David Sylvian, Brian Eno, Jon Hassell, Laurie Anderson\u201d, sier Honor\u00e9.   Sammen med Bang etablerte Honor\u00e9 i 2005 Punktfestivalen i Kristiansand der konserter som nettopp har funnet sted blir live-remixet i et annet rom. Ideen er \u00e5  \u00e5 jobbe improvisatorisk med sampling.  \u201cDette viste seg \u00e5 v\u00e6re en helt ny, original og effektiv m\u00e5te \u00e5 skape musikk p\u00e5, og konseptet har tydeligvis v\u00e6rt interessant b\u00e5de for musikere og publikum\u201d, sier Honor\u00e9. I senere \u00e5r har det ogs\u00e5 blitt gjennomf\u00f8rt  Punktfestival-avleggere i Paris, London, Tallinn, Wroclaw og flere byer i Tyskland.<\/p>\n<h4>Et stjernelag av improvisat\u00f8rer<\/h4>\n<p>En lang rekke av Honor\u00e9s faste samarbeidspartnere fra norsk improvisasjonsmusikks \u00f8verste hylle bidrar p\u00e5 \u201cHeliographs\u201d: Ingar Zach (Huntsville, Dans Les Arbres), Eivind Aarset, Jan Bang og Arve Henriksen i tillegg til den nederlandske fiolinisten Jeffrey Bruinsma fra Zapp 4.  Vokalist og improvisat\u00f8r Sidsel Endresens bidrag stikker seg allikevel ut og g\u00e5r n\u00e6rmest som en r\u00f8d tr\u00e5d gjennom albumet. P\u00e5 \u201cHeliographs\u201d leder Honor\u00e9 oss med st\u00f8dig h\u00e5nd gjennom alt fra vakkert duvende improsvev til elektronisk joggende ambient og samplebasert kammermusikk. Dette er innovers\u00f8kende musikk med tyggemotstand som samtidig er veldig umiddelbar. Anbefales!  Albumet slippes med konsert under Punktfestivalen p\u00e5 Kick Scene fredag 5. september: http:\/\/punktfestival.no\/program\/<\/p>\n<p><\/p>","protected":false},"excerpt":{"rendered":"<p>P\u00e5 \u201cHeliographs\u201d leder Honor\u00e9 oss med st\u00f8dig h\u00e5nd gjennom alt fra vakkert duvende improsvev til elektronisk joggende ambient og samplebasert kammermusikk. Dette er innovers\u00f8kende musikk med tyggemotstand som samtidig er veldig umiddelbar.<\/p>\n","protected":false},"featured_media":27430,"comment_status":"closed","ping_status":"open","template":"","meta":[],"product_brand":[],"product_cat":[36],"product_tag":[],"class_list":{"0":"post-35219","1":"product","2":"type-product","3":"status-publish","4":"has-post-thumbnail","6":"product_cat-hubro","7":"product_shipping_class-cddvd-shipping","8":"uni_artist_tag-arve-henriksen","9":"uni_artist_tag-eivind-aarset","10":"uni_artist_tag-erik-honore","11":"uni_artist_tag-ingar-zach","12":"uni_artist_tag-jan-bang","13":"uni_artist_tag-jeffrey-bruinsma","14":"uni_artist_tag-sidsel-endresen","15":"uni_main_artist_tag-erik-honore","16":"uni_artist_genre-chamber-music","17":"uni_artist_genre-electronic","18":"uni_artist_genre-improvised-music","20":"first","21":"instock","22":"taxable","23":"shipping-taxable","24":"purchasable","25":"product-type-variable","26":"has-default-attributes"},"_links":{"self":[{"href":"https:\/\/grappa.no\/no\/wp-json\/wp\/v2\/product\/35219","targetHints":{"allow":["GET"]}}],"collection":[{"href":"https:\/\/grappa.no\/no\/wp-json\/wp\/v2\/product"}],"about":[{"href":"https:\/\/grappa.no\/no\/wp-json\/wp\/v2\/types\/product"}],"replies":[{"embeddable":true,"href":"https:\/\/grappa.no\/no\/wp-json\/wp\/v2\/comments?post=35219"}],"wp:featuredmedia":[{"embeddable":true,"href":"https:\/\/grappa.no\/no\/wp-json\/wp\/v2\/media\/27430"}],"wp:attachment":[{"href":"https:\/\/grappa.no\/no\/wp-json\/wp\/v2\/media?parent=35219"}],"wp:term":[{"taxonomy":"product_brand","embeddable":true,"href":"https:\/\/grappa.no\/no\/wp-json\/wp\/v2\/product_brand?post=35219"},{"taxonomy":"product_cat","embeddable":true,"href":"https:\/\/grappa.no\/no\/wp-json\/wp\/v2\/product_cat?post=35219"},{"taxonomy":"product_tag","embeddable":true,"href":"https:\/\/grappa.no\/no\/wp-json\/wp\/v2\/product_tag?post=35219"}],"curies":[{"name":"wp","href":"https:\/\/api.w.org\/{rel}","templated":true}]}}