{"id":35216,"date":"2016-03-18T00:00:00","date_gmt":"2016-03-17T23:00:00","guid":{"rendered":"http:\/\/www.grappa.no\/albums\/uncategorized\/stein-urheim-strandebarm\/"},"modified":"2020-08-21T09:16:27","modified_gmt":"2020-08-21T08:16:27","slug":"strandebarm","status":"publish","type":"product","link":"https:\/\/grappa.no\/no\/albums\/hubro\/strandebarm\/","title":{"rendered":"Strandebarm"},"content":{"rendered":"<p><\/p>\n<p>Grensel\u00f8s strengelek.  P\u00e5 sitt tredje soloalbum for HUBRO finsliper den Berlin-, Bergen- og Strandebarmbaserte strengemagikeren Stein Urheim for alvor sin mangslungne uttrykksvifte. Hans forrige album fikk bred og sv\u00e6rt god mottagelse internasjonalt, og er et album som har f\u00e5tt sitt eget liv ute i lytterskaren. Urheim spiller et stort antall strengeinstrumenter p\u00e5 albumet, men her f\u00e5r vi ogs\u00e5 flere spor med vokal, munnspill, pocket-kornett, tape-eksperimenter, og produsent J\u00f8rgen Tr\u00e6en bidrar p\u00e5 modul\u00e6r synth. Norsk folkemusikk har interessert Stein lenge. Sammen med Benedicte Maurseth vant han \u00e5pen klasse p\u00e5 Landskappleiken i 2013, og p\u00e5 \u00abStrandebarm\u00bb tolker han en norsk  sl\u00e5tt for f\u00f8rste gang p\u00e5 plate. Stein Urheim har i sitt musikerliv samlet inntrykk og uttrykk fra en grensel\u00f8s musikalsk verden, og p\u00e5 albumet viser han frem de gjeveste og mest spennende skattene han fant langs veien. &#8211; Alt sammen selvsagt  filtrert gjennom hans eget s\u00e6regne musikalske temperament. Dette er sl\u00e5ende personlig musikk, som antageligvis ikke kunne ha blitt laget p\u00e5 noe annet tidspunkt i historien.<\/p>\n<p><!--more--><\/p>\n<p>P\u00e5 sitt tredje soloalbum for HUBRO finsliper den Berlin-, Bergen- og Strandebarmbaserte strengemagikeren Stein Urheim for alvor sin mangslungne uttrykksvifte. Hans forrige album fikk bred og sv\u00e6rt god mottagelse internasjonalt, og er et album som har f\u00e5tt sitt eget liv ute i lytterskaren.<\/p>\n<h4>Grensel\u00f8s musikalsk verden<\/h4>\n<p>Stein Urheim har i sitt musikerliv samlet inntrykk og uttrykk fra en grensel\u00f8s musikalsk verden, og p\u00e5 albumet viser han frem de gjeveste og mest spennende skattene han fant langs veien. &#8211; Alt sammen selvsagt  filtrert gjennom hans eget s\u00e6regne musikalske temperament. Dette er sl\u00e5ende personlig musikk, som antageligvis ikke kunne ha blitt laget p\u00e5 noe annet tidspunkt i historien.  Det tonale utspringet for komposisjonene p\u00e5 platen kan minne om fransk musikk fra tidlig 1900-tall, og amerikanske ragtime- og standardl\u00e5ter fra 1920 og 1930-tallet, og lydbildet blander akustiske og elektroniske elementer p\u00e5 en spennene m\u00e5te.  Urheim er ettertenksom og dvelende uten \u00e5 v\u00e6re innadvendt eller hum\u00f8rl\u00f8s.<\/p>\n<h4>Strandebarm<\/h4>\n<p>\u00abStrandebarm\u00bb er innspilt i Strandebarm Kyrkje, ikke langt fra huset der Urheim har oppholdt seg i lange perioder de senere \u00e5rene. Rommet ble valgt f\u00f8rst og fremst p\u00e5 grunn av den inspirerende akustikken, og opptakene ble, som p\u00e5 forrige album, gjort av lydtekniker Audun Strype.  Innspillingen ble senere sluttf\u00f8rt og mikset i Duper Studio i Bergen sammen med tekniker og produsent J\u00f8rgen Tr\u00e6een, som ogs\u00e5 med stort hell samarbeidet med Urheim p\u00e5 forrige album.  \u00abStrandebarm\u00bb er Stein Urheims tredje utgivelse som soloartist, og ogs\u00e5 hans tredje utgivelse p\u00e5 HUBRO. Han har tidligere gitt ut tre kritikerroste duoalbum p\u00e5 Bugge Wesseltofts Jazzland label, sammen med sanger og musiker Mari Kvien Brunvoll. Urheim har ogs\u00e5 en bakgrunn fra Gabriel Fliflets band \u00c5resong, og HP Gundersens kritikerroste droneband The Last Hurrah.  S\u00f8ndag 20. mars urfremf\u00f8rer Stein Urheim et nytt tingingsverk \u00abTravelling With The Natural Cosmolodic Orchestra\u00bb p\u00e5 Vossajazz sammen med Per J\u00f8rgensen, Kjetil M\u00f8ster, Mari Kvien Brunvoll, Ole Morten V\u00e5gan og K\u00e5re Opheim.  Konserter: 20. mars: Vossajazz \u2013 nytt verk 14. mai: Strandebarm  22. mai: Utmark\/Landmark, Bergen (med Sir Richard Bishop)<\/p>\n<h4><\/h4>\n<\/p>\n<p><\/p>","protected":false},"excerpt":{"rendered":"<p>Stein Urheim har i sitt musikerliv samlet inntrykk og uttrykk fra en grensel\u00f8s musikalsk verden, og p\u00e5 albumet viser han frem de gjeveste og mest spennende skattene han fant langs veien.<\/p>\n","protected":false},"featured_media":28464,"comment_status":"closed","ping_status":"open","template":"","meta":[],"product_brand":[],"product_cat":[36],"product_tag":[],"class_list":{"0":"post-35216","1":"product","2":"type-product","3":"status-publish","4":"has-post-thumbnail","6":"product_cat-hubro","7":"product_shipping_class-cddvd-shipping","8":"uni_artist_tag-jorgen-traeen","9":"uni_artist_tag-stein-urheim","10":"uni_artist_tag-trad","11":"uni_main_artist_tag-stein-urheim","12":"uni_artist_genre-avantgarde","13":"uni_artist_genre-blues","14":"uni_artist_genre-world-music","16":"first","17":"instock","18":"taxable","19":"shipping-taxable","20":"purchasable","21":"product-type-variable","22":"has-default-attributes"},"_links":{"self":[{"href":"https:\/\/grappa.no\/no\/wp-json\/wp\/v2\/product\/35216","targetHints":{"allow":["GET"]}}],"collection":[{"href":"https:\/\/grappa.no\/no\/wp-json\/wp\/v2\/product"}],"about":[{"href":"https:\/\/grappa.no\/no\/wp-json\/wp\/v2\/types\/product"}],"replies":[{"embeddable":true,"href":"https:\/\/grappa.no\/no\/wp-json\/wp\/v2\/comments?post=35216"}],"wp:featuredmedia":[{"embeddable":true,"href":"https:\/\/grappa.no\/no\/wp-json\/wp\/v2\/media\/28464"}],"wp:attachment":[{"href":"https:\/\/grappa.no\/no\/wp-json\/wp\/v2\/media?parent=35216"}],"wp:term":[{"taxonomy":"product_brand","embeddable":true,"href":"https:\/\/grappa.no\/no\/wp-json\/wp\/v2\/product_brand?post=35216"},{"taxonomy":"product_cat","embeddable":true,"href":"https:\/\/grappa.no\/no\/wp-json\/wp\/v2\/product_cat?post=35216"},{"taxonomy":"product_tag","embeddable":true,"href":"https:\/\/grappa.no\/no\/wp-json\/wp\/v2\/product_tag?post=35216"}],"curies":[{"name":"wp","href":"https:\/\/api.w.org\/{rel}","templated":true}]}}