{"id":35210,"date":"2015-10-16T00:00:00","date_gmt":"2015-10-15T23:00:00","guid":{"rendered":"http:\/\/www.grappa.no\/albums\/uncategorized\/the-island-band-like-swimming\/"},"modified":"2020-08-21T09:16:24","modified_gmt":"2020-08-21T08:16:24","slug":"like-swimming","status":"publish","type":"product","link":"https:\/\/grappa.no\/no\/albums\/hubro\/like-swimming\/","title":{"rendered":"Like Swimming"},"content":{"rendered":"<p><\/p>\n<p>Sin egen \u00f8y  The Island Band er et orkester ledet av musiker, komponist og produsent Lars Myrvoll. P\u00e5 albumet \u00abLike Swimming\u00bb har han konstruert en h\u00f8yst uvanlig og f\u00f8lelsesladd str\u00f8m av musikk sammen med en vakker bukett allsidige norske musikere fra band som Ultralyd, Splashgirl, MoHa, Kr\u00e5kes\u00f8lv, Sheriffs of Nothingness, M\u00f8ster og Datarock. &#8211; En lang rekke av norsk musikklivs innovative \u00abusual suspects\u00bb med andre ord.  Albumet oppleves som dr\u00f8mmende og flytende og beveger seg mellom stemningsfulle og detaljerte instrumentaler og storsl\u00e5tt produserte popl\u00e5ter med vokal. Enkelte av instrumentkombinasjonene ser helt skrullete ut p\u00e5 papir, men l\u00e5ter helt naturlig n\u00e5r de kommer ut av h\u00f8yttalerne. En radioedit av l\u00e5ten \u00abSwimming\u00bb med gjestevokal fra Maria Due ble sluppet som singel allerede i sommer, og kan tjene som et godt eksempel. Hvor ofte h\u00f8rer du fengende og luksuri\u00f8st orkestrerte pop-duetter med auto-tune vokal, sax solo og Theorbe?  Lars Myrvoll gav ut sin langspillerdebut \u00abThe Island\u00bb p\u00e5 den for lengst nedlagte Safe as Milk etiketten i 2009 \u2013 en utgivelse som fikk sv\u00e6rt gode kritikker, og som n\u00e5 har v\u00e6rt utilgjengelig en stund. Albumet var resultat av en 6 \u00e5r lang prosess, og resultatet ble beskrevet som b\u00e5de dypt bevegende og originalt.  Formatet p\u00e5 Myrvolls nye album er betraktelig st\u00f8rre enn p\u00e5 debuten. Ogs\u00e5 denne gangen har prosessen strukket seg over lang tid. Grunnopptakene ble gjort i august 2013, og Myrvoll har brukt store ressurser og mengder med studiotimer f\u00f8r sluttresultatet n\u00e5 foreligger.  Der den n\u00e5 utilgjengelige debuten var spilt inn p\u00e5 soverommet og gitt patina og et s\u00e5vidt gjennomskinnelig sonisk sl\u00f8r ved \u00e5 kj\u00f8re lyden gjennom flere generasjoner med billig opptaksutstyr og lydb\u00e5nd kan det nye albumet beskrives som storsl\u00e5tt, velprodusert og h\u00f8yfidelisk. Cinematisk er et ord som noen ganger brukes om musikk som er stemningsfull, men med liten tyggemotstand. Musikken p\u00e5 dette albumet gir derimot full uttelling i b\u00e5de pose og sekk.  The Island Band h\u00f8rer ikke naturlig hjemme i noen kategori eller i noen musikalsk milj\u00f8. Prosjektet er sin egen \u00f8y. Kombinasjonen av eksperimentering, produksjonstalent og emosjonell slagkraft er uvanlig. Myrvoll har et sjeldent mangefasettert talent og makter \u00e5 fenge b\u00e5de med innoverskuende klangutforskning og med popl\u00e5ter.   Tilgjengelig som CD\/LP og DL<\/p>\n<p><!--more--><\/p>\n<p>The Island Band er et orkester ledet av musiker, komponist og produsent Lars Myrvoll. P\u00e5 albumet \u00abLike Swimming\u00bb har han konstruert en h\u00f8yst uvanlig og f\u00f8lelsesladd str\u00f8m av musikk sammen med en vakker bukett allsidige norske musikere fra band som Ultralyd, Splashgirl, MoHa, Kr\u00e5kes\u00f8lv, Sheriffs of Nothingness, M\u00f8ster og Datarock. &#8211; En lang rekke av norsk musikklivs innovative \u00abusual suspects\u00bb med andre ord.<\/p>\n<h4>St\u00f8rre skala<\/h4>\n<p>Lars Myrvoll gav ut sin langspillerdebut \u00abThe Island\u00bb p\u00e5 den for lengst nedlagte Safe as Milk etiketten i 2009 \u2013 en utgivelse som fikk sv\u00e6rt gode kritikker, og som n\u00e5 har v\u00e6rt utilgjengelig en stund. Albumet var resultat av en 6 \u00e5r lang prosess, og resultatet ble beskrevet som b\u00e5de dypt bevegende og originalt.  Formatet p\u00e5 Myrvolls nye album er betraktelig st\u00f8rre enn p\u00e5 debuten. Ogs\u00e5 denne gangen har prosessen strukket seg over lang tid. Grunnopptakene ble gjort i august 2013, og Myrvoll har brukt store ressurser og mengder med studiotimer f\u00f8r sluttresultatet n\u00e5 foreligger.  Der den n\u00e5 utilgjengelige debuten var spilt inn p\u00e5 soverommet og gitt patina og et s\u00e5vidt gjennomskinnelig sonisk sl\u00f8r ved \u00e5 kj\u00f8re lyden gjennom flere generasjoner med billig opptaksutstyr og lydb\u00e5nd kan det nye albumet beskrives som storsl\u00e5tt, velprodusert og h\u00f8yfidelisk. Cinematisk er et ord som noen ganger brukes om musikk som er stemningsfull, men med liten tyggemotstand. Musikken p\u00e5 dette albumet gir derimot full uttelling i b\u00e5de pose og sekk.<\/p>\n<h4>Sjeldent talent<\/h4>\n<p>The Island Band h\u00f8rer ikke naturlig hjemme i noen kategori eller i noen musikalsk milj\u00f8. Prosjektet er sin egen \u00f8y. Kombinasjonen av eksperimentering, produksjonstalent og emosjonell slagkraft er uvanlig. Myrvoll har et sjeldent mangefasettert talent og makter \u00e5 fenge b\u00e5de med innoverskuende klangutforskning og med popl\u00e5ter.   Tilgjengelig som CD, LP og DL<\/p>\n<h4><\/h4>\n<\/p>\n<p><\/p>","protected":false},"excerpt":{"rendered":"<p>The Island Band h\u00f8rer ikke naturlig hjemme i noen kategori eller i noen musikalsk milj\u00f8. Prosjektet er sin egen \u00f8y. Kombinasjonen av eksperimentering, produksjonstalent og emosjonell slagkraft er uvanlig. Myrvoll har et sjeldent mangefasettert talent og makter \u00e5 fenge b\u00e5de med innoverskuende klangutforskning og med popl\u00e5ter.<\/p>\n","protected":false},"featured_media":27427,"comment_status":"closed","ping_status":"open","template":"","meta":[],"product_brand":[],"product_cat":[36],"product_tag":[],"class_list":{"0":"post-35210","1":"product","2":"type-product","3":"status-publish","4":"has-post-thumbnail","6":"product_cat-hubro","7":"product_shipping_class-cddvd-shipping","8":"uni_artist_tag-andreas-stensland-lowe","9":"uni_artist_tag-havard-volden","10":"uni_artist_tag-jo-berger-myhre","11":"uni_artist_tag-jorgen-mathisen","12":"uni_artist_tag-juhani-silvola","13":"uni_artist_tag-kari-ronnekleiv","14":"uni_artist_tag-kjetil-traavik-moster","15":"uni_artist_tag-kristine-tjogersen","16":"uni_artist_tag-lars-myrvoll","17":"uni_artist_tag-maria-due","18":"uni_artist_tag-martin-taxt","19":"uni_artist_tag-morten-j-olsen","20":"uni_artist_tag-ole-erik-ulvin","21":"uni_artist_tag-ole-ovstedal","22":"uni_artist_tag-ole-henrik-moe","23":"uni_artist_tag-petter-waldemar-nohr-unstad","24":"uni_artist_tag-solmund-nystadbakk","25":"uni_artist_genre-contemporary-music","26":"uni_artist_genre-pop","28":"first","29":"instock","30":"taxable","31":"shipping-taxable","32":"purchasable","33":"product-type-variable","34":"has-default-attributes"},"_links":{"self":[{"href":"https:\/\/grappa.no\/no\/wp-json\/wp\/v2\/product\/35210","targetHints":{"allow":["GET"]}}],"collection":[{"href":"https:\/\/grappa.no\/no\/wp-json\/wp\/v2\/product"}],"about":[{"href":"https:\/\/grappa.no\/no\/wp-json\/wp\/v2\/types\/product"}],"replies":[{"embeddable":true,"href":"https:\/\/grappa.no\/no\/wp-json\/wp\/v2\/comments?post=35210"}],"wp:featuredmedia":[{"embeddable":true,"href":"https:\/\/grappa.no\/no\/wp-json\/wp\/v2\/media\/27427"}],"wp:attachment":[{"href":"https:\/\/grappa.no\/no\/wp-json\/wp\/v2\/media?parent=35210"}],"wp:term":[{"taxonomy":"product_brand","embeddable":true,"href":"https:\/\/grappa.no\/no\/wp-json\/wp\/v2\/product_brand?post=35210"},{"taxonomy":"product_cat","embeddable":true,"href":"https:\/\/grappa.no\/no\/wp-json\/wp\/v2\/product_cat?post=35210"},{"taxonomy":"product_tag","embeddable":true,"href":"https:\/\/grappa.no\/no\/wp-json\/wp\/v2\/product_tag?post=35210"}],"curies":[{"name":"wp","href":"https:\/\/api.w.org\/{rel}","templated":true}]}}