{"id":35207,"date":"2015-02-06T00:00:00","date_gmt":"2015-02-05T23:00:00","guid":{"rendered":"http:\/\/www.grappa.no\/albums\/uncategorized\/labfield-bucket-of-songs-cd\/"},"modified":"2020-08-21T09:16:22","modified_gmt":"2020-08-21T08:16:22","slug":"bucket-of-songs-cd","status":"publish","type":"product","link":"https:\/\/grappa.no\/no\/albums\/hubro\/bucket-of-songs-cd\/","title":{"rendered":"Bucket Of Songs CD"},"content":{"rendered":"<p><\/p>\n<p>LabFields tredje album  Labfields mesterlige tredje album \u00abBucket of Songs\u00bb viser et band som har utvidet paletten betraktelig siden forrige utgivelse. Der fokuset tidligere har v\u00e6rt p\u00e5 langstrakte og rikt detaljerte sakteflytende dronelandskap oppleves deres nye album mer som en samling improviserte sanger og l\u00e5ter. Fantastiske Mariam Wallentin (Wildbirds &amp; Peacdrums, Mariam the Believer, Fire! Orchestra) bidrar med vokal p\u00e5 flere kutt.<\/p>\n<p><!--more--><\/p>\n<p>Labfields mesterlige tredje album \u00abBucket of Songs\u00bb viser et band som har utvidet paletten betraktelig siden forrige utgivelse. Der fokuset tidligere har v\u00e6rt p\u00e5 langstrakte og rikt detaljerte sakteflytende dronelandskap oppleves deres nye album mer som en samling improviserte sanger og l\u00e5ter. Fantastiske Mariam Wallentin (Wildbirds &amp; Peacdrums, Mariam the Believer, Fire! Orchestra) bidrar med vokal p\u00e5 flere kutt.<\/p>\n<h4>Tri Dim<\/h4>\n<p>Stacken\u00e4s og Zach spilte tidligere i trioen Tri Dim sammen med saksofonisten H\u00e5kon Kornstad. Da trioen gikk i dvale bestemte de seg for \u00e5 danne en duo og konsentrere seg om en radikalt annerledes innfallsvinkel til musikk. B\u00e5de deres f\u00f8rste album \u00abFishforms\u00bb (Bottrop-Boy) og \u00abCollab\u00bb (HUBRO) viste en improviserende duo med et overveldende rikt lydbilde som navigerte med st\u00f8 kurs i et hypnotisk dronelandskap. \u00abCollab\u00bb var en av de aller f\u00f8rste utgivelsene p\u00e5 HUBRO for fem \u00e5r siden.<\/p>\n<h4>Nytt medlem<\/h4>\n<p>P\u00e5 \u00abBucket of Songs\u00bb er  italienske Giuseppe Ielasi (gitar og elektronikk) , som ogs\u00e5 gjestet forrige album, innlemmet som medlem og duoen har blitt en trio. Ielasi har utgitt flere soloplater p\u00e5 etiketten 12K og har tidligere samarbeidet med bl.a. Taku Sugimoto, Jerome Noetinger, Phill Niblock, Oren Ambarchi og mange andre. Ielasi driver ogs\u00e5 etiketten School Map.<\/p>\n<h4><\/h4>\n<\/p>\n<p><\/p>","protected":false},"excerpt":{"rendered":"<p>\u00abBucket of Songs\u00bb er en mektig utgivelse som byr p\u00e5 fri og kreativ improvisasjonsbasert musikk med klebrige fangarmer inn mot pop, minimalisme, elektronisk musikk og etnisk musikk.<\/p>\n","protected":false},"featured_media":27425,"comment_status":"closed","ping_status":"open","template":"","meta":[],"product_brand":[],"product_cat":[36],"product_tag":[],"class_list":{"0":"post-35207","1":"product","2":"type-product","3":"status-publish","4":"has-post-thumbnail","6":"product_cat-hubro","7":"product_shipping_class-cddvd-shipping","8":"uni_artist_tag-david-stackenas","9":"uni_artist_tag-giuseppe-ielasi","10":"uni_artist_tag-ingar-zach","11":"uni_artist_tag-labfield","12":"uni_artist_tag-mariam-wallentin","13":"uni_main_artist_tag-labfield","14":"uni_artist_genre-avantgarde","15":"uni_artist_genre-improvised-music","16":"uni_artist_genre-pop","18":"first","19":"instock","20":"taxable","21":"shipping-taxable","22":"purchasable","23":"product-type-variable","24":"has-default-attributes"},"_links":{"self":[{"href":"https:\/\/grappa.no\/no\/wp-json\/wp\/v2\/product\/35207","targetHints":{"allow":["GET"]}}],"collection":[{"href":"https:\/\/grappa.no\/no\/wp-json\/wp\/v2\/product"}],"about":[{"href":"https:\/\/grappa.no\/no\/wp-json\/wp\/v2\/types\/product"}],"replies":[{"embeddable":true,"href":"https:\/\/grappa.no\/no\/wp-json\/wp\/v2\/comments?post=35207"}],"wp:featuredmedia":[{"embeddable":true,"href":"https:\/\/grappa.no\/no\/wp-json\/wp\/v2\/media\/27425"}],"wp:attachment":[{"href":"https:\/\/grappa.no\/no\/wp-json\/wp\/v2\/media?parent=35207"}],"wp:term":[{"taxonomy":"product_brand","embeddable":true,"href":"https:\/\/grappa.no\/no\/wp-json\/wp\/v2\/product_brand?post=35207"},{"taxonomy":"product_cat","embeddable":true,"href":"https:\/\/grappa.no\/no\/wp-json\/wp\/v2\/product_cat?post=35207"},{"taxonomy":"product_tag","embeddable":true,"href":"https:\/\/grappa.no\/no\/wp-json\/wp\/v2\/product_tag?post=35207"}],"curies":[{"name":"wp","href":"https:\/\/api.w.org\/{rel}","templated":true}]}}