{"id":35204,"date":"2016-01-29T00:00:00","date_gmt":"2016-01-28T23:00:00","guid":{"rendered":"http:\/\/www.grappa.no\/albums\/uncategorized\/a-sense-of-growth\/"},"modified":"2020-08-21T09:16:20","modified_gmt":"2020-08-21T08:16:20","slug":"a-sense-of-growth","status":"publish","type":"product","link":"https:\/\/grappa.no\/no\/albums\/hubro\/a-sense-of-growth\/","title":{"rendered":"A Sense Of Growth"},"content":{"rendered":"<p><\/p>\n<p>Fantastisk tredejealbum fra Jessica Sligter  Den nederlands-norske vokalisten og komponisten Jessica Sligter fikk str\u00e5lende anmeldelser for sitt forrige album &quot;Fear And The Framing&quot;. Mojo Magazine (UK) skrev: &quot;Sligter\u00b4snirklete og flammende sanger skifter fra mykt til brutalt &#8211; ikke like rystende som i Pixies h\u00f8yt-lavt form, men mer snikende og mykt. Men det er stemmen hennes, teksten og atmosf\u00e6ren som gj\u00f8r dette til noe helt spesielt.&quot; Albumet &quot;A Sense Of Growth&quot; ble innspilt i Seattle og ble produsert av Jessica og Randall Dunn (Marissa Nadler, Akron\/Family, Earth). Eyvind Kang (Mr Bungle, Animal Collectiv, John Zorn) p\u00e5 bratsj og bass er en av flere musikalsk gjester og st\u00e5r ogs\u00e5 bak strykearrangementene.\u00a0 Siden forrige album har Sligter v\u00e6rt involvert i mange samarbeidsprosjeter og bestillingsverk sammen med bl.a. Susanna Wallumr\u00f8d og Jenny Hval. Sistnevnte bidrar ogs\u00e5 med vokal p\u00e5 to spor p\u00e5 det nye albumet som uten tvil er Sligters beste til dags dato. \u00a0\u00a0<\/p>\n<p><!--more--><\/p>\n<p>Den nederlands-norske vokalisten og komponisten Jessica Sligter fikk str\u00e5lende anmeldelser for sitt forrige album &quot;Fear And The Framing&quot;. \u00abA Sense Of Growth\u00bb er uten tvil Jessicas beste og mest eventyrlige album s\u00e5 langt. De varierte og modige og mer abstrakte soniske omgivelsene kler l\u00e5tskrivingen og hennes p\u00e5 samme tid intime og dramatiske vokal ekstremt godt.<\/p>\n<h4>Samarbeid<\/h4>\n<p>Siden forrige album har Sligter v\u00e6rt involvert i mange samarbeidsprosjeter og bestillingsverk sammen med bl.a. Susanna Wallumr\u00f8d og Jenny Hval. Sistnevnte bidrar ogs\u00e5 med vokal p\u00e5 to spor. Flere spor p\u00e5 albumet ble originalt skrevet til en konsert Jessica gjorde med Susanna p\u00e5 Henie Onstad Kunstsenter i 2014 i forbindelse med konserten \u00abWe live on a star\u00bb. Sangen \u00abMercilessly Clear\u00bb er basert p\u00e5 Harry Martinsons bok\/langdikt \u00abAniara\u00bb.<\/p>\n<h4><\/h4>\n<p><h4><\/h4>\n<\/p>\n<p><\/p>","protected":false},"excerpt":{"rendered":"<p>&quot;A Sense of Growth&quot; er uten tvil Jessica Sligters beste album s\u00e5 langt.<\/p>\n","protected":false},"featured_media":28654,"comment_status":"closed","ping_status":"open","template":"","meta":[],"product_brand":[],"product_cat":[36],"product_tag":[],"class_list":{"0":"post-35204","1":"product","2":"type-product","3":"status-publish","4":"has-post-thumbnail","6":"product_cat-hubro","7":"product_shipping_class-cddvd-shipping","8":"uni_artist_genre-avantgarde","9":"uni_artist_genre-singersongwriter","11":"first","12":"instock","13":"taxable","14":"shipping-taxable","15":"purchasable","16":"product-type-variable","17":"has-default-attributes"},"_links":{"self":[{"href":"https:\/\/grappa.no\/no\/wp-json\/wp\/v2\/product\/35204","targetHints":{"allow":["GET"]}}],"collection":[{"href":"https:\/\/grappa.no\/no\/wp-json\/wp\/v2\/product"}],"about":[{"href":"https:\/\/grappa.no\/no\/wp-json\/wp\/v2\/types\/product"}],"replies":[{"embeddable":true,"href":"https:\/\/grappa.no\/no\/wp-json\/wp\/v2\/comments?post=35204"}],"wp:featuredmedia":[{"embeddable":true,"href":"https:\/\/grappa.no\/no\/wp-json\/wp\/v2\/media\/28654"}],"wp:attachment":[{"href":"https:\/\/grappa.no\/no\/wp-json\/wp\/v2\/media?parent=35204"}],"wp:term":[{"taxonomy":"product_brand","embeddable":true,"href":"https:\/\/grappa.no\/no\/wp-json\/wp\/v2\/product_brand?post=35204"},{"taxonomy":"product_cat","embeddable":true,"href":"https:\/\/grappa.no\/no\/wp-json\/wp\/v2\/product_cat?post=35204"},{"taxonomy":"product_tag","embeddable":true,"href":"https:\/\/grappa.no\/no\/wp-json\/wp\/v2\/product_tag?post=35204"}],"curies":[{"name":"wp","href":"https:\/\/api.w.org\/{rel}","templated":true}]}}