{"id":35201,"date":"2015-03-13T00:00:00","date_gmt":"2015-03-12T23:00:00","guid":{"rendered":"http:\/\/www.grappa.no\/albums\/uncategorized\/huntsville-pond\/"},"modified":"2020-08-21T09:16:18","modified_gmt":"2020-08-21T08:16:18","slug":"pond","status":"publish","type":"product","link":"https:\/\/grappa.no\/no\/albums\/hubro\/pond\/","title":{"rendered":"Pond"},"content":{"rendered":"<p><\/p>\n<p>Et nytt h\u00f8ydepunkt i karrieren  \u00abPond\u00bb er resultatet av en vellykket session i Oslostudioet AmperTone sammen med tekniker Johnny Skalleberg.  Albumet ble jobbet frem i l\u00f8pet av en uke og bandet beskriver selv prosessen som veldig inspirerende. Ivar Grydeland konsentrer seg denne gangen mest om elektrisk gitar, pedal steel og elektronikk. Ingar Zach har utvidet perkusjonsinstrumentariet med pauker, og Tonny Kluftens karakteristiske bass-spill f\u00e5r mer boltreplass enn p\u00e5 tidligere album.         Gjennom fire lange spor m\u00f8ter vi et band som er tro mot sitt eget uttrykk men samtidig stadig er i utvikling. Det kanskje mest sl\u00e5ende denne gangen er med hvor stor tydelighet den musikalske personligheten til de tre ulike musikerne fremst\u00e5r. \u00abPond\u00bb har blitt et nytt karriereh\u00f8ydepunkt fra Huntsville.<\/p>\n<p><!--more--><\/p>\n<p>Trioen Huntsville har siden starten i 2006 med stor integritet slipt sin helt s\u00e6regne musikalske diamant. En hver ny utgivelse fra dem er en begivenhet, og n\u00e5 etter et tresifret antall konserter og en raus h\u00e5ndfull utgivelser fremst\u00e5r de som tydeligere enn noensinne.<\/p>\n<h4>Hjertestoppende musikalsk landskap<\/h4>\n<p>Huntsvilles forrige utgivelse \u00abPast increasing, future receding\u00bb ble innspilt i Tomba Emanuelle, et rom med eksepsjonell akustikk og lang etterklangstid. Den dramatiske settingen f\u00f8rte til at albumet havnet i et m\u00f8rkere og mer hjertestoppende musikalsk  landskap enn det trioen har befunnet seg i tidligere. Det finnes fortsatt spor av m\u00f8rke p\u00e5 deres femte album \u00abPond\u00bb, men det er ogs\u00e5 et album som viser nye sider ved bandet.<\/p>\n<h4>Inspirerende prosess<\/h4>\n<p>\u00abPond\u00bb er resultatet av en vellykket session i Oslostudioet AmperTone sammen med tekniker Johnny Skalleberg. Albumet ble jobbet frem i l\u00f8pet av en uke og bandet beskriver selv prosessen som veldig inspirerende.Ivar Grydeland konsentrer seg denne gangen mest om elektrisk gitar, pedal steel og elektronikk. Ingar Zach har utvidet perkusjonsinstrumentariet med pauker, og Tonny Kluftens karakteristiske bass-spill f\u00e5r mer boltreplass enn p\u00e5 tidligere album.         Gjennom fire lange spor m\u00f8ter vi et band som er tro mot sitt eget uttrykk men samtidig stadig er i utvikling. Det kanskje mest sl\u00e5ende denne gangen er med hvor stor tydelighet den musikalske personligheten til de tre ulike musikerne fremst\u00e5r. \u00abPond\u00bb har blitt et nytt karriereh\u00f8ydepunkt fra Huntsville.<\/p>\n<h4>Forel\u00f8pig konsertliste<\/h4>\n<p>10 mars &#8211; MIR, Oslo  18 mars \u2013 Barcelona 24 mars &#8211; Warszawa  25 mars &#8211; Bee Flat, Bern  28 mars &#8211; Traf\u00f3, Budapest<\/p>\n<p><\/p>","protected":false},"excerpt":{"rendered":"<p>\u00abPond\u00bb har blitt et nytt karriereh\u00f8ydepunkt fra Huntsville.<\/p>\n","protected":false},"featured_media":27424,"comment_status":"closed","ping_status":"open","template":"","meta":[],"product_brand":[],"product_cat":[36],"product_tag":[],"class_list":{"0":"post-35201","1":"product","2":"type-product","3":"status-publish","4":"has-post-thumbnail","6":"product_cat-hubro","7":"product_shipping_class-cddvd-shipping","8":"uni_artist_tag-huntsville","9":"uni_artist_tag-ingar-zach","10":"uni_artist_tag-ivar-grydeland","11":"uni_artist_tag-tonny-kluften","12":"uni_main_artist_tag-huntsville","13":"uni_artist_genre-avantgarde","14":"uni_artist_genre-improvised-music","15":"uni_artist_genre-instrumental","16":"uni_artist_genre-rock","18":"first","19":"instock","20":"taxable","21":"shipping-taxable","22":"purchasable","23":"product-type-variable","24":"has-default-attributes"},"_links":{"self":[{"href":"https:\/\/grappa.no\/no\/wp-json\/wp\/v2\/product\/35201","targetHints":{"allow":["GET"]}}],"collection":[{"href":"https:\/\/grappa.no\/no\/wp-json\/wp\/v2\/product"}],"about":[{"href":"https:\/\/grappa.no\/no\/wp-json\/wp\/v2\/types\/product"}],"replies":[{"embeddable":true,"href":"https:\/\/grappa.no\/no\/wp-json\/wp\/v2\/comments?post=35201"}],"wp:featuredmedia":[{"embeddable":true,"href":"https:\/\/grappa.no\/no\/wp-json\/wp\/v2\/media\/27424"}],"wp:attachment":[{"href":"https:\/\/grappa.no\/no\/wp-json\/wp\/v2\/media?parent=35201"}],"wp:term":[{"taxonomy":"product_brand","embeddable":true,"href":"https:\/\/grappa.no\/no\/wp-json\/wp\/v2\/product_brand?post=35201"},{"taxonomy":"product_cat","embeddable":true,"href":"https:\/\/grappa.no\/no\/wp-json\/wp\/v2\/product_cat?post=35201"},{"taxonomy":"product_tag","embeddable":true,"href":"https:\/\/grappa.no\/no\/wp-json\/wp\/v2\/product_tag?post=35201"}],"curies":[{"name":"wp","href":"https:\/\/api.w.org\/{rel}","templated":true}]}}