{"id":35198,"date":"2014-09-12T00:00:00","date_gmt":"2014-09-11T23:00:00","guid":{"rendered":"http:\/\/www.grappa.no\/albums\/uncategorized\/moster-inner-earth-cd\/"},"modified":"2020-08-21T09:16:16","modified_gmt":"2020-08-21T08:16:16","slug":"inner-earth-cd","status":"publish","type":"product","link":"https:\/\/grappa.no\/no\/albums\/hubro\/inner-earth-cd\/","title":{"rendered":"Inner Earth CD"},"content":{"rendered":"<p><\/p>\n<p>Lavaseilas  Etter en hektisk festivalsommer p\u00e5 turn\u00e9 med artister som R\u00f6yksopp\/Robyn, Lars Vaular, Datarock og Bushman\u2019s Revenge, slipper n\u00e5 saksofonist og bandleder Kjetil M\u00f8ster album nummer to med sitt favorittprosjekt M\u00f8ster! \u00abInner Earth\u00bb er et syrete og s\u00f8kende mesterverk som p\u00e5 mange m\u00e5ter skiller seg klart fra den kritikerroste debuten.  Med seg denne gang har han legendariske Hans Magnus \u2019Snah\u2019 Ryan, gitarist\/vokalist i Motorpsycho, Nikolai H\u00e6ngsle Eilertsen, bassist i Elephan9 og BigBang, og den allestedsv\u00e6rende trommeslager Kenneth Kapstad, ogs\u00e5 fra Motorpsycho og Grand General. Bandet ble til i forbindelse med et bestillingsverk til Kongsberg Jazzfestival 2010, og gav ut sitt f\u00f8rste album \u2019Edvard Lygre M\u00f8ster\u2019 i mars 2013, til unisont sv\u00e6rt positive kritikker.  Om det nye albumet sier Kjetil selv: \u00abSom tittelen antyder har vi p\u00e5 det nye albumet tatt et godt steg over i prog\u2010leiren\u00bb, uten at jazzinnflytelsen er s\u00e6rskilt vanskelig \u00e5 f\u00e5 \u00f8re p\u00e5 denne gangen heller. Der debuten var ekstremt umiddelbar, kontant og voldsom er oppf\u00f8lgeren en mer s\u00f8kende, proggete, psykedelisk og sakteflytende lavaseilas mot jordens indre.  Albumet kommer b\u00e5de p\u00e5 CD og som 180g LP i 500 eksemplarer i gatefold cover med  CD inkludert.<\/p>\n<p><!--more--><\/p>\n<p>Etter en hektisk festivalsommer p\u00e5 turn\u00e9 med artister som R\u00f6yksopp\/Robyn, Lars Vaular, Datarock og Bushman\u2019s Revenge, slipper n\u00e5 saksofonist og bandleder Kjetil M\u00f8ster album nummer to med sitt favorittprosjekt M\u00f8ster! \u00abInner Earth\u00bb er et syrete og s\u00f8kende mesterverk som p\u00e5 mange m\u00e5ter skiller seg klart fra den kritikerroste debuten.<\/p>\n<h4>Kritikerrost<\/h4>\n<p>Bandet ble til i forbindelse med et bestillingsverk til Kongsberg Jazzfestival 2010, og gav ut sitt f\u00f8rste album \u2019Edvard Lygre M\u00f8ster\u2019 i mars 2013, til unisont sv\u00e6rt positive kritikker. Albumet kom p\u00e5 listene over topp 5 debutalbum samt topp ti album i 2013 i New York City Jazz Records, og i tillegg en fin 6.\u2010plass over \u00e5rets album i Prog Magazine.<\/p>\n<h4>Lavaseilas<\/h4>\n<p>Debutalbumet \u00abEdvard Lygre M\u00f8ster\u00bb var en ekstasefremkallende kraftpakke av et livealbum, og if\u00f8lge Kjetil M\u00f8ster lyden av et band som finner seg selv p\u00e5 scenen foran et publikum. \u00abDet var et lykketreff at vi fikk tatt det opp p\u00e5 en ordentlig m\u00e5te\u00bb. Med oppf\u00f8lgeren tar bandet en annen retning. \u00abInner Earth\u00bb er innspilt med J\u00f8rgen Tr\u00e6en i Duper Studio i Bergen, et par etasjer unna Kjetil M\u00f8sters \u00f8vingslokale i den kreative smeltedigelen Bergen Kj\u00f8tt i Bergen.  \u00abSom tittelen antyder har vi p\u00e5 det nye albumet tatt et godt steg over i prog\u2010leiren\u00bb sier Kjetil selv, uten at jazzinnflytelsen er s\u00e6rskilt vanskelig \u00e5 f\u00e5 \u00f8re p\u00e5 denne gangen heller. Der debuten var ekstremt umiddelbar, kontant og voldsom er oppf\u00f8lgeren en mer s\u00f8kende, proggete, psykedelisk og sakteflytende lavaseilas mot jordens indre.  Albumet kommer b\u00e5de p\u00e5 CD og som 180g LP i 500 eksemplarer i gatefold cover med  CD inkludert.<\/p>\n<h4><\/h4>\n<\/p>\n<p><\/p>","protected":false},"excerpt":{"rendered":"<p>\u00abInner Earth\u00bb er et syrete og s\u00f8kende mesterverk som p\u00e5 mange m\u00e5ter skiller seg klart fra bandets kritikerroste debut.<\/p>\n","protected":false},"featured_media":27423,"comment_status":"closed","ping_status":"open","template":"","meta":[],"product_brand":[],"product_cat":[36],"product_tag":[],"class_list":{"0":"post-35198","1":"product","2":"type-product","3":"status-publish","4":"has-post-thumbnail","6":"product_cat-hubro","7":"product_shipping_class-cddvd-shipping","8":"uni_artist_tag-hans-magnus-ryan","9":"uni_artist_tag-jorgen-traeen","10":"uni_artist_tag-kenneth-kapstad","11":"uni_artist_tag-kjetil-moster","12":"uni_artist_tag-moster","13":"uni_artist_tag-nikolai-haengsle-eilertsen","14":"uni_main_artist_tag-moster","15":"uni_artist_genre-improvised-music","16":"uni_artist_genre-instrumental","17":"uni_artist_genre-jazz","18":"uni_artist_genre-rock","20":"first","21":"instock","22":"taxable","23":"shipping-taxable","24":"purchasable","25":"product-type-variable","26":"has-default-attributes"},"_links":{"self":[{"href":"https:\/\/grappa.no\/no\/wp-json\/wp\/v2\/product\/35198","targetHints":{"allow":["GET"]}}],"collection":[{"href":"https:\/\/grappa.no\/no\/wp-json\/wp\/v2\/product"}],"about":[{"href":"https:\/\/grappa.no\/no\/wp-json\/wp\/v2\/types\/product"}],"replies":[{"embeddable":true,"href":"https:\/\/grappa.no\/no\/wp-json\/wp\/v2\/comments?post=35198"}],"wp:featuredmedia":[{"embeddable":true,"href":"https:\/\/grappa.no\/no\/wp-json\/wp\/v2\/media\/27423"}],"wp:attachment":[{"href":"https:\/\/grappa.no\/no\/wp-json\/wp\/v2\/media?parent=35198"}],"wp:term":[{"taxonomy":"product_brand","embeddable":true,"href":"https:\/\/grappa.no\/no\/wp-json\/wp\/v2\/product_brand?post=35198"},{"taxonomy":"product_cat","embeddable":true,"href":"https:\/\/grappa.no\/no\/wp-json\/wp\/v2\/product_cat?post=35198"},{"taxonomy":"product_tag","embeddable":true,"href":"https:\/\/grappa.no\/no\/wp-json\/wp\/v2\/product_tag?post=35198"}],"curies":[{"name":"wp","href":"https:\/\/api.w.org\/{rel}","templated":true}]}}