{"id":35195,"date":"2015-03-06T00:00:00","date_gmt":"2015-03-05T23:00:00","guid":{"rendered":"http:\/\/www.grappa.no\/albums\/uncategorized\/monkey-plot-angaende-omstendigheter-som-ikke-lar-seg-nedtegne\/"},"modified":"2020-08-21T09:16:14","modified_gmt":"2020-08-21T08:16:14","slug":"angaende-omstendigheter-som-ikke-lar-seg-nedtegne","status":"publish","type":"product","link":"https:\/\/grappa.no\/no\/albums\/hubro\/angaende-omstendigheter-som-ikke-lar-seg-nedtegne\/","title":{"rendered":"Ang\u00e5ende omstendigheter som ikke lar seg nedtegne"},"content":{"rendered":"<p><\/p>\n<p>Prisvinnende akustisk trio  Medlemmene i den akustiske trioen Monkey Plot har spilt sammen i fem \u00e5r. \u00a0Med akustisk gitar (Christian Winther), kontrabass (Magnus Nergaard) og trommer (Jan Martin Gismervik) har de gravd seg frem til et uttrykk som minner om mye, men som de samtidig er ganske alene om. \u00a0I oppstarten \u00a0var de en r\u00e5hogd elektrisk gitar-trio i Hendrix-i-frigir tradisjon, med et rykte p\u00e5 seg for \u00e5 kaste bananer p\u00e5 publikum. Men p\u00e5 et tidspunkt ble ledningen dratt ut av st\u00f8pselet og trioen begynte \u00e5 lytte seg frem til et nytt og kompromissl\u00f8st akustisk uttrykk.  Monkey Plots uttrykk er intimt og ofte lavm\u00e6lt. \u00a0Det f\u00f8les mer rett \u00e5 kalle det musikk for sm\u00e5 rom enn \u00e5 bruke det mer h\u00f8ytidelig klingende &quot;kammermusikk&quot;. Det er nemlig noe hverdagslig og &quot;jorda&quot; med musikken til bandet. Drama er et tilbakelagt stadium, uten at musikken deres er spennings- og motstandsl\u00f8s av den grunn. Monkey Plot er et improviserende band. -Improvisasjonen er verkt\u00f8yet de bruker for lage musikk. De beskriver det selv som en enkel metode som gir et variert og organisk resultat. Musikken er alltid p\u00e5 vei videre. Allikevel blir det feil \u00e5 plassere musikken deres i sjangersekken improvisasjonsmusikk. Vi mistenker at Neil Young og Nick Drake er like viktige inspirasjonskilder for gitarist Christian Winther som improviserende gitarister som Derek Bailey.  I tr\u00e5d med tidligere jazzintrovinnere som blant andre Urban Connection, In the Country og Albatrosh, vil Monkey Plot prege den norske jazzen b\u00e5de i inn- og utland i tiden fremover.<\/p>\n<p><!--more--><\/p>\n<p>Medlemmene i den akustiske trioen Monkey Plot har spilt sammen i fem \u00e5r. \u00a0Med akustisk gitar (Christian Winther), kontrabass (Magnus Nergaard) og trommer (Jan Martin Gismervik) har de gravd seg frem til et uttrykk som minner om mye, men som de samtidig er ganske alene om. \u00a0I oppstarten \u00a0var de en r\u00e5hogd elektrisk gitar-trio i Hendrix-i-frigir tradisjon, med et rykte p\u00e5 seg for \u00e5 kaste bananer p\u00e5 publikum. Men p\u00e5 et tidspunkt ble ledningen dratt ut av st\u00f8pselet og trioen begynte \u00e5 lytte seg frem til et nytt og kompromissl\u00f8st akustisk uttrykk.<\/p>\n<h4>Monkey Plot<\/h4>\n<p>Monkey Plot slapp i 2014 sitt f\u00f8rste album &quot;L\u00f8v og lette vimpler&quot; (Gigafon), innspilt hjemme i stua til frijazznestor Frode Gjerstad. Samme \u00e5r vant de konkurransen Jazzintro, og fikk dermed tittelen &quot;\u00c5rets unge norske jazzmusikere&quot; og et stipend fra vederlagsbyr\u00e5et Gramo. Bandet har turnert flittig og spilt konserter i Norge, Europa og Asia. Det siste \u00e5ret har de gjort flere samarbeidskonserter med den svenske lyriken og lydkunstneren P\u00e4r Th\u00f6rn, som ogs\u00e5 st\u00e5r bak albumtittelen &quot;Ang\u00e5ende omstendigheter som ikke lar seg nedtegne&quot;. Medlemmene i trioen spiller ogs\u00e5 sammen i det eksperimentelle rockebandet Karokh.  I tr\u00e5d med tidligere jazzintrovinnere som blant andre Urban Connection, In the Country og Albatrosh, vil Monkey Plot prege den norske jazzen b\u00e5de i inn- og utland i tiden fremover.<\/p>\n<h4><\/h4>\n<p><h4><\/h4>\n<\/p>\n<p><\/p>","protected":false},"excerpt":{"rendered":"<p>Med akustisk gitar (Christian Winther), kontrabass (Magnus Nergaard) og trommer (Jan Martin Gismervik) har de gravd seg frem til et uttrykk som minner om mye, men som de samtidig er ganske alene om.<\/p>\n","protected":false},"featured_media":27421,"comment_status":"closed","ping_status":"open","template":"","meta":[],"product_brand":[],"product_cat":[36],"product_tag":[],"class_list":{"0":"post-35195","1":"product","2":"type-product","3":"status-publish","4":"has-post-thumbnail","6":"product_cat-hubro","7":"product_shipping_class-cddvd-shipping","8":"uni_artist_tag-christian-winther","9":"uni_artist_tag-jan-martin-gismervik","10":"uni_artist_tag-monkey-plot","11":"uni_main_artist_tag-monkey-plot","12":"uni_artist_genre-improvised-music","13":"uni_artist_genre-instrumental","15":"first","16":"instock","17":"taxable","18":"shipping-taxable","19":"purchasable","20":"product-type-variable","21":"has-default-attributes"},"_links":{"self":[{"href":"https:\/\/grappa.no\/no\/wp-json\/wp\/v2\/product\/35195","targetHints":{"allow":["GET"]}}],"collection":[{"href":"https:\/\/grappa.no\/no\/wp-json\/wp\/v2\/product"}],"about":[{"href":"https:\/\/grappa.no\/no\/wp-json\/wp\/v2\/types\/product"}],"replies":[{"embeddable":true,"href":"https:\/\/grappa.no\/no\/wp-json\/wp\/v2\/comments?post=35195"}],"wp:featuredmedia":[{"embeddable":true,"href":"https:\/\/grappa.no\/no\/wp-json\/wp\/v2\/media\/27421"}],"wp:attachment":[{"href":"https:\/\/grappa.no\/no\/wp-json\/wp\/v2\/media?parent=35195"}],"wp:term":[{"taxonomy":"product_brand","embeddable":true,"href":"https:\/\/grappa.no\/no\/wp-json\/wp\/v2\/product_brand?post=35195"},{"taxonomy":"product_cat","embeddable":true,"href":"https:\/\/grappa.no\/no\/wp-json\/wp\/v2\/product_cat?post=35195"},{"taxonomy":"product_tag","embeddable":true,"href":"https:\/\/grappa.no\/no\/wp-json\/wp\/v2\/product_tag?post=35195"}],"curies":[{"name":"wp","href":"https:\/\/api.w.org\/{rel}","templated":true}]}}