{"id":35192,"date":"2015-01-23T00:00:00","date_gmt":"2015-01-22T23:00:00","guid":{"rendered":"http:\/\/www.grappa.no\/albums\/uncategorized\/christian-wallumrod-pianokammer\/"},"modified":"2020-08-21T09:16:12","modified_gmt":"2020-08-21T08:16:12","slug":"pianokammer","status":"publish","type":"product","link":"https:\/\/grappa.no\/no\/albums\/hubro\/pianokammer\/","title":{"rendered":"Pianokammer"},"content":{"rendered":"<p><\/p>\n<p>Wallumr\u00f8ds solodebut  Christian Wallumr\u00f8d (1971) har i en \u00e5rrekke v\u00e6rt en av de fremste og mest originale musikkskaperene i norsk musikkliv, og b\u00e5de som komponist og pianist er han umiddelbart gjenkjennbar, men samtidig er et hvert fors\u00f8k p\u00e5 \u00e5 sette musikken hans i b\u00e5s d\u00f8mt til \u00e5 mislykkes. P\u00e5 sitt f\u00f8rste soloalbum, \u201cPianokammer\u201d, har Wallumr\u00f8d, ikke overraskende, funnet sine helt egne vrier og veier. Han har laget et inspirert soloalbum som b\u00e5de utfordrer og behager.  Albumet, som er produsert av Wallumr\u00f8d selv, er innspilt i en rekke ulike rom og p\u00e5 forskjellige flygler. Han eksperimenterer b\u00e5de med ulike opptaksteknikker, overdubs, naturlig klang og redigering. Musikalsk veksler albumet med stort hell mellom utforskende og utfordrende ekskursjoner og avhengighetsdannende, slentrende og melodiske stykker. Musikken er vekselvis veldig n\u00e6r og langt ute. \u201cPianokammer\u201d er i st\u00f8rre grad enn hans tidligere album en studiokonstruksjon, men uten \u00e5 miste den typen kammermusikalsk nerve som vi er vant til fra hans hold.  Wallumr\u00f8d vant en Spellemann for sitt forrige album \u201cOutstairs\u201d (ECM, 2013) og ble nominert til Nordisk r\u00e5ds musikkpris for albumet \u201cFabula Suite Lugano\u201d (ECM, 2010)<\/p>\n<p><!--more--><\/p>\n<p>Christian Wallumr\u00f8d (1971) har i en \u00e5rrekke v\u00e6rt en av de fremste og mest originale musikkskaperene i norsk musikkliv, og b\u00e5de som komponist og pianist er han umiddelbart gjenkjennbar, men samtidig er et hvert fors\u00f8k p\u00e5 \u00e5 sette musikken hans i b\u00e5s d\u00f8mt til \u00e5 mislykkes.<\/p>\n<h4>Sin egen nisje<\/h4>\n<p>Med bakgrunn fra jazz og kirkemusikk har Christian Wallumr\u00f8d  med sine fire plater med skiftende ensemble p\u00e5 ECM spilt bort skillet mellom jazz, salmer, gospel, folkemusikk, barokk og samtidsmusikk, og meislet seg sin egen nisje i lyttere og kritikeres hjerter og bevissthet. I tillegg har han parallelt gjort like oppsiktsvekkende samarbeidsprosjekter i gruppen Dans les Arbres, men ogs\u00e5 med artister som Susanne Sundf\u00f8r, Nils Petter Molv\u00e6r, Ricardo Villalobos &amp; Max Loderbauer, Karl Seglem, Jan Bang, Garth Knox, DJ Strangefruit, Oslo Sinfonietta og Kim Myhr.  Wallumr\u00f8d vant en Spellemann for sitt forrige album \u201cOutstairs\u201d (ECM, 2013) og ble nominert til Nordisk r\u00e5ds musikkpris for albumet \u201cFabula Suite Lugano\u201d (ECM, 2010).<\/p>\n<h4><\/h4>\n<p><h4><\/h4>\n<\/p>\n<p><\/p>","protected":false},"excerpt":{"rendered":"<p>P\u00e5 sitt f\u00f8rste soloalbum, \u201cPianokammer\u201d, har Wallumr\u00f8d, ikke overraskende, funnet sine helt egne vrier og veier. Han har laget et inspirert soloalbum som b\u00e5de utfordrer og behager.<\/p>\n","protected":false},"featured_media":27410,"comment_status":"closed","ping_status":"open","template":"","meta":[],"product_brand":[],"product_cat":[36],"product_tag":[],"class_list":{"0":"post-35192","1":"product","2":"type-product","3":"status-publish","4":"has-post-thumbnail","6":"product_cat-hubro","7":"product_shipping_class-cddvd-shipping","8":"uni_artist_tag-christian-wallumrod","9":"uni_main_artist_tag-christian-wallumrod","10":"uni_artist_genre-contemporary-music","11":"uni_artist_genre-improvised-music","12":"uni_artist_genre-instrumental","13":"uni_artist_genre-jazz","15":"first","16":"instock","17":"taxable","18":"shipping-taxable","19":"purchasable","20":"product-type-variable","21":"has-default-attributes"},"_links":{"self":[{"href":"https:\/\/grappa.no\/no\/wp-json\/wp\/v2\/product\/35192","targetHints":{"allow":["GET"]}}],"collection":[{"href":"https:\/\/grappa.no\/no\/wp-json\/wp\/v2\/product"}],"about":[{"href":"https:\/\/grappa.no\/no\/wp-json\/wp\/v2\/types\/product"}],"replies":[{"embeddable":true,"href":"https:\/\/grappa.no\/no\/wp-json\/wp\/v2\/comments?post=35192"}],"wp:featuredmedia":[{"embeddable":true,"href":"https:\/\/grappa.no\/no\/wp-json\/wp\/v2\/media\/27410"}],"wp:attachment":[{"href":"https:\/\/grappa.no\/no\/wp-json\/wp\/v2\/media?parent=35192"}],"wp:term":[{"taxonomy":"product_brand","embeddable":true,"href":"https:\/\/grappa.no\/no\/wp-json\/wp\/v2\/product_brand?post=35192"},{"taxonomy":"product_cat","embeddable":true,"href":"https:\/\/grappa.no\/no\/wp-json\/wp\/v2\/product_cat?post=35192"},{"taxonomy":"product_tag","embeddable":true,"href":"https:\/\/grappa.no\/no\/wp-json\/wp\/v2\/product_tag?post=35192"}],"curies":[{"name":"wp","href":"https:\/\/api.w.org\/{rel}","templated":true}]}}