{"id":35189,"date":"2014-03-07T00:00:00","date_gmt":"2014-03-06T23:00:00","guid":{"rendered":"http:\/\/www.grappa.no\/albums\/uncategorized\/building-instrument\/"},"modified":"2020-08-21T09:16:11","modified_gmt":"2020-08-21T08:16:11","slug":"building-instrument","status":"publish","type":"product","link":"https:\/\/grappa.no\/no\/albums\/hubro\/building-instrument\/","title":{"rendered":"Building Instrument"},"content":{"rendered":"<p><\/p>\n<p>S\u00e6regen triodebut  P\u00e5 det selvtitulerte debutalbumet til Building Instrument m\u00f8ter vi et band som har tatt seg sv\u00e6rt god tid p\u00e5 \u00e5 destillere seg frem til et s\u00e6regent uttrykk. En sjelden kvalitet i v\u00e5r tid der det underliggende mantraet er at alt skjer N\u00c5.\u00a0N\u00e5r trioen endelig, seks \u00e5r etter oppstarten, slipper sitt f\u00f8rste album er forventningene store.   Trioen Building Instrument best\u00e5r av Mari Kvien Brunvoll (vokal, sampler, zither, perkusjon, kazoo), \u00d8yvind Hegg-Lunde (trommer og perkusjon) og \u00c5smund Weltzien (synth, elektronikk, melodika).\u00a0Trommeslager \u00d8yvind Hegg-Lunde spiller i de plateaktuell bandene The Big Almost og Crab is Crap m\/ St\u00e5le Storl\u00f8kken, og turnerer for tiden verden rundt med svenske Jos\u00e9 Gonzalez og hans band Junip. \u00c5smund Weltzien spiller med Thea N\u00e6ss.  Vokalist Mari Kvien Brunvoll fra Molde synger for f\u00f8rste gang p\u00e5 norsk p\u00e5 dette albumet, n\u00e6rmerere bestemt p\u00e5 moldenser. Mari har blitt beskrevet som \u00abet eksepsjonelt talent\u00bb av pianist Bugge Wesseltoft, som ogs\u00e5 gav ut hennes f\u00f8rste soloalbum p\u00e5 sin label Jazzland. Albumet ble nominert til en Spellemann i \u00e5pen klasse. Det ble ogs\u00e5 hennes andre album med duoen hun har sammen med \u00a0HUBRO-aktuelle Stein Urheim. L\u00e5ten \u00abEverywhere You Go\u00bb fra soloalbumet skaffet henne et nytt og stort publikum etter at den allestedsn\u00e6rverende musikeren og DJ\u00b4en Ricardo Villalobos oppdaget l\u00e5ten og gjorde en inspirert og lang remiks. Helt p\u00e5 tampen av fjor\u00e5ret slapp hun ogs\u00e5 et lite lo-fi mesterverk av et album med duoen Tim Tygg. Mari har turnert mye som soloartist og har en egen evne til \u00e5 sette fyr p\u00e5 et lyttende konsertpublikum.  Trioen begynte f\u00f8rst \u00e5 spille sammen i Bergen i 2008, og id\u00e9en var i utgangspunktet \u00e5 utforske elektronisk musikk. En prosjektid\u00e9 som ganske fort ble forlatt til fordel for en mer akustisk og hjemmesnekret retning.   Debutalbumet til Building Instrument har blitt innspilt over lang tid og har blitt en utgivelse som det virkelig har v\u00e6rt verdt \u00e5 vente p\u00e5. Trioen b\u00e5de imponerer og r\u00f8rer med musikk som er b\u00e5de stilig, fantasifull og hudl\u00f8s.<\/p>\n<p><!--more--><\/p>\n<p>P\u00e5 det selvtitulerte debutalbumet til Building Instrument m\u00f8ter vi et band som har tatt seg sv\u00e6rt god tid p\u00e5 \u00e5 destillere seg frem til et s\u00e6regent uttrykk. En sjelden kvalitet i v\u00e5r tid der det underliggende mantraet er at alt skjer N\u00c5.\u00a0N\u00e5r trioen endelig, seks \u00e5r etter oppstarten, slipper sitt f\u00f8rste album er forventningene store. Trioen har gjort konserter som har satt varige spor i mange publikummere. Etter en konsert skrev Irish Times:\u00a0it\u2019s a pleasure to discover their creativity and cheerfully aggressive attitude to music&#8230;It\u2019s exciting to watch, very accessible and highly emotive..\u00bb<\/p>\n<h4>P\u00e5 norsk for f\u00f8rste gang<\/h4>\n<p>Vokalist Mari Kvien Brunvoll fra Molde synger for f\u00f8rste gang p\u00e5 norsk p\u00e5 dette albumet, n\u00e6rmerere bestemt p\u00e5 moldenser. Mari har blitt beskrevet som \u00abet eksepsjonelt talent\u00bb av pianist Bugge Wesseltoft, som ogs\u00e5 gav ut hennes f\u00f8rste soloalbum p\u00e5 sin label Jazzland. Albumet ble nominert til en Spellemann i \u00e5pen klasse. Det ble ogs\u00e5 hennes andre album med duoen hun har sammen med \u00a0HUBRO-aktuelle Stein Urheim. L\u00e5ten \u00abEverywhere You Go\u00bb fra soloalbumet skaffet henne et nytt og stort publikum etter at den allestedsn\u00e6rverende musikeren og DJ\u00b4en Ricardo Villalobos oppdaget l\u00e5ten og gjorde en inspirert og lang remiks. Helt p\u00e5 tampen av fjor\u00e5ret slapp hun ogs\u00e5 et lite lo-fi mesterverk av et album med duoen Tim Tygg. Mari har turnert mye som soloartist og har en egen evne til \u00e5 sette fyr p\u00e5 et lyttende konsertpublikum.<\/p>\n<h4>Samspilt og demokratisk trio<\/h4>\n<p>Trioen begynte f\u00f8rst \u00e5 spille sammen i Bergen i 2008, og id\u00e9en var i utgangspunktet \u00e5 utforske elektronisk musikk. En prosjektid\u00e9 som ganske fort ble forlatt til fordel for en mer akustisk og hjemmesnekret retning. Trioen befinner seg n\u00e5 p\u00e5 sin helt egendefinerte plass &#8211; og i et ingenmannsland rent sjangermessig. L\u00e5tmaterialet er for en stor del improvisert og lekt frem i fellesskap. En av de mest sl\u00e5ende tingene ved trioen er hvor godt de mestrer b\u00e5de kunsten \u00e5 holde igjen, og hvordan de samtidig t\u00f8r \u00e5 slippe alt l\u00f8s. De musikalske sprangene denne trioen tar oppleves som helt s\u00f8ml\u00f8se: fra catchy rytmer via frie improviserte partier til f\u00f8lelsesladede melodier.\u00a0  Debutalbumet til Building Instrument har blitt innspilt over lang tid og har blitt en utgivelse som det virkelig har v\u00e6rt verdt \u00e5 vente p\u00e5. Trioen b\u00e5de imponerer og r\u00f8rer med musikk som er b\u00e5de stilig, fantasifull og hudl\u00f8s.<\/p>\n<h4><\/h4>\n<\/p>\n<p><\/p>","protected":false},"excerpt":{"rendered":"<p>Trioen b\u00e5de imponerer og r\u00f8rer med musikk som er b\u00e5de stilig, fantasifull og hudl\u00f8s.<\/p>\n","protected":false},"featured_media":27407,"comment_status":"closed","ping_status":"open","template":"","meta":[],"product_brand":[],"product_cat":[36],"product_tag":[],"class_list":{"0":"post-35189","1":"product","2":"type-product","3":"status-publish","4":"has-post-thumbnail","6":"product_cat-hubro","7":"product_shipping_class-cddvd-shipping","8":"uni_artist_tag-asmund-weltzien","9":"uni_artist_tag-building-instrument","10":"uni_artist_tag-mari-kvien-brunvoll","11":"uni_artist_tag-oyvind-hegg-lunde","12":"uni_main_artist_tag-building-instrument","13":"uni_artist_genre-improvised-music","14":"uni_artist_genre-pop","16":"first","17":"instock","18":"taxable","19":"shipping-taxable","20":"purchasable","21":"product-type-variable","22":"has-default-attributes"},"_links":{"self":[{"href":"https:\/\/grappa.no\/no\/wp-json\/wp\/v2\/product\/35189","targetHints":{"allow":["GET"]}}],"collection":[{"href":"https:\/\/grappa.no\/no\/wp-json\/wp\/v2\/product"}],"about":[{"href":"https:\/\/grappa.no\/no\/wp-json\/wp\/v2\/types\/product"}],"replies":[{"embeddable":true,"href":"https:\/\/grappa.no\/no\/wp-json\/wp\/v2\/comments?post=35189"}],"wp:featuredmedia":[{"embeddable":true,"href":"https:\/\/grappa.no\/no\/wp-json\/wp\/v2\/media\/27407"}],"wp:attachment":[{"href":"https:\/\/grappa.no\/no\/wp-json\/wp\/v2\/media?parent=35189"}],"wp:term":[{"taxonomy":"product_brand","embeddable":true,"href":"https:\/\/grappa.no\/no\/wp-json\/wp\/v2\/product_brand?post=35189"},{"taxonomy":"product_cat","embeddable":true,"href":"https:\/\/grappa.no\/no\/wp-json\/wp\/v2\/product_cat?post=35189"},{"taxonomy":"product_tag","embeddable":true,"href":"https:\/\/grappa.no\/no\/wp-json\/wp\/v2\/product_tag?post=35189"}],"curies":[{"name":"wp","href":"https:\/\/api.w.org\/{rel}","templated":true}]}}