{"id":35186,"date":"2015-10-23T00:00:00","date_gmt":"2015-10-22T23:00:00","guid":{"rendered":"http:\/\/www.grappa.no\/albums\/uncategorized\/ivar-grydeland-stop-freeze-wait-eat\/"},"modified":"2020-08-21T09:16:07","modified_gmt":"2020-08-21T08:16:07","slug":"stop-freeze-wait-eat","status":"publish","type":"product","link":"https:\/\/grappa.no\/no\/albums\/hubro\/stop-freeze-wait-eat\/","title":{"rendered":"Stop Freeze Wait Eat"},"content":{"rendered":"<p><\/p>\n<p>Vol. 2 fra Ivar Grydeland  Ivar Grydeland er sannsynligvis mest kjent som medlem av improviserende band som Huntsville, Ballrogg og Dans les Arbres (ECM) som er nominert til Nordisk R\u00e5ds Musikkpris i \u00e5r. Han spiller ogs\u00e5 s\u00e6regen pop med Hanne Hukkelberg og instrumental rock med bandet Finland som slapp sitt debutalbum p\u00e5 Hubro tidligere i \u00e5r.   Solodebut-albumet hans Bathymetric Modes ble sluppet i 2012 til sv\u00e6rt positive kritikker. All About Jazz skrev i sin anmeldelse at \u201cGrydeland har levert et album som med sin kombinasjon av lyrisk skj\u00f8nnhet og spennende lydverdener gj\u00f8r ham fortjent til den samme internasjonale oppmerksomheten som flere av hans mer kjente norske kolleger har v\u00e6rt forunt.\u201d   Albumet Stop Freeze Wait Eat spinner p\u00e5 en fascinerende m\u00e5te et nennsomt og uoversiktelig edderkoppnett mellom st\u00f8rrelser og sjangere som hi-fi og lo-fi, droner, abstrakt elektronika, improv og americana. Loren Connors, Oren Ambarchi og Terry Riley er naturlige referanser \u00e5 nevne her. Albumet er frukten av arbeidet med et kunstnerisk PhD prosjekt kalt \u201cEnsemble of Me\u201d ved Musikkh\u00f8yskolen i Oslo. Ivar ville gj\u00f8re det mulig \u00e5 skape ensemblemusikk som solout\u00f8ver. Han pr\u00f8ver \u00e5 skape et \u201cutvidet n\u00e5\u201d ved \u00e5 improvisere over lyden av det han spilte for 10-12 sekunder siden. &quot;Jeg jobber p\u00e5 samme m\u00e5te som jeg innbiller meg billedkunstneren kan jobbe: ta et skritt tilbake og revurdere, f\u00f8r han vender tilbake til lerretet.\u00a0Jeg liker denne vekslingen mellom intuisjon og refleksjon n\u00e5r jeg jobber i studio. &quot;\u00a0  Ivar Grydeland spiller akustiske og elektriske gitarer, pedal steel og banjo med en blanding av prepareringer, finger-picking, ulike buer, metall, propeller og elektronikk.\u00a0Han underviser ved Norges musikkh\u00f8gskole og er en av grunnleggerene av etiketten Sofa. Grydelands originale og personlig musikk kan v\u00e6re b\u00e5de abstrakt og krevende, men er samtidig fengende og drar deg med inn i forskjellige musikalske landskap og stemninger.<\/p>\n<p><!--more--><\/p>\n<p>Ivar Grydeland er sannsynligvis mest kjent som medlem av improviserende band som Huntsville, Ballrogg og Dans les Arbres (ECM) som er nominert til Nordisk R\u00e5ds Musikkpris i \u00e5r. Han spiller ogs\u00e5 s\u00e6regen pop med Hanne Hukkelberg og instrumental rock med bandet Finland som slapp sitt debutalbum p\u00e5 Hubro tidligere i \u00e5r.<\/p>\n<h4>Stop Freeze Wait Eat<\/h4>\n<p>Albumet Stop Freeze Wait Eat spinner p\u00e5 en fascinerende m\u00e5te et nennsomt og uoversiktelig edderkoppnett mellom st\u00f8rrelser og sjangere som hi-fi og lo-fi, droner, abstrakt elektronika, improv og americana. Loren Connors, Oren Ambarchi og Terry Riley er naturlige referanser \u00e5 nevne her. Albumet er frukten av arbeidet med et kunstnerisk PhD prosjekt kalt \u201cEnsemble of Me\u201d ved Musikkh\u00f8yskolen i Oslo. Ivar ville gj\u00f8re det mulig \u00e5 skape ensemblemusikk som solout\u00f8ver. Han pr\u00f8ver \u00e5 skape et \u201cutvidet n\u00e5\u201d ved \u00e5 improvisere over lyden av det han spilte for 10-12 sekunder siden. &quot;Jeg jobber p\u00e5 samme m\u00e5te som jeg innbiller meg billedkunstneren kan jobbe: ta et skritt tilbake og revurdere, f\u00f8r han vender tilbake til lerretet.\u00a0Jeg liker denne vekslingen mellom intuisjon og refleksjon n\u00e5r jeg jobber i studio. &quot;\u00a0  Ivar Grydeland spiller akustiske og elektriske gitarer, pedal steel og banjo med en blanding av prepareringer, finger-picking, ulike buer, metall, propeller og elektronikk.\u00a0Han underviser ved Norges Musikkh\u00f8yskole og er en av grunnleggerene av etiketten Sofa. Grydelands originale og personlig musikk kan v\u00e6re b\u00e5de abstrakt og krevende, men er samtidig fengende og drar deg med inn i forskjellige musikalske landskap og stemninger.<\/p>\n<h4><\/h4>\n<p><h4><\/h4>\n<\/p>\n<p><\/p>","protected":false},"excerpt":{"rendered":"<p>Grydelands originale og personlig musikk kan v\u00e6re b\u00e5de abstrakt og krevende, men er samtidig fengende og drar deg med inn i forskjellige musikalske landskap og stemninger.<\/p>\n","protected":false},"featured_media":27404,"comment_status":"closed","ping_status":"open","template":"","meta":[],"product_brand":[],"product_cat":[36],"product_tag":[],"class_list":{"0":"post-35186","1":"product","2":"type-product","3":"status-publish","4":"has-post-thumbnail","6":"product_cat-hubro","7":"product_shipping_class-cddvd-shipping","8":"uni_artist_tag-andreas-risanger-meland","9":"uni_artist_tag-ivar-grydeland","10":"uni_main_artist_tag-ivar-grydeland","11":"uni_artist_genre-contemporary-music","12":"uni_artist_genre-electronic","13":"uni_artist_genre-improvised-music","14":"uni_artist_genre-instrumental","16":"first","17":"instock","18":"taxable","19":"shipping-taxable","20":"purchasable","21":"product-type-variable","22":"has-default-attributes"},"_links":{"self":[{"href":"https:\/\/grappa.no\/no\/wp-json\/wp\/v2\/product\/35186","targetHints":{"allow":["GET"]}}],"collection":[{"href":"https:\/\/grappa.no\/no\/wp-json\/wp\/v2\/product"}],"about":[{"href":"https:\/\/grappa.no\/no\/wp-json\/wp\/v2\/types\/product"}],"replies":[{"embeddable":true,"href":"https:\/\/grappa.no\/no\/wp-json\/wp\/v2\/comments?post=35186"}],"wp:featuredmedia":[{"embeddable":true,"href":"https:\/\/grappa.no\/no\/wp-json\/wp\/v2\/media\/27404"}],"wp:attachment":[{"href":"https:\/\/grappa.no\/no\/wp-json\/wp\/v2\/media?parent=35186"}],"wp:term":[{"taxonomy":"product_brand","embeddable":true,"href":"https:\/\/grappa.no\/no\/wp-json\/wp\/v2\/product_brand?post=35186"},{"taxonomy":"product_cat","embeddable":true,"href":"https:\/\/grappa.no\/no\/wp-json\/wp\/v2\/product_cat?post=35186"},{"taxonomy":"product_tag","embeddable":true,"href":"https:\/\/grappa.no\/no\/wp-json\/wp\/v2\/product_tag?post=35186"}],"curies":[{"name":"wp","href":"https:\/\/api.w.org\/{rel}","templated":true}]}}