{"id":35183,"date":"2015-02-20T00:00:00","date_gmt":"2015-02-19T23:00:00","guid":{"rendered":"http:\/\/www.grappa.no\/albums\/uncategorized\/skydive-trio-sun-moee\/"},"modified":"2020-08-21T09:16:05","modified_gmt":"2020-08-21T08:16:05","slug":"sun-moee","status":"publish","type":"product","link":"https:\/\/grappa.no\/no\/albums\/hubro\/sun-moee\/","title":{"rendered":"Sun Moee"},"content":{"rendered":"<p><\/p>\n<p>Gitartrio  P\u00e5 albumet Sun Moee blir vi for f\u00f8rste gang i sin fulle bredde presentert for gitarist Thomas T. Dahl som leder og drivende kraft i et band. Skydive Trio er en god gammeldags gitartrio trygt plantet i melodisk jordsmonn og n\u00e6ret av rike harmonier og den fulltonende gitartrolldomen til Thomas T. Dahl. Spillet hans surfer p\u00e5 rytmiske b\u00f8lger fra den finske trommeslageren Olavi Louhivuori (Oddarang, Tomasz Stanko) og det norske bass-esset Mats Eilertsen (Tord Gustavsen).   Dahl har signert flere av l\u00e5tene p\u00e5 albumet, deriblant tittell\u00e5ten Sun Moee, Slow Turn og Talbot men\u00a0Eilertsen og Louhivuori bidrar ogs\u00e5 begge med l\u00e5tmateriale. I tillegg f\u00e5r vi ogs\u00e5 en spennende coverversjon av Portisheadl\u00e5ten &quot;Sour Times&quot;. Medlemmene i Skydive Trio har jobbet sammen som del av st\u00f8rre band i en \u00e5rrekke, og det h\u00f8res. Alle tre spiller p\u00e5 Mats Eilertsens &quot;Radio Yonder&quot; (2009) og &quot;SkyDive&quot; (2011), og alle tre var ogs\u00e5 med p\u00e5 Eilertsens storverk &quot;Rubicon&quot; som ble urfremf\u00f8rt under VossaJazz i 2014.   \u00abSun Moee\u00bb ble innspilt i Village Recording Studios i K\u00f8benhavn og er produsert av bandet selv. &#8211; Et inspirert jazzalbum fra en bunnsolid trio.<\/p>\n<p><!--more--><\/p>\n<p>P\u00e5 albumet Sun Moee blir vi for f\u00f8rste gang i sin fulle bredde presentert for gitarist Thomas T. Dahl som leder og drivende kraft i et band. Skydive Trio er en god gammeldags gitartrio trygt plantet i melodisk jordsmonn og n\u00e6ret av rike harmonier og den fulltonende gitartrolldomen til Thomas T. Dahl. Spillet hans surfer p\u00e5 rytmiske b\u00f8lger fra den finske trommeslageren Olavi Louhivuori (Oddarang, Tomasz Stanko) og det norske bass-esset Mats Eilertsen (Tord Gustavsen).<\/p>\n<h4>Thomas T. Dahl<\/h4>\n<p>Thomas T. Dahl studerte ved Jazzlinja i Trondheim og fikk sitt f\u00f8rste gjennombrudd som medlem i det prisvinnende bandet Kr\u00f8yt med vokalist Kristin Asbj\u00f8rnsen. Han har en imponerende musikalsk kapasitet og f\u00f8ler seg like hjemme i mange ulike stiler og sjangere. P\u00e5 Sun Moee maler han et filmatisk landskap der elementer fra pop og rock og subtil elektronisk manipulering m\u00f8ter  strengelyd. Dahl har tidligere utgitt album med bandet BMX sammen med Per J\u00f8rgensen, Dingobats med Eirik Hegdal, og han har samarbeidet med Erlend Skomsvoll, Jon Balke, Hilmar Jensson, Nils-Olav Johansen, Ole Hamre, John Inderberg, Karin Park, Highasakite og Ephemera.\u00a0<\/p>\n<h4>Om trioen<\/h4>\n<p>Medlemmene i Skydive Trio har jobbet sammen som del av st\u00f8rre band i en \u00e5rrekke, og det h\u00f8res. Alle tre spiller p\u00e5 Mats Eilertsens &quot;Radio Yonder&quot; (2009) og &quot;SkyDive&quot; (2011), og alle tre var ogs\u00e5 med p\u00e5 Eilertsens storverk &quot;Rubicon&quot; som ble urfremf\u00f8rt under VossaJazz i 2014.  Mats Eilertsen har gitt ut fire album i eget navn p\u00e5 HUBRO s\u00e5 langt. Han er kjent for sitt varme og lyriske basspill. Eilertsen er st\u00f8dig drivende og eksperimentell p\u00e5 samme tid. Han holder i roret, men er ogs\u00e5 \u00e5pen og alltid p\u00e5 jakt etter nye lyder. Han er en sv\u00e6rt aktiv og produktiv musiker og komponist, og har spilt p\u00e5 album med Tord Gustavsen, The Source, Wolfert Brederode Quartet, Parish, H\u00e5kon Kornstad Trio, Food med Iain Ballamy, Jacob Young, Solveig Slettahjell\u00b4s Slow Motion Orchestra og H\u00e5vard Wiik Trio.  Olavi Louhivuori er en gnistrende talentfull ung finsk trommeslager og perkusjonist med h\u00f8y energi og en positiv grunntone i spillet sitt. Han utfordrer og oppmuntrer sine medmusikere til \u00e5 strekke seg b\u00e5de kreativt og musikalsk. Louhivuori har studert trommer og komposisjon p\u00e5 Sibeliusakademiet. Hele tre band han har spilt i har blitt k\u00e5ret til &quot;Young Nordic Jazz Group&quot;: Joon Toivanen Trio, Ilmilekki Qurtet og Sun Trio. Olavi har turn\u00e9rt og gjort innspillinger med den polske trompetlegenden Tomasz Stanko, men han har ogs\u00e5 spilt med Anthony Braxton, Marilyn Crispell, Susanne Abbuehl og Kenny Wheeler. Han har utgitt flere album med sine egne band og som soloartist og fikk den finske Emma prisen med bandet Oddarang i 2007.   \u00abSun Moee\u00bb ble innspilt i Village Recording Studios i K\u00f8benhavn og er produsert av bandet selv. &#8211; Et inspirert jazzalbum fra en bunnsolid trio.<\/p>\n<h4><\/h4>\n<\/p>\n<p><\/p>","protected":false},"excerpt":{"rendered":"<p>P\u00e5 albumet Sun Moee blir vi for f\u00f8rste gang i sin fulle bredde presentert for gitarist Thomas T. Dahl som leder og drivende kraft i et band.<\/p>\n","protected":false},"featured_media":27403,"comment_status":"closed","ping_status":"open","template":"","meta":[],"product_brand":[],"product_cat":[36],"product_tag":[],"class_list":{"0":"post-35183","1":"product","2":"type-product","3":"status-publish","4":"has-post-thumbnail","6":"product_cat-hubro","7":"product_shipping_class-cddvd-shipping","8":"uni_artist_tag-adrian-utley","9":"uni_artist_tag-beth-gibbone","10":"uni_artist_tag-geoff-barrow","11":"uni_artist_tag-henry-brooks","12":"uni_artist_tag-lalo-schifrin","13":"uni_artist_tag-mats-eilertsen","14":"uni_artist_tag-olavi-louhivuori","15":"uni_artist_tag-otis-turner","16":"uni_artist_tag-skydive-trio","17":"uni_artist_tag-thomas-dahl","18":"uni_main_artist_tag-skydive-trio","19":"uni_artist_genre-instrumental","20":"uni_artist_genre-jazz","22":"first","23":"instock","24":"taxable","25":"shipping-taxable","26":"purchasable","27":"product-type-variable","28":"has-default-attributes"},"_links":{"self":[{"href":"https:\/\/grappa.no\/no\/wp-json\/wp\/v2\/product\/35183","targetHints":{"allow":["GET"]}}],"collection":[{"href":"https:\/\/grappa.no\/no\/wp-json\/wp\/v2\/product"}],"about":[{"href":"https:\/\/grappa.no\/no\/wp-json\/wp\/v2\/types\/product"}],"replies":[{"embeddable":true,"href":"https:\/\/grappa.no\/no\/wp-json\/wp\/v2\/comments?post=35183"}],"wp:featuredmedia":[{"embeddable":true,"href":"https:\/\/grappa.no\/no\/wp-json\/wp\/v2\/media\/27403"}],"wp:attachment":[{"href":"https:\/\/grappa.no\/no\/wp-json\/wp\/v2\/media?parent=35183"}],"wp:term":[{"taxonomy":"product_brand","embeddable":true,"href":"https:\/\/grappa.no\/no\/wp-json\/wp\/v2\/product_brand?post=35183"},{"taxonomy":"product_cat","embeddable":true,"href":"https:\/\/grappa.no\/no\/wp-json\/wp\/v2\/product_cat?post=35183"},{"taxonomy":"product_tag","embeddable":true,"href":"https:\/\/grappa.no\/no\/wp-json\/wp\/v2\/product_tag?post=35183"}],"curies":[{"name":"wp","href":"https:\/\/api.w.org\/{rel}","templated":true}]}}