{"id":35180,"date":"2013-10-04T00:00:00","date_gmt":"2013-10-03T23:00:00","guid":{"rendered":"http:\/\/www.grappa.no\/albums\/uncategorized\/skadedyr-kongekrabbe\/"},"modified":"2020-08-21T08:58:06","modified_gmt":"2020-08-21T07:58:06","slug":"kongekrabbe","status":"publish","type":"product","link":"https:\/\/grappa.no\/no\/albums\/hubro\/kongekrabbe\/","title":{"rendered":"Kongekrabbe"},"content":{"rendered":"<p><\/p>\n<p>Debuterende skadedyr  \u00abKongekrabbe\u00bb er debutalbumet til det demokratiske\/anarkistiske bandet Skadedyr. P\u00e5 kort tid har de skaffet seg et rykte som et av Norges mest spennende band. Skadedyr teller alt i alt 12 musikere og et enda st\u00f8rre instrumentarium. Med messingseksjon, gitarer, tangenter, vokal, to trommiser, stryk og trekkspill \u00f8ser de ut musikalske bilder og fortellinger.  Skadedyr ble startet av Heida Karine J\u00f3hannesd\u00f3ttir Mobeck og Anja Lauvdal, som ogs\u00e5 spilte i n\u00e5 nedlagte Your Headlights Are On. Det to st\u00e5r ogs\u00e5 bak det id\u00e9rike l\u00e5tmaterialet p\u00e5 debutalbumet.\u00a0Bandet \u00f8ver inn og arrangerer all musikken i fellesskap &#8211; uten noter, men med vid\u00e5pne \u00f8rer og \u00f8yne. Med i bandet finnes unge og lovende musikere fra band som Moskus, Broen, \u00d3sk, Karokh, Sn\u00f8skred, Skrap og Hullyboo.\u00a0  Albumet er innspilt live i studio p\u00e5 bare \u00e9n dag sammen med produsent Andreas Mj\u00f8s (Jaga Jazzist), og vitner om et sv\u00e6rt samspilt og originalt band med en forkj\u00e6rlighet b\u00e5de for det psykedeliske, progressive og ville, og det mer jordn\u00e6re og melodi\u00f8se. De henter inspirasjon fra all slags musikk de er glad i, og bandet har med sin store besetning et tilsvarende stort musikalsk landskap \u00e5 boltre seg i.   \u00abKongekrabbe\u00bb er det f\u00f8rste albumet fra et band som garantert vil begeistre mange ulike musikkmilj\u00f8er med sin kompromissl\u00f8se og fengende musikk. Anbefales!<\/p>\n<p><!--more--><\/p>\n<p>\u00abKongekrabbe\u00bb er debutalbumet til det demokratiske\/anarkistiske bandet Skadedyr. P\u00e5 kort tid har de skaffet seg et rykte som et av Norges mest spennende band. Skadedyr teller alt i alt 12 musikere og et enda st\u00f8rre instrumentarium. Med messingseksjon, gitarer, tangenter, vokal, to trommiser, stryk og trekkspill \u00f8ser de ut musikalske bilder og fortellinger.<\/p>\n<h4>Live i studio<\/h4>\n<p>Albumet er innspilt live i studio p\u00e5 bare \u00e9n dag sammen med produsent Andreas Mj\u00f8s (Jaga Jazzist), og vitner om et sv\u00e6rt samspilt og originalt band med en forkj\u00e6rlighet b\u00e5de for det psykedeliske, progressive og ville og det mer jordn\u00e6re og melodi\u00f8se. Skadedyr begrenser seg ikke og nekter seg lite. De henter inspirasjon fra all slags musikk de er glad i, og bandet har med sin store besetning et tilsvarende stort musikalsk landskap \u00e5 boltre seg i.   \u00abKongekrabbe\u00bb er det f\u00f8rste albumet fra et band som garantert vil begeistre mange ulike musikkmilj\u00f8er med sin kompromissl\u00f8se og fengende musikk. Anbefales!<\/p>\n<h4><\/h4>\n<p><h4><\/h4>\n<\/p>\n<p><\/p>","protected":false},"excerpt":{"rendered":"<p>\u00abKongekrabbe\u00bb er det f\u00f8rste albumet fra et band som garantert vil begeistre mange ulike musikkmilj\u00f8er med sin kompromissl\u00f8se og fengende musikk.<\/p>\n","protected":false},"featured_media":27402,"comment_status":"closed","ping_status":"open","template":"","meta":[],"product_brand":[],"product_cat":[36],"product_tag":[],"class_list":{"0":"post-35180","1":"product","2":"type-product","3":"status-publish","4":"has-post-thumbnail","6":"product_cat-hubro","7":"product_shipping_class-cddvd-shipping","8":"uni_artist_tag-adrian-loseth-waade","9":"uni_artist_tag-andreas-mjos","10":"uni_artist_tag-anja-lauvdal","11":"uni_artist_tag-fredrik-luhr-dietrichson","12":"uni_artist_tag-hans-hulbaekmo","13":"uni_artist_tag-heida-katine-johannesdottir-mobeck","14":"uni_artist_tag-henrik-munkeby-norstebo","15":"uni_artist_tag-ida-lovli-hidle","16":"uni_artist_tag-ina-sagstuen","17":"uni_artist_tag-joakim-heibo","18":"uni_artist_tag-lars-ove-fossheim","19":"uni_artist_tag-marius-klovning","20":"uni_artist_tag-skadedyr","21":"uni_artist_tag-torstein-lavik-larsen","22":"uni_main_artist_tag-skadedyr","23":"uni_artist_genre-instrumental","24":"uni_artist_genre-jazz","25":"uni_artist_genre-rock","27":"first","28":"instock","29":"taxable","30":"shipping-taxable","31":"purchasable","32":"product-type-variable","33":"has-default-attributes"},"_links":{"self":[{"href":"https:\/\/grappa.no\/no\/wp-json\/wp\/v2\/product\/35180","targetHints":{"allow":["GET"]}}],"collection":[{"href":"https:\/\/grappa.no\/no\/wp-json\/wp\/v2\/product"}],"about":[{"href":"https:\/\/grappa.no\/no\/wp-json\/wp\/v2\/types\/product"}],"replies":[{"embeddable":true,"href":"https:\/\/grappa.no\/no\/wp-json\/wp\/v2\/comments?post=35180"}],"wp:featuredmedia":[{"embeddable":true,"href":"https:\/\/grappa.no\/no\/wp-json\/wp\/v2\/media\/27402"}],"wp:attachment":[{"href":"https:\/\/grappa.no\/no\/wp-json\/wp\/v2\/media?parent=35180"}],"wp:term":[{"taxonomy":"product_brand","embeddable":true,"href":"https:\/\/grappa.no\/no\/wp-json\/wp\/v2\/product_brand?post=35180"},{"taxonomy":"product_cat","embeddable":true,"href":"https:\/\/grappa.no\/no\/wp-json\/wp\/v2\/product_cat?post=35180"},{"taxonomy":"product_tag","embeddable":true,"href":"https:\/\/grappa.no\/no\/wp-json\/wp\/v2\/product_tag?post=35180"}],"curies":[{"name":"wp","href":"https:\/\/api.w.org\/{rel}","templated":true}]}}