{"id":35177,"date":"2014-04-11T00:00:00","date_gmt":"2014-04-10T23:00:00","guid":{"rendered":"http:\/\/www.grappa.no\/albums\/uncategorized\/moskus-mestertyven\/"},"modified":"2020-08-21T08:58:04","modified_gmt":"2020-08-21T07:58:04","slug":"mestertyven","status":"publish","type":"product","link":"https:\/\/grappa.no\/no\/albums\/hubro\/mestertyven\/","title":{"rendered":"Mestertyven"},"content":{"rendered":"<p><\/p>\n<p>Uredd, instinktiv og finurlig  Moskus sitt debutalbum \u00abSalmesykkel\u00bb fikk str\u00e5lende anmeldelser og ble nominert til hele to Spellemannspriser. P\u00e5 det etterlengtede oppf\u00f8lgeralbumet \u00abMestertyven\u00bb tar trioen, best\u00e5ende av pianist Anja Lauvdal, bassist Fredrik Luhr Dietrichson og trommeslager Hans Hulb\u00e6kmo store steg i ny retning. L\u00e5tene p\u00e5 \u00abSalmesykkel\u00bb hadde v\u00e6rt p\u00e5 repertoaret til trioen lenge f\u00f8r de gikk i studio, men denne gangen valgte de en helt annen innfallsvinkel. \u00c6rverdige Atlantis Grammofon Studio i Stockholm ble byttet ut med Ris\u00f8r kirke, flygel erstattet med piano, og inn\u00f8vde l\u00e5ter med blanke ark.  Grepet med \u00e5 bytte ut den rike klangpaletten til et flygel med det mer hverdagslig klingende pianoet kan ogs\u00e5 virke radikalt, men kom helt naturlig for bandet. \u00abPianolyden oppleves som n\u00e6rere og mer hjemmekoselig, og har en annen klangpalett. Litt hardere. Lyden gir oss ogs\u00e5 assosiasjoner til gamle innspillinger vi har h\u00f8rt mye p\u00e5 &#8211; fra opptak gjort i kafeer og restauranter. Og sist men ikke minst f\u00f8ler vi oss mer likestilte som trio uten flygel. Mer som en enhet.\u00bb  Moskus er p\u00e5 sitt nye album uredde, instinktive og finurlige &#8211; litt som mestertyver flest.  Albumet er ogs\u00e5 tilgjengelig som 180g vinyl.<\/p>\n<p><!--more--><\/p>\n<p>Moskus sitt debutalbum \u00abSalmesykkel\u00bb fikk str\u00e5lende anmeldelser og ble nominert til hele to Spellemannspriser. P\u00e5 det etterlengtede oppf\u00f8lgeralbumet \u00abMestertyven\u00bb tar trioen, best\u00e5ende av pianist Anja Lauvdal, bassist Fredrik Luhr Dietrichson og trommeslager Hans Hulb\u00e6kmo store steg i ny retning.<\/p>\n<h4>Ris\u00f8r Kirke<\/h4>\n<p>Ris\u00f8r kirke er en korskirke i tre fra 1647 som hver sommer blir brukt som konsertsted under Ris\u00f8r Kammermusikkfestival \u00abVi rigget oss til i kirka sammen med lydtekniker Audun Strype, uten l\u00e5tmateriale, men med hatten full av id\u00e9er etter flere turn\u00e9er og mye utforsking p\u00e5 \u00f8vingslokalet.\u00bb \u00a0At id\u00e9ene ble videreutviklet, og at l\u00e5tene ble til mens &quot;b\u00e5ndet gikk&quot; \u00a0er med p\u00e5 \u00e5 gi albumet en helt spesiell nerve. Timer med opptak ble senere komprimert ned, og resultatet er et album med et mye st\u00f8rre spenn, stor id\u00e9rikdom og mer galskap enn i forrige runde. Meloditeften og lekenheten trioen la for dagen p\u00e5 debuten er fortsatt gjennomg\u00e5ende.<\/p>\n<h4>Fra flygel til piano<\/h4>\n<p>Grepet med \u00e5 bytte ut den rike klangpaletten til et flygel med det mer hverdagslig klingende pianoet kan ogs\u00e5 virke radikalt, men kom helt naturlig for bandet. \u00abPianolyden oppleves som n\u00e6rere og mer hjemmekoselig, og har en annen klangpalett. Litt hardere. Lyden gir oss ogs\u00e5 assosiasjoner til gamle innspillinger vi har h\u00f8rt mye p\u00e5 &#8211; fra opptak gjort i kafeer og restauranter. Og sist men ikke minst f\u00f8ler vi oss mer likestilte som trio uten flygel. Mer som en enhet.\u00bb  Moskus er p\u00e5 sitt nye album uredde, instinktive og finurlige &#8211; litt som mestertyver flest.  Albumet er ogs\u00e5 tilgjengelig som 180g vinyl.<\/p>\n<h4><\/h4>\n<\/p>\n<p><\/p>","protected":false},"excerpt":{"rendered":"<p>Moskus er p\u00e5 sitt nye album uredde, instinktive og finurlige &#8211; litt som mestertyver flest.<\/p>\n","protected":false},"featured_media":27399,"comment_status":"closed","ping_status":"open","template":"","meta":[],"product_brand":[],"product_cat":[36],"product_tag":[],"class_list":{"0":"post-35177","1":"product","2":"type-product","3":"status-publish","4":"has-post-thumbnail","6":"product_cat-hubro","7":"product_shipping_class-cddvd-shipping","8":"uni_artist_tag-anja-lauvdal","9":"uni_artist_tag-fredrik-luhr-dietrichson","10":"uni_artist_tag-hans-hulbaekmo","11":"uni_artist_tag-moskus","12":"uni_main_artist_tag-moskus","13":"uni_artist_genre-improvised-music","14":"uni_artist_genre-instrumental","15":"uni_artist_genre-jazz","17":"first","18":"instock","19":"taxable","20":"shipping-taxable","21":"purchasable","22":"product-type-variable","23":"has-default-attributes"},"_links":{"self":[{"href":"https:\/\/grappa.no\/no\/wp-json\/wp\/v2\/product\/35177","targetHints":{"allow":["GET"]}}],"collection":[{"href":"https:\/\/grappa.no\/no\/wp-json\/wp\/v2\/product"}],"about":[{"href":"https:\/\/grappa.no\/no\/wp-json\/wp\/v2\/types\/product"}],"replies":[{"embeddable":true,"href":"https:\/\/grappa.no\/no\/wp-json\/wp\/v2\/comments?post=35177"}],"wp:featuredmedia":[{"embeddable":true,"href":"https:\/\/grappa.no\/no\/wp-json\/wp\/v2\/media\/27399"}],"wp:attachment":[{"href":"https:\/\/grappa.no\/no\/wp-json\/wp\/v2\/media?parent=35177"}],"wp:term":[{"taxonomy":"product_brand","embeddable":true,"href":"https:\/\/grappa.no\/no\/wp-json\/wp\/v2\/product_brand?post=35177"},{"taxonomy":"product_cat","embeddable":true,"href":"https:\/\/grappa.no\/no\/wp-json\/wp\/v2\/product_cat?post=35177"},{"taxonomy":"product_tag","embeddable":true,"href":"https:\/\/grappa.no\/no\/wp-json\/wp\/v2\/product_tag?post=35177"}],"curies":[{"name":"wp","href":"https:\/\/api.w.org\/{rel}","templated":true}]}}