{"id":35174,"date":"2015-09-18T00:00:00","date_gmt":"2015-09-17T23:00:00","guid":{"rendered":"http:\/\/www.grappa.no\/albums\/uncategorized\/geir-sundstol-furulund\/"},"modified":"2020-09-22T07:10:33","modified_gmt":"2020-09-22T06:10:33","slug":"furulund","status":"publish","type":"product","link":"https:\/\/grappa.no\/no\/albums\/hubro\/furulund\/","title":{"rendered":"Furulund"},"content":{"rendered":"<p><\/p>\n<p>Original, vindskeiv og vakker musikk Den norske gitaristen og selvl\u00e6rte multiinstrumentalist Geir Sundst\u00f8l fra Halden har levd av musikken siden 1988. Han har satt sitt unike musikalske bumerke p\u00e5 260 plater med alt fra A-ha til Nils Petter Molv\u00e6r, fra Odd Nordstoga og Stein Torleif Bjella til Jens Book-Jensen. \u00abFurulund\u00bb er hans f\u00f8rste plate i eget navn, og det er en sv\u00e6rt etterlengtet debut fra en h\u00f8yt elsket musiker. \u00abFurulund\u00bb er en samling atmosf\u00e6riske, lavm\u00e6lte og stemingsfulle instrumentall\u00e5ter, innspilt analogt i Sundst\u00f8ls hjemmestudio Studio Intim.<\/p>\n<p><!--more--><\/p>\n<p>Den norske gitaristen og selvl\u00e6rte multiinstrumentalist Geir Sundst\u00f8l fra Halden har levd av musikken siden 1988. Han har satt sitt unike musikalske bumerke p\u00e5 260 plater med alt fra A-ha til Nils Petter Molv\u00e6r, fra Odd Nordstoga og Stein Torleif Bjella til Jens Book-Jensen. \u00abFurulund\u00bb er hans f\u00f8rste plate i eget navn, og det er en sv\u00e6rt etterlengtet debut fra en h\u00f8yt elsket musiker.<\/p>\n<h4><\/h4>\n<p>\u00abFurulund\u00bb er en samling atmosf\u00e6riske, lavm\u00e6lte og stemingsfulle instrumentall\u00e5ter, innspilt analogt i Sundst\u00f8ls hjemmestudio Studio Intim.<\/p>\n<h4><\/h4>\n<p>Musikken henter inspirasjon fra jazz, blues, roots og country men mest av alt er dette original, vindskeiv og vakker musikk. Sundst\u00f8l er en lidenskapelig instrumentsamler, og har hjemmestudio fult av sjeldne og uvanlige instrumenter. Sundst\u00f8l spiller de fleste instrumenter p\u00e5 albumet selv, men han har ogs\u00e5 invitert med seg et knippe medmusikere fra det som uten \u00e5 overdrive m\u00e5 kunne betegnes som \u00f8verste hylle: keyboardist David Wallumr\u00f8d (Bernhoft), og trommeslagerne Erland Dahlen og Michael Blair (Tom Waits, Elvis Costello, Lou Reed). Dahlen og Sundst\u00f8l har spilt sammen i en rekke band tidligere, bl.a. sammen med Nils Petter Molv\u00e6r og i bandet Morris.<\/p>\n<h4><\/h4>\n<p>Furulund er mikset av B\u00e5rd Ingebrigtsen i Amper Tone Studio og senere mastret av Helge Sten i Audio Virus lab. \u00abFurulund\u00bb er b\u00e5de tilgjengelig p\u00e5 CD og som limited edition deluxe 180g LP med CD inkludert.<\/p>\n<p><\/p>","protected":false},"excerpt":{"rendered":"<p>\u00abFurulund\u00bb er b\u00e5de tilgjengelig p\u00e5 CD og som limited edition deluxe 180g LP med nedlastingskode.<\/p>\n","protected":false},"featured_media":27395,"comment_status":"closed","ping_status":"closed","template":"","meta":[],"product_brand":[],"product_cat":[36],"product_tag":[],"class_list":{"0":"post-35174","1":"product","2":"type-product","3":"status-publish","4":"has-post-thumbnail","6":"product_cat-hubro","7":"product_shipping_class-cddvd-shipping","8":"uni_artist_tag-david-wallumrod","9":"uni_artist_tag-erland-dahlen","10":"uni_artist_tag-geir-sundstol","11":"uni_artist_tag-michael-blair","12":"uni_main_artist_tag-geir-sundstol","13":"uni_artist_genre-blues","14":"uni_artist_genre-instrumental","15":"uni_artist_genre-jazz","17":"first","18":"instock","19":"taxable","20":"shipping-taxable","21":"purchasable","22":"product-type-variable","23":"has-default-attributes"},"_links":{"self":[{"href":"https:\/\/grappa.no\/no\/wp-json\/wp\/v2\/product\/35174","targetHints":{"allow":["GET"]}}],"collection":[{"href":"https:\/\/grappa.no\/no\/wp-json\/wp\/v2\/product"}],"about":[{"href":"https:\/\/grappa.no\/no\/wp-json\/wp\/v2\/types\/product"}],"replies":[{"embeddable":true,"href":"https:\/\/grappa.no\/no\/wp-json\/wp\/v2\/comments?post=35174"}],"wp:featuredmedia":[{"embeddable":true,"href":"https:\/\/grappa.no\/no\/wp-json\/wp\/v2\/media\/27395"}],"wp:attachment":[{"href":"https:\/\/grappa.no\/no\/wp-json\/wp\/v2\/media?parent=35174"}],"wp:term":[{"taxonomy":"product_brand","embeddable":true,"href":"https:\/\/grappa.no\/no\/wp-json\/wp\/v2\/product_brand?post=35174"},{"taxonomy":"product_cat","embeddable":true,"href":"https:\/\/grappa.no\/no\/wp-json\/wp\/v2\/product_cat?post=35174"},{"taxonomy":"product_tag","embeddable":true,"href":"https:\/\/grappa.no\/no\/wp-json\/wp\/v2\/product_tag?post=35174"}],"curies":[{"name":"wp","href":"https:\/\/api.w.org\/{rel}","templated":true}]}}