{"id":35171,"date":"2014-05-02T00:00:00","date_gmt":"2014-05-01T23:00:00","guid":{"rendered":"http:\/\/www.grappa.no\/albums\/uncategorized\/1982-a-b\/"},"modified":"2020-08-21T08:58:00","modified_gmt":"2020-08-21T07:58:00","slug":"a-b","status":"publish","type":"product","link":"https:\/\/grappa.no\/no\/albums\/hubro\/a-b\/","title":{"rendered":"A\/B"},"content":{"rendered":"<p><\/p>\n<p>Utvider 1982-universet  Den improviserende trioen 1982 best\u00e5ende av Nils \u00d8kland, Sigbj\u00f8rn Apeland og \u00d8yvind Skarb\u00f8 har tre kritikerroste album bak seg. P\u00e5 sitt forrige album samarbeidet trioen med pedal steal-legenden BJ Cole. Denne gangen har de invitert med seg bl\u00e5serne Fredrik Ljungkvist (Atomic), Erik Johannessen (Jaga Jazzist),  Sofya Dudaeva,  Hanne Liland Rekdal, Matthias Wallin og Stian Omen\u00e5s (Stian Omen\u00e5s Klangkammer) til et uvanlig samarbeid. Deres fjerde album A\/B er som tittelen indikerer todelt, og bygget opp p\u00e5 klassisk LP-man\u00e9r med en A- og en B- side, der det lange stykket 18:16 fyller hele A-siden. Nettopp dette stykket er helt klart det som skiller seg mest ut i 1982s diskografi til n\u00e5.  Med utgangspunkt i innspilte improvisasjoner av trioen, har trompetist og komponist Stian Omen\u00e5s  \u00abbygget ut\u00bb uttrykket og komponert og arrangert musikk for bl\u00e5sesekstett som har blitt lagt opp\u00e5 de opprinnelige improvisasjonen.  P\u00e5 side B m\u00f8ter vi igjen 1982 i trioform, og her presenteres flere nye id\u00e9er som utvider 1982-universet.<\/p>\n<p><!--more--><\/p>\n<p>Den improviserende trioen 1982 best\u00e5ende av Nils \u00d8kland, Sigbj\u00f8rn Apeland og \u00d8yvind Skarb\u00f8 har tre kritikerroste album bak seg. P\u00e5 sitt forrige album samarbeidet trioen med pedal steal-legenden BJ Cole. Denne gangen har de invitert med seg bl\u00e5serne Fredrik Ljungkvist (Atomic), Erik Johannessen (Jaga Jazzist),  Sofya Dudaeva,  Hanne Liland Rekdal, Matthias Wallin og Stian Omen\u00e5s (Stian Omen\u00e5s Klangkammer) til et uvanlig samarbeid.<\/p>\n<h4>Uvanlig prosjekt<\/h4>\n<p>Trommeslager \u00d8yvind Skarb\u00f8 fikk id\u00e9en til dette uvanlige prosjektet sammen med Tobias og Henrik, s\u00f8nnene til henholdsvis Sigbj\u00f8rn og Nils, etter en konsert i Haugesund. Stian Omen\u00e5s ble raskt koblet inn i prosjektet. \u00d8yvind og Stian har spilt sammen siden tidlig i ten\u00e5rene, og Omen\u00e5s er b\u00e5de en glimrende improvisat\u00f8r, komponist og en h\u00f8yt utdannet dirigent. \u00abHan var rett og slett den perfekte mannen for denne jobben,\u00bb sier Skarb\u00f8. \u00abAt vi i tillegg kommuniserer s\u00e5 tett som vi gj\u00f8r, har ogs\u00e5 gjort prosessen veldig mye lettere.\u00bb<\/p>\n<h4>Side B<\/h4>\n<p>P\u00e5 side B m\u00f8ter vi igjen 1982 i trioform, og her presenteres flere nye id\u00e9er som utvider 1982-universet. Sigbj\u00f8rn spiller her piano p\u00e5 et spor, og Nils \u00d8kland synger. \u00abM\u00e5let er jo hele tiden \u00e5 utvikle ting videre, og det f\u00f8ler jeg vi klarer\u00bb sier Skarb\u00f8. 1982 er improvisat\u00f8rer inn til beinet, og alle som har h\u00f8rt og sett dem p\u00e5 konsert ve at de er glade i \u00e5 overraske.   Opptakene av 1982 ble gjort i Grieghallen studio  i Bergen rett f\u00f8r studioet ble nedlagt sommeren 2013. Bl\u00e5seopptakene ble gjort i Rainbow Studio i Oslo med tekniker Jan Erik Kongshaug.  1982  har siden sist ogs\u00e5 spilt inn en plate med en fjerdeperson som skal gj\u00f8res ferdig. De skal v\u00e6re med p\u00e5 et live tegnefilm-relatert prosjekt, i tillegg til et bestillingsverk for NOTAM, og de har s\u00e5vidt begynt \u00e5 tenke p\u00e5 enda et innspillingsprosjekt som skal v\u00e6re ferdig til 10-\u00e5rs jubileet i 2017.<\/p>\n<h4><\/h4>\n<\/p>\n<p><\/p>","protected":false},"excerpt":{"rendered":"<p>Deres fjerde album A\/B er som tittelen indikerer todelt, og bygget opp p\u00e5 klassisk LP-man\u00e9r med en A- og en B- side, der det lange stykket 18:16 fyller hele A-siden. Nettopp dette stykket er helt klart det som skiller seg mest ut i 1982s diskografi til n\u00e5.<\/p>\n","protected":false},"featured_media":27393,"comment_status":"closed","ping_status":"open","template":"","meta":[],"product_brand":[],"product_cat":[36],"product_tag":[],"class_list":{"0":"post-35171","1":"product","2":"type-product","3":"status-publish","4":"has-post-thumbnail","6":"product_cat-hubro","7":"product_shipping_class-cddvd-shipping","8":"uni_artist_tag-2420","9":"uni_artist_tag-erik-johannessen","10":"uni_artist_tag-fredrik-ljungkvist","11":"uni_artist_tag-hanne-liland-rekdal","12":"uni_artist_tag-mattias-wallin","13":"uni_artist_tag-nils-okland","14":"uni_artist_tag-oyvind-skarbo","15":"uni_artist_tag-sigbjorn-apeland","16":"uni_artist_tag-sofya-dudaeva","17":"uni_artist_tag-stian-omenas","18":"uni_main_artist_tag-5297","19":"uni_artist_genre-chamber-music","20":"uni_artist_genre-folk-music","21":"uni_artist_genre-improvised-music","22":"uni_artist_genre-instrumental","23":"uni_artist_genre-jazz","25":"first","26":"instock","27":"taxable","28":"shipping-taxable","29":"purchasable","30":"product-type-variable","31":"has-default-attributes"},"_links":{"self":[{"href":"https:\/\/grappa.no\/no\/wp-json\/wp\/v2\/product\/35171","targetHints":{"allow":["GET"]}}],"collection":[{"href":"https:\/\/grappa.no\/no\/wp-json\/wp\/v2\/product"}],"about":[{"href":"https:\/\/grappa.no\/no\/wp-json\/wp\/v2\/types\/product"}],"replies":[{"embeddable":true,"href":"https:\/\/grappa.no\/no\/wp-json\/wp\/v2\/comments?post=35171"}],"wp:featuredmedia":[{"embeddable":true,"href":"https:\/\/grappa.no\/no\/wp-json\/wp\/v2\/media\/27393"}],"wp:attachment":[{"href":"https:\/\/grappa.no\/no\/wp-json\/wp\/v2\/media?parent=35171"}],"wp:term":[{"taxonomy":"product_brand","embeddable":true,"href":"https:\/\/grappa.no\/no\/wp-json\/wp\/v2\/product_brand?post=35171"},{"taxonomy":"product_cat","embeddable":true,"href":"https:\/\/grappa.no\/no\/wp-json\/wp\/v2\/product_cat?post=35171"},{"taxonomy":"product_tag","embeddable":true,"href":"https:\/\/grappa.no\/no\/wp-json\/wp\/v2\/product_tag?post=35171"}],"curies":[{"name":"wp","href":"https:\/\/api.w.org\/{rel}","templated":true}]}}