{"id":35168,"date":"2013-09-06T00:00:00","date_gmt":"2013-09-05T23:00:00","guid":{"rendered":"http:\/\/www.grappa.no\/albums\/uncategorized\/astro-sonic-come-closer-and-ill-tell-you\/"},"modified":"2020-08-21T08:57:58","modified_gmt":"2020-08-21T07:57:58","slug":"come-closer-and-ill-tell-you","status":"publish","type":"product","link":"https:\/\/grappa.no\/no\/albums\/hubro\/come-closer-and-ill-tell-you\/","title":{"rendered":"Come Closer And I\u00b4ll Tell You"},"content":{"rendered":"<p><\/p>\n<p>Fryktl\u00f8s og variert debut.  Den rocka synthtrioen Astro Sonic spenner opp et vidt sonisk spektrum p\u00e5 sitt debutalbum \u00abCome Closer And I\u00b4ll Tell You\u00bb. Musikken p\u00e5 debutalbumet er fryktl\u00f8s, og de aller fleste l\u00e5tene er improviserte. Vi f\u00e5r assosiasjoner til ekspermientell ambient, krautrock, synthimpro og Bo Hanssons instrumentalmusikk fra sekstitallet. Musikken beveger seg stemningsmessig helt ubesv\u00e6ret mellom h\u00f8yere luftlag og forlatte gruver dypt inne i fjellet. &#8211; Fra seigflytende klangflater til eksplosivt rytmedriv. Samarbeidet mellom de tre i bandet g\u00e5r langt tilbake, men det var f\u00f8rst i 2008 de bestemte seg for \u00e5 starte Astro Sonic. Synthene til Erlend Slettevoll (Grand General, The Core) f\u00e5r virkelig breie seg i et lydbilde som tidvis piskes videre av en knallsterk rytmeseksjon best\u00e5ende av Rune Nergaard (Marvel Machine) p\u00e5 bass og Gard Nilssen (Susanne Sundf\u00f8r, Lord Kelvin) p\u00e5 trommer, begge med mer en ti \u00e5r bak seg i powertrioen Bushman\u00b4s Revenge.  Albumet ble innspilt analogt i l\u00f8pet av tre dager i Svenska Grammofon Studio i G\u00f8teborg, og miksen er gjort av J\u00f8rgen Tr\u00e6en i Duper Studio.<\/p>\n<p><!--more--><\/p>\n<p>Den rocka synthtrioen Astro Sonic spenner opp et vidt sonisk spektrum p\u00e5 sitt debutalbum \u00abCome Closer And I\u00b4ll Tell You\u00bb.<\/p>\n<h4>Astro Sonic<\/h4>\n<p>Samarbeidet mellom de tre i bandet g\u00e5r langt tilbake, men det var f\u00f8rst i 2008 de bestemte seg for \u00e5 starte Astro Sonic. Synthene til Erlend Slettevoll (Grand General, The Core) f\u00e5r virkelig breie seg i et lydbilde som tidvis piskes videre av en knallsterk rytmeseksjon best\u00e5ende av Rune Nergaard (Marvel Machine) p\u00e5 bass og Gard Nilssen (Susanne Sundf\u00f8r, Lord Kelvin) p\u00e5 trommer, begge med mer en ti \u00e5r bak seg i powertrioen Bushman\u00b4s Revenge.  Albumet ble innspilt analogt i l\u00f8pet av tre dager i Svenska Grammofon Studio i G\u00f8teborg, og miksen er gjort av J\u00f8rgen Tr\u00e6en i Duper Studio.<\/p>\n<h4><\/h4>\n<p><h4><\/h4>\n<\/p>\n<p><\/p>","protected":false},"excerpt":{"rendered":"<p>Den rocka synthtrioen Astro Sonic spenner opp et vidt sonisk spektrum p\u00e5 sitt debutalbum \u00abCome Closer And I\u00b4ll Tell You\u00bb.<\/p>\n","protected":false},"featured_media":27392,"comment_status":"closed","ping_status":"open","template":"","meta":[],"product_brand":[],"product_cat":[36],"product_tag":[],"class_list":{"0":"post-35168","1":"product","2":"type-product","3":"status-publish","4":"has-post-thumbnail","6":"product_cat-hubro","7":"product_shipping_class-cddvd-shipping","8":"uni_artist_tag-erlend-slettevoll","9":"uni_artist_tag-gard-nilssen","10":"uni_artist_tag-rune-nergaard","11":"uni_artist_genre-electronic","12":"uni_artist_genre-improvised-music","13":"uni_artist_genre-instrumental","14":"uni_artist_genre-rock","16":"first","17":"instock","18":"taxable","19":"shipping-taxable","20":"purchasable","21":"product-type-variable","22":"has-default-attributes"},"_links":{"self":[{"href":"https:\/\/grappa.no\/no\/wp-json\/wp\/v2\/product\/35168","targetHints":{"allow":["GET"]}}],"collection":[{"href":"https:\/\/grappa.no\/no\/wp-json\/wp\/v2\/product"}],"about":[{"href":"https:\/\/grappa.no\/no\/wp-json\/wp\/v2\/types\/product"}],"replies":[{"embeddable":true,"href":"https:\/\/grappa.no\/no\/wp-json\/wp\/v2\/comments?post=35168"}],"wp:featuredmedia":[{"embeddable":true,"href":"https:\/\/grappa.no\/no\/wp-json\/wp\/v2\/media\/27392"}],"wp:attachment":[{"href":"https:\/\/grappa.no\/no\/wp-json\/wp\/v2\/media?parent=35168"}],"wp:term":[{"taxonomy":"product_brand","embeddable":true,"href":"https:\/\/grappa.no\/no\/wp-json\/wp\/v2\/product_brand?post=35168"},{"taxonomy":"product_cat","embeddable":true,"href":"https:\/\/grappa.no\/no\/wp-json\/wp\/v2\/product_cat?post=35168"},{"taxonomy":"product_tag","embeddable":true,"href":"https:\/\/grappa.no\/no\/wp-json\/wp\/v2\/product_tag?post=35168"}],"curies":[{"name":"wp","href":"https:\/\/api.w.org\/{rel}","templated":true}]}}