{"id":35165,"date":"2014-02-21T00:00:00","date_gmt":"2014-02-20T23:00:00","guid":{"rendered":"http:\/\/www.grappa.no\/albums\/uncategorized\/stein-urheim\/"},"modified":"2020-08-21T08:57:56","modified_gmt":"2020-08-21T07:57:56","slug":"stein-urheim","status":"publish","type":"product","link":"https:\/\/grappa.no\/no\/albums\/hubro\/stein-urheim\/","title":{"rendered":"Stein Urheim"},"content":{"rendered":"<p><\/p>\n<p>Eksotisk strengemusikk fra ung mester  Den Bergensbaserte gitaristen Stein Urheim (f.1979) imponerte stort med albumet &quot;Kosmolodi&quot; som ble utgitt i et sv\u00e6rt begrenset opplag p\u00e5 vinyl \u00a0i 2012. N\u00e5 er han tilbake med et helst\u00f8pt og lekent selvtitulert album der han tar sin sv\u00e6rt idiosynkratiske \u00a0instrumentalmusikk til nye lavm\u00e6lte h\u00f8ydedrag.  Urheims musikk er gjennomsyret av en slags eksotisme. Den er ettertenksom uten \u00e5 v\u00e6re hum\u00f8rl\u00f8s. Innflytelsen fra jazz, nordamerikansk og vestafrikansk blues og folkemusikk fra mange steder p\u00e5 kloden er h\u00f8rbar. \u00a0Selv nevner Urheim  de to amerikanske komponistene Lou Harrison og Steve Reich som inspirasjonskilder i tillegg til \u00a0kinesisk gu qin musikk, langeleikmusikk fra Valdres og Ornette Coleman. Store deler av albumet ble innspilt sammen med lydtekniker Audun Strype i fiolinlegenden Ole Bulls storslagne hjem Lys\u00f8en utenfor Bergen i Januar 2013. Det store, og p\u00e5 den tiden av \u00e5ret steinkalde trehuset, har en fantastisk atmosf\u00e6re og en varm akustikk. Innspillingen ble siden sluttf\u00f8rt og mikset i Duper Studio i Bergen sammen med tekniker og produsent J\u00f8rgen Tr\u00e6een.  Stein Urheim har tidligere gitt ut to kritikerroste album p\u00e5 Bugge Wesseltofts Jazzland label, sammen med sanger og musiker Mari Kvien Brunvoll. &#8211; Det siste ble nominert til Spellemann i \u00e5pen klasse. Han har ogs\u00e5 en bakgrunn fra Gabriel Fliflets prosjekt \u00c5resong, og HP Gundersens kritikerroste droneband The Last Hurrah.<\/p>\n<p><!--more--><\/p>\n<p>Den Bergensbaserte gitaristen Stein Urheim (f.1979) imponerte stort med albumet &quot;Kosmolodi&quot; som ble utgitt i et sv\u00e6rt begrenset opplag p\u00e5 vinyl \u00a0i 2012. N\u00e5 er han tilbake med et helst\u00f8pt og lekent selvtitulert album der han tar sin sv\u00e6rt idiosynkratiske \u00a0instrumentalmusikk til nye lavm\u00e6lte h\u00f8ydedrag. P\u00e5 albumet spiller Urheim i tillegg til gitarer et utall andre strenge-instrumenter fra flere verdenshj\u00f8rner.<\/p>\n<h4>Lys\u00f8en<\/h4>\n<p>Mens &quot;Kosmolodi&quot; \u00a0ble innspilt over tid p\u00e5 en rekke ulike steder, valgte Urheim denne gangen en annen innfallsvinkel. Store deler av albumet ble innspilt sammen med lydtekniker Audun Strype i fiolinlegenden Ole Bulls storslagne hjem Lys\u00f8en utenfor Bergen i Januar 2013. Det store, og p\u00e5 den tiden av \u00e5ret steinkalde trehuset har en fantastisk atmosf\u00e6re og en varm akustikk. Innspillingen ble siden sluttf\u00f8rt og mikset i Duper Studio i Bergen sammen med tekniker og produsent J\u00f8rgen Tr\u00e6een. Stein Urheim har tidligere gitt ut to kritikerroste album p\u00e5 Bugge Wesseltofts Jazzland label, sammen med sanger og musiker Mari Kvien Brunvoll. &#8211; Det siste ble nominert til Spellemann i \u00e5pen klasse. Han har ogs\u00e5 en bakgrunn fra Gabriel Fliflets band \u00c5resong, og HP Gundersens kritikerroste droneband The Last Hurrah.<\/p>\n<h4><\/h4>\n<p><h4><\/h4>\n<\/p>\n<p><\/p>","protected":false},"excerpt":{"rendered":"<p>Urheims musikk er gjennomsyret av en slags eksotisme. Den er ettertenksom uten \u00e5 v\u00e6re hum\u00f8rl\u00f8s. Innflytelsen fra jazz, nordamerikansk og vestafrikansk blues og folkemusikk fra mange steder p\u00e5 kloden er h\u00f8rbar. \u00a0<\/p>\n","protected":false},"featured_media":27390,"comment_status":"closed","ping_status":"open","template":"","meta":[],"product_brand":[],"product_cat":[36],"product_tag":[],"class_list":{"0":"post-35165","1":"product","2":"type-product","3":"status-publish","4":"has-post-thumbnail","6":"product_cat-hubro","7":"product_shipping_class-cddvd-shipping","8":"uni_artist_genre-folk","9":"uni_artist_genre-instrumental","10":"uni_artist_genre-jazz","11":"uni_artist_genre-world-music","13":"first","14":"instock","15":"taxable","16":"shipping-taxable","17":"purchasable","18":"product-type-variable","19":"has-default-attributes"},"_links":{"self":[{"href":"https:\/\/grappa.no\/no\/wp-json\/wp\/v2\/product\/35165","targetHints":{"allow":["GET"]}}],"collection":[{"href":"https:\/\/grappa.no\/no\/wp-json\/wp\/v2\/product"}],"about":[{"href":"https:\/\/grappa.no\/no\/wp-json\/wp\/v2\/types\/product"}],"replies":[{"embeddable":true,"href":"https:\/\/grappa.no\/no\/wp-json\/wp\/v2\/comments?post=35165"}],"wp:featuredmedia":[{"embeddable":true,"href":"https:\/\/grappa.no\/no\/wp-json\/wp\/v2\/media\/27390"}],"wp:attachment":[{"href":"https:\/\/grappa.no\/no\/wp-json\/wp\/v2\/media?parent=35165"}],"wp:term":[{"taxonomy":"product_brand","embeddable":true,"href":"https:\/\/grappa.no\/no\/wp-json\/wp\/v2\/product_brand?post=35165"},{"taxonomy":"product_cat","embeddable":true,"href":"https:\/\/grappa.no\/no\/wp-json\/wp\/v2\/product_cat?post=35165"},{"taxonomy":"product_tag","embeddable":true,"href":"https:\/\/grappa.no\/no\/wp-json\/wp\/v2\/product_tag?post=35165"}],"curies":[{"name":"wp","href":"https:\/\/api.w.org\/{rel}","templated":true}]}}