{"id":35162,"date":"2013-03-15T00:00:00","date_gmt":"2013-03-14T23:00:00","guid":{"rendered":"http:\/\/www.grappa.no\/albums\/uncategorized\/moster-edvard-lygre-moster\/"},"modified":"2024-10-07T09:34:10","modified_gmt":"2024-10-07T08:34:10","slug":"edvard-lygre-moster","status":"publish","type":"product","link":"https:\/\/grappa.no\/no\/albums\/hubro\/edvard-lygre-moster\/","title":{"rendered":"Edvard Lygre M\u00f8ster"},"content":{"rendered":"<p><\/p>\n<p>Forrykende banddebut! Saksofonist Kjetil M\u00f8ster har lenge v\u00e6rt en av v\u00e5re absolutte favorittmusikere, og n\u00e5 er han endelig klar med sin debut som bandleder. I bandet M\u00f8ster! fronter han et dr\u00f8mmelag av norske musikere: St\u00e5le Storl\u00f8kken (Supersilent), Nikolai Eilertsen (Elephant 9, Big Bang) og Kenneth Kapstad (Motorpsycho). Vi er stolte av \u00e5 utgi \u201dEdvard Lygre M\u00f8ster\u201d &#8211; et forrykende liveopptak fra Victoria i Oslo, desember 2011. \u201dEdvard Lygre M\u00f8ster\u201d er p\u00e5 flere m\u00e5ter et sv\u00e6rt personlig album for Kjetil M\u00f8ster: \u201dFor meg er dette albumet et personlig uttrykk for hvilken musikk jeg har h\u00f8rt p\u00e5 og hva jeg har tenkt p\u00e5 siden jeg var et barn.\u201d Det er ikke uten grunn M\u00f8sterbandets f\u00f8rste album er et livealbum: \u201dJeg tror ethvert band finner seg selv p\u00e5 scenen, foran et publikum.\u201d sier Kjetil. \u201dDet var p\u00e5 konserten som er presentert p\u00e5 dette albumet at vi fant oss selv, og det var et lykketreff at vi fikk tatt det opp p\u00e5 en ordentlig m\u00e5te.\u201d M\u00f8ster fikk frie t\u00f8yler da han skulle sette sammen sitt nye band, og plukket musikere som alle har et personlig forhold til mye av musikken fra 60- og 70 tallet, og som pr\u00f8ver \u00e5 ta tradisjonen inn i et nytt landskap. Kjetil beskriver de ulike musikerne p\u00e5 denne m\u00e5ten: \u201dKeyboardist St\u00e5le Storl\u00f8kken opererer i et uts\u00f8kt og fargerikt lydunivers, samtidig som han er et prog-rock leksikon og har g\u00e5tt under huden p\u00e5 tidlig jazzrock. Bassist Nikolai Eilertsen er, i tillegg til \u00e5 v\u00e6re blant de f\u00e5 som har bevart den varme, dype grooven fra 70-tallets funk og soul, en virtuos av sjelden klasse, med topp harmonisk oversikt og improvisatorisk frihet. Kenneth Kapstad er en enormt fleksibel trommeslager, med en utholdenhet og teknikk man ikke ser s\u00e5 ofte.\u201d Kjetil M\u00f8sters tenorsaksofonspill i band som Ultralyd, Zaussi Five, The Core og i samarbeid med Chick Corea og Trondheim Jazzorkester har virkelig satt ham p\u00e5 kartet. I 2006 ble han k\u00e5ret til \u201dInternational Young Jazz Talent\u201d av organisasjonene (IJFO) og (IAJE). Bandet M\u00f8ster! ble satt sammen etter en invitasjon fra Kongsberg Jazzfestival i 2010, og var Kjetils retur til jazzen etter flere \u00e5r med heftig turn\u00e9virksomhet som medlem av electrorock-bandet DATAROCK. M\u00f8ster!s musikalske uttrykk er energisk, rocka og m\u00f8rkt, og Kjetils uttalte m\u00e5l med bandet er \u00e5 ikle sin store helt John Coltranes formspr\u00e5k og intensistet en moderne drakt.<\/p>\n<p><!--more--><\/p>\n<p>Saksofonist Kjetil M\u00f8ster har lenge v\u00e6rt en av v\u00e5re absolutte favorittmusikere, og n\u00e5 er han endelig klar med sin debut som bandleder. I bandet M\u00f8ster! fronter han et dr\u00f8mmelag av norske musikere: St\u00e5le Storl\u00f8kken (Supersilent), Nikolai Eilertsen (Elephant 9, Big Bang) og Kenneth Kapstad (Motorpsycho). Vi er stolte av \u00e5 utgi \u201dEdvard Lygre M\u00f8ster\u201d &#8211; et forrykende liveopptak fra Victoria i Oslo, desember 2011.<\/p>\n<h4>Frie t\u00f8yler<\/h4>\n<p>M\u00f8ster fikk frie t\u00f8yler da han skulle sette sammen sitt nye band, og plukket musikere som alle har et personlig forhold til mye av musikken fra 60- og 70 tallet, og som pr\u00f8ver \u00e5 ta tradisjonen inn i et nytt landskap. Kjetil beskriver de ulike musikerne p\u00e5 denne m\u00e5ten: \u201dKeyboardist St\u00e5le Storl\u00f8kken opererer i et uts\u00f8kt og fargerikt lydunivers, samtidig som han er et prog-rock leksikon og har g\u00e5tt under huden p\u00e5 tidlig jazzrock. Bassist Nikolai Eilertsen er, i tillegg til \u00e5 v\u00e6re blant de f\u00e5 som har bevart den varme, dype grooven fra 70-tallets funk og soul, en virtuos av sjelden klasse, med topp harmonisk oversikt og improvisatorisk frihet. Kenneth Kapstad er en enormt fleksibel trommeslager, med en utholdenhet og teknikk man ikke ser s\u00e5 ofte.\u201d Kjetil M\u00f8sters tenorsaksofonspill i band som Ultralyd, Zaussi Five, The Core og i samarbeid med Chick Corea og Trondheim Jazzorkester har virkelig satt ham p\u00e5 kartet. I 2006 ble han k\u00e5ret til \u201dInternational Young Jazz Talent\u201d av organisasjonene (IJFO) og (IAJE). Bandet M\u00f8ster! ble satt sammen etter en invitasjon fra Kongsberg Jazzfestival i 2010, og var Kjetils retur til jazzen etter flere \u00e5r med heftig turn\u00e9virksomhet som medlem av electrorock-bandet DATAROCK. M\u00f8ster!s musikalske uttrykk er energisk, rocka og m\u00f8rkt, og Kjetils uttalte m\u00e5l med bandet er \u00e5 ikle sin store helt John Coltranes formspr\u00e5k og intensistet en moderne drakt.<\/p>\n<h4><\/h4>\n<h4><\/h4>\n<p><\/p>","protected":false},"excerpt":{"rendered":"<p>&#8220;Det var p\u00e5 konserten som er presentert p\u00e5 dette albumet at vi fant oss selv, og det var et lykketreff at vi fikk tatt det opp p\u00e5 en ordentlig m\u00e5te.&#8221;<\/p>\n","protected":false},"featured_media":27389,"comment_status":"closed","ping_status":"closed","template":"","meta":[],"product_brand":[],"product_cat":[36],"product_tag":[],"class_list":{"0":"post-35162","1":"product","2":"type-product","3":"status-publish","4":"has-post-thumbnail","6":"product_cat-hubro","7":"product_shipping_class-cddvd-shipping","8":"uni_artist_tag-kenneth-kapstad","9":"uni_artist_tag-kjetil-moster","10":"uni_artist_tag-moster","11":"uni_artist_tag-nikolai-haengsle-eilertsen","12":"uni_artist_tag-stale-storlokken","13":"uni_main_artist_tag-moster","14":"uni_artist_genre-jazz","15":"uni_artist_genre-rock","17":"first","18":"instock","19":"taxable","20":"shipping-taxable","21":"purchasable","22":"product-type-variable","23":"has-default-attributes"},"_links":{"self":[{"href":"https:\/\/grappa.no\/no\/wp-json\/wp\/v2\/product\/35162","targetHints":{"allow":["GET"]}}],"collection":[{"href":"https:\/\/grappa.no\/no\/wp-json\/wp\/v2\/product"}],"about":[{"href":"https:\/\/grappa.no\/no\/wp-json\/wp\/v2\/types\/product"}],"replies":[{"embeddable":true,"href":"https:\/\/grappa.no\/no\/wp-json\/wp\/v2\/comments?post=35162"}],"wp:featuredmedia":[{"embeddable":true,"href":"https:\/\/grappa.no\/no\/wp-json\/wp\/v2\/media\/27389"}],"wp:attachment":[{"href":"https:\/\/grappa.no\/no\/wp-json\/wp\/v2\/media?parent=35162"}],"wp:term":[{"taxonomy":"product_brand","embeddable":true,"href":"https:\/\/grappa.no\/no\/wp-json\/wp\/v2\/product_brand?post=35162"},{"taxonomy":"product_cat","embeddable":true,"href":"https:\/\/grappa.no\/no\/wp-json\/wp\/v2\/product_cat?post=35162"},{"taxonomy":"product_tag","embeddable":true,"href":"https:\/\/grappa.no\/no\/wp-json\/wp\/v2\/product_tag?post=35162"}],"curies":[{"name":"wp","href":"https:\/\/api.w.org\/{rel}","templated":true}]}}