{"id":35156,"date":"2015-08-28T00:00:00","date_gmt":"2015-08-27T23:00:00","guid":{"rendered":"http:\/\/www.grappa.no\/albums\/uncategorized\/erland-dahlen-blossom-bells\/"},"modified":"2020-08-21T08:57:51","modified_gmt":"2020-08-21T07:57:51","slug":"blossom-bells","status":"publish","type":"product","link":"https:\/\/grappa.no\/no\/albums\/hubro\/blossom-bells\/","title":{"rendered":"Blossom Bells"},"content":{"rendered":"<p><\/p>\n<p>En helt s\u00e6regen kreativitet  \u00abBlossom Bells\u00bb er den etterlengtede oppf\u00f8lgeren til trommeslager og perkusjonist Erland Dahlens kritikerroste solodebut Rolling Bomber (HUBRO \u2013 2012). Uncut skrev i sin anmeldelse at Erlands \u00abone-man-band-in-a-box l\u00e5ter mer fulltondende og fantasifullt enn mange \u00abpostrock\u00bb kvartetter\u00bb, og Rock-A-Rolla mente debuten var preget av \u00aben helt s\u00e6regen kreativitet\u00bb. Stemningen p\u00e5 albumet er som forrige gang leken og billedskapende, men ogs\u00e5 tidvis ganske m\u00f8rk og truende. Elementer av krautrock, dronemusikk, ambient og samtidsmusikk sys sammen med en rocka og m\u00f8rk energi.  Albumet utgis b\u00e5de p\u00e5 CD og som 180g LP + CD i begrenset opplag.<\/p>\n<p><!--more--><\/p>\n<p>\u00abBlossom Bells\u00bb er den etterlengtede oppf\u00f8lgeren til trommeslager og perkusjonist Erland Dahlens kritikerroste solodebut Rolling Bomber (HUBRO \u2013 2012). Uncut skrev i sin anmeldelse at Erlands \u00abone-man-band-in-a-box l\u00e5ter mer fulltondende og fantasifullt enn mange \u00abpostrock\u00bb kvartetter\u00bb, og Rock-A-Rolla mente debuten var preget av \u00aben helt s\u00e6regen kreativitet\u00bb.<\/p>\n<h4>Blossom Bells<\/h4>\n<p>Det nye albumet er oppkalt etter den legendariske instrumentmakeren Pete Engelharts sjeldne kromatiske klokkesett \u00abBlossom Bells\u00bb som Erland bruker flere steder p\u00e5 platen. I tillegg til trommer og diverse perkusjon, sag og elektronikk spiller han p\u00e5 flere spesialbygde instrumenter. kakeformer med fj\u00e6rer bygget av Hallvard W. Hagen. En zither med 9 basstrenger bygget av Harald Hougaard og en stembar plastikkstrikk konstruert av Kenny Wollesen.<\/p>\n<h4>Stort instrumentarium<\/h4>\n<p>Instrumentariumet p\u00e5 albumet er i det hele tatt stort, fantasifullt og unikt. Erland er lidenskapelig opptatt av nye lyder, og bruker mye tid p\u00e5 \u00e5 tr\u00e5le  rare bruktbutikker n\u00e5r han er p\u00e5 turn\u00e9 i alle verdenshj\u00f8rner. I tillegg er ebay et viktig hjelpemiddel for \u00e5 finne slagverkinstrumenter fra 20-, 30- og 40- tallet. Utforsking av lyder som fascinerer danner ofte grunnlaget for improvisasjoner som senere blir nye komposisjoner.   Erland spiller som sist alle instrumenter selv, men samarbeider p\u00e5 produksjonssiden med b\u00e5de Johnny Skalleberg og med Jens Petter Nilsen og Hallvard W Hagen fra elektronikaduoen Xploding Plastix \u2013 en gruppe Erland har jobbet med i mer enn et ti\u00e5r.<\/p>\n<h4>Om Erland Dahlen<\/h4>\n<p>Erland Dahlen har siden midten av nittitallet rukket \u00e5 spille p\u00e5 over 160 plater og turnert og spilt med imponerende mange sentrale artister i mer enn 30 land: Madrugada, Xploding Plastix John Paul Jones, Pantha du Prince and the Bell Laboratory, \u00c5rabrot, Kaada\/Mike Patton, Eivind Aarset sonic codex, Serena Maneesh, Anja Garbarek, Arve Henriksen, Hanne Hukkelberg og Ane Brun er bare et lite utvalg.  De siste \u00e5rene har Erland v\u00e6rt fast medlem i Nils Petter Molv\u00e6r sine band, og han spiller ogs\u00e5 i trioen Stian Westerhus and the Pale Horses. Han er ogs\u00e5 en  flittig benyttet musiker  innen filmmusikk.  Innspillingen ble gjort i Oslo Klang med tekniker Johnny Skalleberg, og Coffee fabric med teknikerne Jens Petter Nilsen og Hallvard W. Hagen. Plata er mastret av Helge Sten i Audio Virus Lab.  Albumet utgis b\u00e5de p\u00e5 CD og som 180g LP + CD i begrenset opplag.  Konserter:  3. September, Nasjonal Jazzscene Victori &#8211; Oslo, med Geir Sundst\u00f8l og Morten Qvenild 9. September, Vinje  10. September, \u00c6lvespeilet &#8211; Porsgrunn 11. September, Skien videreg\u00e5ende skole &#8211; Skien 24. September, Kulturkirken Jakob &#8211; Oslo, med Geir Sundst\u00f8l 25. September, Halden, med Geir Sundst\u00f8l 26. September, Stavanger, med Geir Sundst\u00f8l og Morten Qvenild<\/p>\n<p><\/p>","protected":false},"excerpt":{"rendered":"<p>Instrumentariumet p\u00e5 albumet er i det hele tatt stort, fantasifullt og unikt.<\/p>\n","protected":false},"featured_media":27384,"comment_status":"closed","ping_status":"open","template":"","meta":[],"product_brand":[],"product_cat":[36],"product_tag":[],"class_list":{"0":"post-35156","1":"product","2":"type-product","3":"status-publish","4":"has-post-thumbnail","6":"product_cat-hubro","7":"product_shipping_class-cddvd-shipping","8":"uni_artist_tag-erland-dahlen","9":"uni_artist_tag-hallvard-w-haugen","10":"uni_artist_tag-jens-petter-nilsen","11":"uni_artist_tag-johnny-skalleberg","12":"uni_main_artist_tag-erland-dahlen","13":"uni_artist_genre-electronic","14":"uni_artist_genre-instrumental","15":"uni_artist_genre-rock","17":"first","18":"instock","19":"taxable","20":"shipping-taxable","21":"purchasable","22":"product-type-variable","23":"has-default-attributes"},"_links":{"self":[{"href":"https:\/\/grappa.no\/no\/wp-json\/wp\/v2\/product\/35156","targetHints":{"allow":["GET"]}}],"collection":[{"href":"https:\/\/grappa.no\/no\/wp-json\/wp\/v2\/product"}],"about":[{"href":"https:\/\/grappa.no\/no\/wp-json\/wp\/v2\/types\/product"}],"replies":[{"embeddable":true,"href":"https:\/\/grappa.no\/no\/wp-json\/wp\/v2\/comments?post=35156"}],"wp:featuredmedia":[{"embeddable":true,"href":"https:\/\/grappa.no\/no\/wp-json\/wp\/v2\/media\/27384"}],"wp:attachment":[{"href":"https:\/\/grappa.no\/no\/wp-json\/wp\/v2\/media?parent=35156"}],"wp:term":[{"taxonomy":"product_brand","embeddable":true,"href":"https:\/\/grappa.no\/no\/wp-json\/wp\/v2\/product_brand?post=35156"},{"taxonomy":"product_cat","embeddable":true,"href":"https:\/\/grappa.no\/no\/wp-json\/wp\/v2\/product_cat?post=35156"},{"taxonomy":"product_tag","embeddable":true,"href":"https:\/\/grappa.no\/no\/wp-json\/wp\/v2\/product_tag?post=35156"}],"curies":[{"name":"wp","href":"https:\/\/api.w.org\/{rel}","templated":true}]}}