{"id":35153,"date":"2013-03-01T00:00:00","date_gmt":"2013-02-28T23:00:00","guid":{"rendered":"http:\/\/www.grappa.no\/albums\/uncategorized\/bly-de-blyant-abc\/"},"modified":"2020-08-21T08:57:49","modified_gmt":"2020-08-21T07:57:49","slug":"abc","status":"publish","type":"product","link":"https:\/\/grappa.no\/no\/albums\/hubro\/abc\/","title":{"rendered":"ABC"},"content":{"rendered":"<p><\/p>\n<p>Hemningsl\u00f8st  Bly de Blyants debutalbum byr p\u00e5 inspirert, fantasifull og rocka musikk fra trio med improvisasjonsmusikere som ikke fornekter seg noe. \u201cFri improvisasjon er en en metode \u2013 ikke en sjanger.\u201d skriver trommeslager \u00d8yvind Skarb\u00f8 (1982, H\u00e5kon Kornstad Tenor Battle)  i omslagsteksten \u201cMed en gang det blir en sjanger, mister du all din frihet\u201d.  Utenom Skarb\u00f8 best\u00e5r trioen av  den Brooklynbaserte multiinstrumentalist Shahazad Ismaily (Marc Ribot, Will Oldham, John Zorn) og den islandske gitaristen Hilmar Jensson (Tyft, Jim Black, Trevor Dunn). Skarb\u00f8 hadde spilt med b\u00e5de Hilmar og Shahazad ved flere anledninger tidligere, men Bly de Blyant er det f\u00f8rste prosjetket der alle tre spiller sammen.  Frihet, og viljen til \u00e5 slippe kontrollen spiller en stor rolle p\u00e5 ABC, et album som inneholder alt fra jazz, matterock, overraskende miniatyrer, til en Prince cover. \u201cShahazad hadde akkurat f\u00e5tt oss til \u00e5 spille inn en blues shuffle som han senere overdubbet med to munnharpespor da Hilmar beskrev det jeg ogs\u00e5 f\u00f8lte. Han sa: Jeg vet ikke helt hvilken plate vi lager lenger, og jeg bryr meg egentlig heller ikke.\u201d  Albumet er innspilt Grieghallen studio, i Skarb\u00f8s hjemby Bergen, sammen med tekniker Davide Bertolini. Inspirert av den gamle m\u00e5ten \u00e5 spille inn plater p\u00e5 valgte de \u00e5 la alle musikerne v\u00e6re plassert i samme rom, uten h\u00f8retelefoner.<\/p>\n<p><!--more--><\/p>\n<p>Bly de Blyants debutalbum byr p\u00e5 inspirert, fantasifull og rocka musikk fra trio med improvisasjonsmusikere som ikke fornekter seg noe. \u201cFri improvisasjon er en en metode \u2013 ikke en sjanger.\u201d skriver trommeslager \u00d8yvind Skarb\u00f8 (1982, H\u00e5kon Kornstad Tenor Battle)  i omslagsteksten \u201cMed en gang det blir en sjanger, mister du all din frihet\u201d.<\/p>\n<h4>Frihet og vilje<\/h4>\n<p>Frihet, og viljen til \u00e5 slippe kontrollen spiller en stor rolle p\u00e5 ABC, et album som inneholder alt fra jazz, matterock, overraskende miniatyrer, til en Prince cover. \u201cShahazad hadde akkurat f\u00e5tt oss til \u00e5 spille inn en blues shuffle som han senere overdubbet med to munnharpespor da Hilmar beskrev det jeg ogs\u00e5 f\u00f8lte. Han sa: Jeg vet ikke helt hvilken plate vi lager lenger, og jeg bryr meg egentlig heller ikke.\u201d  Albumet er innspilt Grieghallen studio, i Skarb\u00f8s hjemby Bergen, sammen med tekniker Davide Bertolini. Inspirert av den gamle m\u00e5ten \u00e5 spille inn plater p\u00e5 valgte de \u00e5 la alle musikerne v\u00e6re plassert i samme rom, uten h\u00f8retelefoner.   \u201cShahzad hadde sitt hj\u00f8rne, med et nyrestaurert Hammond-orgel, en eldgammel Moog-synth og en nydelig Fender Precision bass fra tidlig 70-tal som han fikk lane av Davide. Hilmar hadde sin vanlige rigg med gitar og et veldig finurlig og n\u00f8ye gjennomtenkt pedalsystem, og Skarb\u00f8 hadde mine trommer med kalveskinn og berre to mikkar p\u00e5 heile settet. S\u00e5 alt hadde eit lite snev av nostalgi, som inspirerte mer enn det hemmet.\u201d<\/p>\n<h4><\/h4>\n<p><h4><\/h4>\n<\/p>\n<p><\/p>","protected":false},"excerpt":{"rendered":"<p>Fantasifull og rocka musikk fra trio med improvisasjonsmusikere som ikke fornekter seg noe<\/p>\n","protected":false},"featured_media":27378,"comment_status":"closed","ping_status":"open","template":"","meta":[],"product_brand":[],"product_cat":[36],"product_tag":[],"class_list":{"0":"post-35153","1":"product","2":"type-product","3":"status-publish","4":"has-post-thumbnail","6":"product_cat-hubro","7":"product_shipping_class-cddvd-shipping","8":"uni_artist_tag-bly-de-blyant","9":"uni_artist_tag-hilmar-jensson","10":"uni_artist_tag-oyvind-skarbo","11":"uni_artist_tag-shahzad-ismaily","12":"uni_artist_tag-willie-dixon","13":"uni_main_artist_tag-bly-de-blyant","14":"uni_artist_genre-improvised-music","15":"uni_artist_genre-instrumental","17":"first","18":"instock","19":"taxable","20":"shipping-taxable","21":"purchasable","22":"product-type-variable","23":"has-default-attributes"},"_links":{"self":[{"href":"https:\/\/grappa.no\/no\/wp-json\/wp\/v2\/product\/35153","targetHints":{"allow":["GET"]}}],"collection":[{"href":"https:\/\/grappa.no\/no\/wp-json\/wp\/v2\/product"}],"about":[{"href":"https:\/\/grappa.no\/no\/wp-json\/wp\/v2\/types\/product"}],"replies":[{"embeddable":true,"href":"https:\/\/grappa.no\/no\/wp-json\/wp\/v2\/comments?post=35153"}],"wp:featuredmedia":[{"embeddable":true,"href":"https:\/\/grappa.no\/no\/wp-json\/wp\/v2\/media\/27378"}],"wp:attachment":[{"href":"https:\/\/grappa.no\/no\/wp-json\/wp\/v2\/media?parent=35153"}],"wp:term":[{"taxonomy":"product_brand","embeddable":true,"href":"https:\/\/grappa.no\/no\/wp-json\/wp\/v2\/product_brand?post=35153"},{"taxonomy":"product_cat","embeddable":true,"href":"https:\/\/grappa.no\/no\/wp-json\/wp\/v2\/product_cat?post=35153"},{"taxonomy":"product_tag","embeddable":true,"href":"https:\/\/grappa.no\/no\/wp-json\/wp\/v2\/product_tag?post=35153"}],"curies":[{"name":"wp","href":"https:\/\/api.w.org\/{rel}","templated":true}]}}