{"id":35150,"date":"2012-10-12T00:00:00","date_gmt":"2012-10-11T23:00:00","guid":{"rendered":"http:\/\/www.grappa.no\/albums\/uncategorized\/1982-bj-cole\/"},"modified":"2020-08-21T08:57:47","modified_gmt":"2020-08-21T07:57:47","slug":"1982-bj-cole","status":"publish","type":"product","link":"https:\/\/grappa.no\/no\/albums\/hubro\/1982-bj-cole\/","title":{"rendered":"1982 + BJ Cole"},"content":{"rendered":"<p><\/p>\n<p>Improvisert mesterm\u00f8te  Den uklassifierbare improvisasjonstrioen 1982 best\u00e5ende av Nils \u00d8kland p\u00e5 hardingfele og fiolin, Sigbj\u00f8rn Apeland p\u00e5 harmonium og \u00d8yvind Skarb\u00f8 p\u00e5 trommer har to kritikerroste album bak seg. P\u00e5 sitt tredje album siden 2009 har de invitert med seg en gjest; den engelske pedal steel gitaristen BJ Cole.  BJ Cole m\u00e5 kunne kalles en levende legende. Han har v\u00e6rt aktiv som musiker siden tidlig p\u00e5 s\u00f8ttitallet innen en rekke sjangere; fra pop og rock, til jazz og mer eksperimentell musikk. Merittlisten hans er mildt sagt b\u00e5de tung og imponerende. Han har spilt p\u00e5 album og turn\u00e9er med Sting, T. Rex, Bj\u00f8rk, Emmylou Harris, Elton John, Iggy Pop, REM, Brian Eno, Luke Vibert, David Sylvian, Roy Harper og tallrike andre. 1982 hadde med jevne mellomrom og over lenger tid, snakket om at det hadde v\u00e6rt spennende \u00e5 utvide gruppen med en gjest. B\u00e5de for \u00e5 utvikle seg som band, og for \u00e5 teste nytt terreng. Nils \u00d8kland foreslo BJ Cole. De hadde tilfeldigvis spilt sammen et par \u00e5r tidligere p\u00e5 initiativ fra BBC 3 Late Junction programleder Fiona Talkington.<\/p>\n<p><!--more--><\/p>\n<p>Den uklassifierbare improvisasjonstrioen 1982 best\u00e5ende av Nils \u00d8kland p\u00e5 hardingfele og fiolin, Sigbj\u00f8rn Apeland p\u00e5 harmonium og \u00d8yvind Skarb\u00f8 p\u00e5 trommer har to kritikerroste album bak seg. P\u00e5 sitt tredje album siden 2009 har de invitert med seg en gjest; den engelske pedal steel gitaristen BJ Cole.<\/p>\n<h4>F\u00f8rste m\u00f8te<\/h4>\n<p>1982 hadde med jevne mellomrom og over lenger tid, snakket om at det hadde v\u00e6rt spennende \u00e5 utvide gruppen med en gjest. B\u00e5de for \u00e5 utvikle seg som band, og for \u00e5 teste nytt terreng. Nils \u00d8kland foreslo BJ Cole. De hadde tilfeldigvis spilt sammen et par \u00e5r tidligere p\u00e5 initiativ fra BBC 3 Late Junction programleder Fiona Talkington. \u201dDette syns vi var et godt, og ikke minst uvanlig valg,\u201d sier trommeslager og produsent \u00d8yvind Skarb\u00f8. Uten \u00e5 ha spilt sammen tidligere gikk de fire, etter en liten lunsj, i Grieghallen studio og gjorde innspillinger en hel dag. Alle musikerne var plassert i samme rom \u2013 p\u00e5 samme m\u00e5te som p\u00e5 1982 sine tidligere album. \u201dVi hadde aldri spilt sammen tidligere, og jeg hadde heller aldri m\u00f8tt ham. Hovedsaklig improviserte vi helt fritt i noen timer. Innimellom testet vi mer konkrete ting, f.eks en spesiell felestemming, eller vi gjorde et helt spor basert p\u00e5 ein id\u00e9 noen tilfeldigvis st\u00f8tte p\u00e5 i et av de mer frie strekkene.\u201d  BJ Cole bringer en ny klanglig dimensjon inn i 1982 sin musikk, og lydlandskap spiller kanskje en st\u00f8rre rolle p\u00e5 dette albumet enn p\u00e5 tidligere album, men f\u00f8rst og fremst er dette spennende musikk solid forankret midt mellom mange ulike sjangere.<\/p>\n<h4>Om 1982<\/h4>\n<p>Felespiller Nils \u00d8kland kommer fra folkemusikken og er internasjonalt kjent for sin nyskapende spillestil. Han har gitt ut soloalbum p\u00e5 ECM og Rune Grammofon til fantastiske kritikker, og var i flere \u00e5r medlem av Christian Wallumr\u00f8d Ensemble. Sigbj\u00f8rn Apeland spiller kirkeorgel og harmonium, og innehar Norges eneste doktorgrad i etnomusikologi. Han er kjent for \u00e5 operere i grenseland mellom folkemusikk, kirkemusikk og improvisatorisk musikk, og har spilt med bl.a. H\u00e5kon Kornstad, John Stevens, folkesangerne \u00c5sne Valland Nordli, Berit Opheim Versto og Agnes Buen Garn\u00e5s, elektronikainnovat\u00f8rene Alog og st\u00f8yduoen Golden Serenades. Trommeslager \u00d8yvind Skarb\u00f8 har studert med Terje Isungset, i tillegg til studiereiser til Nigeria og Cuba. Han spiller for tiden med Bly de Blyant, BMX og H\u00e5kon Kornstad. Albumet er innspilt og mikset i Grieghallen sammen med tekniker Davide Bertolini.<\/p>\n<h4><\/h4>\n<\/p>\n<p><\/p>","protected":false},"excerpt":{"rendered":"<p>P\u00e5 sitt tredje album siden 2009 har 1982 invitert med seg en gjest; den engelske pedal steel gitaristen BJ Cole.<\/p>\n","protected":false},"featured_media":27376,"comment_status":"closed","ping_status":"open","template":"","meta":[],"product_brand":[],"product_cat":[36],"product_tag":[],"class_list":{"0":"post-35150","1":"product","2":"type-product","3":"status-publish","4":"has-post-thumbnail","6":"product_cat-hubro","7":"product_shipping_class-cddvd-shipping","8":"uni_artist_genre-improvised-music","9":"uni_artist_genre-instrumental","11":"first","12":"instock","13":"taxable","14":"shipping-taxable","15":"purchasable","16":"product-type-variable","17":"has-default-attributes"},"_links":{"self":[{"href":"https:\/\/grappa.no\/no\/wp-json\/wp\/v2\/product\/35150","targetHints":{"allow":["GET"]}}],"collection":[{"href":"https:\/\/grappa.no\/no\/wp-json\/wp\/v2\/product"}],"about":[{"href":"https:\/\/grappa.no\/no\/wp-json\/wp\/v2\/types\/product"}],"replies":[{"embeddable":true,"href":"https:\/\/grappa.no\/no\/wp-json\/wp\/v2\/comments?post=35150"}],"wp:featuredmedia":[{"embeddable":true,"href":"https:\/\/grappa.no\/no\/wp-json\/wp\/v2\/media\/27376"}],"wp:attachment":[{"href":"https:\/\/grappa.no\/no\/wp-json\/wp\/v2\/media?parent=35150"}],"wp:term":[{"taxonomy":"product_brand","embeddable":true,"href":"https:\/\/grappa.no\/no\/wp-json\/wp\/v2\/product_brand?post=35150"},{"taxonomy":"product_cat","embeddable":true,"href":"https:\/\/grappa.no\/no\/wp-json\/wp\/v2\/product_cat?post=35150"},{"taxonomy":"product_tag","embeddable":true,"href":"https:\/\/grappa.no\/no\/wp-json\/wp\/v2\/product_tag?post=35150"}],"curies":[{"name":"wp","href":"https:\/\/api.w.org\/{rel}","templated":true}]}}