{"id":35144,"date":"2013-02-01T00:00:00","date_gmt":"2013-01-31T23:00:00","guid":{"rendered":"http:\/\/www.grappa.no\/albums\/uncategorized\/splashgirl-field-day-rituals\/"},"modified":"2020-08-21T08:57:45","modified_gmt":"2020-08-21T07:57:45","slug":"field-day-rituals","status":"publish","type":"product","link":"https:\/\/grappa.no\/no\/albums\/hubro\/field-day-rituals\/","title":{"rendered":"Field Day Rituals"},"content":{"rendered":"<p><\/p>\n<p>Etterlengtet oppf\u00f8lger  P\u00e5 sitt nye album \u201dField Day Rituals\u201d overg\u00e5r doom-pianotrioen Splashgirl de h\u00f8ye forventningene som har bygget seg opp etter albumet \u201dPressure\u201d fra 2011. Albumet ble trukket frem som \u201den umiddelbar klassiker\u201d i Uncut Magazine. ble kalt \u201den kunstnerisk triumf\u201d i Jazzwise, og figurerte p\u00e5 mange \u00e5rsbestelister.  Med sitt fjerde album \u201dField Day Rituals\u201d tar bandet enda et nytt syvmilssteg opp og fram. Albumet oppleves som detaljmettet, dramatisk, atmosf\u00e6risk og massivt, p\u00e5 tross av at musikken ofte er b\u00e5de seigtflytende og lavm\u00e6lt.  Selv beskriver de musikken p\u00e5 albumet som \u201dlysere og mer optimistisk enn p\u00e5 forrige album\u201d, men lydbildet er fortsatt basstungt nok til at den gjengse kj\u00f8kkenradio ikke b\u00f8r f\u00f8le seg for trygg. Splashgirl destillerer her sitt personlige uttrykk p\u00e5 samme tid som innflytelsene fra post-rock, klassisk musikk og ikke minst jazz er enda tydeligere denne gangen.  Albumet er innspilt i l\u00f8pet av to intense uker Avast Studio i Seattle , USA, sammen med tekniker og produsent Randall Dunn (Akron\/Family, Black Mountain, Sun City Girls, Boris, Kinski, Sunn O))) og Earth). Denne innspillingen var den f\u00f8rste der trioen slapp til en produsent som hadde myndighet til \u00e5 ta valg p\u00e5 vegne av bandet. \u201cHan fikk oss til \u00e5 spille noe av musikken som om den var klassisk jazz, noe vi ikke har gjort p\u00e5 lang tid. Randall fikk oss til \u00e5 se med positive \u00f8yne p\u00e5 jazzen igjen.\u201d   Bratsjist Eyvind Kang (Bill Frisell, Beck, John Zorn, Marc Ribot) bidrar p\u00e5 tre l\u00e5ter, og Timothy Masons subtile modul\u00e6re synther overrasker flere steder p\u00e5 albumet.<\/p>\n<p><!--more--><\/p>\n<p>P\u00e5 sitt nye album \u201dField Day Rituals\u201d overg\u00e5r doom-pianotrioen Splashgirl de h\u00f8ye forventningene som har bygget seg opp etter albumet \u201dPressure\u201d fra 2011. Albumet ble trukket frem som \u201den umiddelbar klassiker\u201d i Uncut Magazine. ble kalt \u201den kunstnerisk triumf\u201d i Jazzwise, og figurerte p\u00e5 mange \u00e5rsbestelister.<\/p>\n<h4>Seattle<\/h4>\n<p>Albumet er innspilt i l\u00f8pet av to intense uker Avast Studio i Seattle , USA, sammen med tekniker og produsent Randall Dunn (Akron\/Family, Black Mountain, Sun City Girls, Boris, Kinski, Sunn O))) og Earth). Denne innspillingen var den f\u00f8rste der trioen slapp til en produsent som hadde myndighet til \u00e5 ta valg p\u00e5 vegne av bandet. \u201cHan fikk oss til \u00e5 spille noe av musikken som om den var klassisk jazz, noe vi ikke har gjort p\u00e5 lang tid. Randall fikk oss til \u00e5 se med positive \u00f8yne p\u00e5 jazzen igjen.\u201d   Bratsjist Eyvind Kang (Bill Frisell, Beck, John Zorn, Marc Ribot) bidrar p\u00e5 tre l\u00e5ter, og Timothy Masons subtile modul\u00e6re synther overrasker flere steder p\u00e5 albumet.   Tilgjengelig som CD\/DL og i en deluxe 2LP utgave (500 kopier, gatefold cover, 180g vinyl, 45 rpm)<\/p>\n<h4><\/h4>\n<p><h4><\/h4>\n<\/p>\n<p><\/p>","protected":false},"excerpt":{"rendered":"<p>P\u00e5 sitt nye album \u201dField Day Rituals\u201d overg\u00e5r doom-pianotrioen Splashgirl de h\u00f8ye forventningene som har bygget seg opp etter albumet \u201dPressure\u201d fra 2011.<\/p>\n","protected":false},"featured_media":27370,"comment_status":"closed","ping_status":"open","template":"","meta":[],"product_brand":[],"product_cat":[36],"product_tag":[],"class_list":{"0":"post-35144","1":"product","2":"type-product","3":"status-publish","4":"has-post-thumbnail","6":"product_cat-hubro","7":"product_shipping_class-cddvd-shipping","8":"uni_artist_tag-andreas-lonmo-knudsrod","9":"uni_artist_tag-andreas-stensland-lowe","10":"uni_artist_tag-eyvind-kang","11":"uni_artist_tag-jo-berger-myhre","12":"uni_artist_tag-nils-okland","13":"uni_artist_tag-oyvind-skarbo","14":"uni_artist_tag-randall-dunn","15":"uni_artist_tag-sigbjorn-apeland","16":"uni_artist_tag-splashgirl","17":"uni_artist_tag-timothy-mason","18":"uni_main_artist_tag-splashgirl","19":"uni_artist_genre-instrumental","20":"uni_artist_genre-jazz","21":"uni_artist_genre-rock","23":"first","24":"instock","25":"taxable","26":"shipping-taxable","27":"purchasable","28":"product-type-variable","29":"has-default-attributes"},"_links":{"self":[{"href":"https:\/\/grappa.no\/no\/wp-json\/wp\/v2\/product\/35144","targetHints":{"allow":["GET"]}}],"collection":[{"href":"https:\/\/grappa.no\/no\/wp-json\/wp\/v2\/product"}],"about":[{"href":"https:\/\/grappa.no\/no\/wp-json\/wp\/v2\/types\/product"}],"replies":[{"embeddable":true,"href":"https:\/\/grappa.no\/no\/wp-json\/wp\/v2\/comments?post=35144"}],"wp:featuredmedia":[{"embeddable":true,"href":"https:\/\/grappa.no\/no\/wp-json\/wp\/v2\/media\/27370"}],"wp:attachment":[{"href":"https:\/\/grappa.no\/no\/wp-json\/wp\/v2\/media?parent=35144"}],"wp:term":[{"taxonomy":"product_brand","embeddable":true,"href":"https:\/\/grappa.no\/no\/wp-json\/wp\/v2\/product_brand?post=35144"},{"taxonomy":"product_cat","embeddable":true,"href":"https:\/\/grappa.no\/no\/wp-json\/wp\/v2\/product_cat?post=35144"},{"taxonomy":"product_tag","embeddable":true,"href":"https:\/\/grappa.no\/no\/wp-json\/wp\/v2\/product_tag?post=35144"}],"curies":[{"name":"wp","href":"https:\/\/api.w.org\/{rel}","templated":true}]}}