{"id":35141,"date":"2012-03-23T00:00:00","date_gmt":"2012-03-22T23:00:00","guid":{"rendered":"http:\/\/www.grappa.no\/albums\/uncategorized\/cakewalk-wired\/"},"modified":"2020-08-21T08:57:41","modified_gmt":"2020-08-21T07:57:41","slug":"wired","status":"publish","type":"product","link":"https:\/\/grappa.no\/no\/albums\/hubro\/wired\/","title":{"rendered":"Wired"},"content":{"rendered":"<p><\/p>\n<p>Ekslosiv ung trio  Hubro er stolte av \u00e5 kunne presentere debutplaten til den rocka improvisasjonstrioen Cakewalk &#8211; et relativt ferskt band best\u00e5ende av medlemmer fra Sacred Harp, Highasakite, The Sweetest Thrill og Hedvig Mollestad trio. Med synther, cymbaler, strenger og effektbokser improviserer Cakewalk med intense og suggererende droner og riff. Telepatien og samspillet innad i dette bandet er imponerende og strukturen i improvisasjonene sterk. Spennet i musikken deres er stort og gir oss assosiasjoner til  motorisk krautrock, industriell elektronisk musikk, st\u00f8yrockrock og Bowie\/Enos Berlintriologi. Det er hektisk og energisk,  og de tre medlemmene presser hver id\u00e9 og hvert riff opp til kokepunktet, f\u00f8r de kj\u00f8ler ned \u00f8rene v\u00e5re med mer kontemplativ lydimprovisasjon.<\/p>\n<p><!--more--><\/p>\n<p>Hubro er stolte av \u00e5 kunne presentere debutplaten til den rocka improvisasjonstrioen Cakewalk &#8211; et relativt ferskt band best\u00e5ende av medlemmer fra Sacred Harp, Highasakite, The Sweetest Thrill og Hedvig Mollestad trio.<\/p>\n<h4>Om bandet<\/h4>\n<p>Keyboardist \u00d8ystein Skar (keyboard) er opprinnelig fra Vinstra, og spilte tidlig klassisk musikk, f\u00f8r han ogs\u00e5 begynte med improvisasjonsmusikk, pop og jazz. Han er ogs\u00e5 en aktiv komponist, og har f\u00e5tt oppf\u00f8rt flere verk for solopiano og st\u00f8rre ensembler de siste \u00e5rene. Skar er i tillegg til Cakewalk aktuell med duoen Glow, Sacred Harp og Highasakite.   Stephan Meidell (gitar\/bass) er f\u00f8dt og oppvokst i Kristiansand, men har n\u00e5 base i Bergen etter flere \u00e5r i Amsterdam. Han bruker sin bakgrunn fra jazz og improvisasjonsmusikk innenfor rock, pop, st\u00f8y og lydkunst i bandene Cakewalk, Krachmacher, The Sweetest Thrill og Vanilla Riot.   Ivar Loe Bj\u00f8rnstad (trommer) er f\u00f8dt i Surnadal og kommer opprinnelig fra en rockebakgrunn. Han er bosatt i Oslo, og har fra milleniumsskiftet spilt med et uttall band og konstellasjoner i varierte sjangerlandskap, og spiller n\u00e5 hovedsaklig med Hedvig Mollestad Trio, Hilde Marie Kjersem band og Cakewalk.   Innspilt og mikset Juhani Silvola, og mastret av J\u00f8rgen Tr\u00e6en i Duper studio.<\/p>\n<h4><\/h4>\n<p><h4><\/h4>\n<\/p>\n<p><\/p>","protected":false},"excerpt":{"rendered":"<p>Den rocka improvisasjonstrioen Cakewalk best\u00e5r av medlemmer fra Sacred Harp, Highasakite, The Sweetest Thrill og Hedvig Mollestad trio.<\/p>\n","protected":false},"featured_media":27360,"comment_status":"closed","ping_status":"open","template":"","meta":[],"product_brand":[],"product_cat":[36],"product_tag":[],"class_list":{"0":"post-35141","1":"product","2":"type-product","3":"status-publish","4":"has-post-thumbnail","6":"product_cat-hubro","7":"product_shipping_class-cddvd-shipping","8":"uni_artist_tag-cakewalk","9":"uni_artist_tag-ivar-loe-bjornstad","10":"uni_artist_tag-ivar-loe-bjorstad","11":"uni_artist_tag-oystein-skar","12":"uni_artist_tag-stephan-meidell","13":"uni_main_artist_tag-cakewalk","14":"uni_artist_genre-avantgarde","15":"uni_artist_genre-improvised-music","16":"uni_artist_genre-instrumental","17":"uni_artist_genre-jazz","18":"uni_artist_genre-rock","20":"first","21":"instock","22":"taxable","23":"shipping-taxable","24":"purchasable","25":"product-type-variable","26":"has-default-attributes"},"_links":{"self":[{"href":"https:\/\/grappa.no\/no\/wp-json\/wp\/v2\/product\/35141","targetHints":{"allow":["GET"]}}],"collection":[{"href":"https:\/\/grappa.no\/no\/wp-json\/wp\/v2\/product"}],"about":[{"href":"https:\/\/grappa.no\/no\/wp-json\/wp\/v2\/types\/product"}],"replies":[{"embeddable":true,"href":"https:\/\/grappa.no\/no\/wp-json\/wp\/v2\/comments?post=35141"}],"wp:featuredmedia":[{"embeddable":true,"href":"https:\/\/grappa.no\/no\/wp-json\/wp\/v2\/media\/27360"}],"wp:attachment":[{"href":"https:\/\/grappa.no\/no\/wp-json\/wp\/v2\/media?parent=35141"}],"wp:term":[{"taxonomy":"product_brand","embeddable":true,"href":"https:\/\/grappa.no\/no\/wp-json\/wp\/v2\/product_brand?post=35141"},{"taxonomy":"product_cat","embeddable":true,"href":"https:\/\/grappa.no\/no\/wp-json\/wp\/v2\/product_cat?post=35141"},{"taxonomy":"product_tag","embeddable":true,"href":"https:\/\/grappa.no\/no\/wp-json\/wp\/v2\/product_tag?post=35141"}],"curies":[{"name":"wp","href":"https:\/\/api.w.org\/{rel}","templated":true}]}}