{"id":35138,"date":"2011-11-18T00:00:00","date_gmt":"2011-11-17T23:00:00","guid":{"rendered":"http:\/\/www.grappa.no\/albums\/uncategorized\/tore-brunborg-kirsti-huke-scent-of-soil\/"},"modified":"2020-08-21T08:57:39","modified_gmt":"2020-08-21T07:57:39","slug":"scent-of-soil","status":"publish","type":"product","link":"https:\/\/grappa.no\/no\/albums\/hubro\/scent-of-soil\/","title":{"rendered":"Scent of Soil"},"content":{"rendered":"<p><\/p>\n<p>Kritikerrost bestillingsverk p\u00e5 plate  Bandet Scent of Soil frontes av vokalist Kirsti Huke og saksofonist Tore Brunborg. Deres debutalbum henter materiale fra et kritikerrost bestillingsverk de sammen skrev til Vossajazz 2010, hvor vi f\u00e5r presentert ni sterke og billedrike sanger som alle p\u00e5 sin m\u00e5te kretser rundt naturen. Huke har signert de fleste tekstene, men to av l\u00e5tene henter tekster fra to av USAs fremste lyrikere. Robert Frost st\u00e5r bak teksten p\u00e5 &quot;Breeze&quot; og Emily Dickinson&quot; har skrevet &quot;Necklaces&quot;.   Kirsti Huke har bakgrunn fra b\u00e5de rock og jazz og har to kritikerroste album i eget navn bak seg. Stemmen hennes har blitt beskrevet b\u00e5de som en honningkrukke og et kraftverk. Det er en dekkende beskrivelse for spennvidden i hennes jordn\u00e6re innfallsvinkel til b\u00e5de jazzens standardl\u00e5ter, pop og rock. Brunborg er utvilsomt en av de viktigste norske saksofonistene i generasjonen etter Jan Garbarek.   Musikalsk beveger Scent of Soil seg fra det rocka og energiske til vare ballader der jazzr\u00f8ttene skinner tydeligere gjennom. Huke og Brunborg har satt sammen et spennende band med musikere som alle har jobbet mye med sjangeroverskridende musikk, og referansene til den alternative rockescenen er mange og sterke.  Gitarist Petter V\u00e5gan spiller med Huke i rockebandet -phy, og er ellers kjent fra Marvel Machine, Eyewaterlillies, Vertex og Petter O Hanna. Bassist Rune Nergaard og trommeslager Gard Nilssen har spilt sammen i flere forskjellige band, men er kanskje mest kjent fra frirockbandet Bushman\u00b4s Revenge. Nilssen spiller ogs\u00e5 med Susanne Sundf\u00f8r, Puma og Mathias Eick.  Scent of Soils debutalbum er b\u00e5de spennende og tilgjengelig, og en plate der de musikalske svevene kommer tett. Anbefales!<\/p>\n<p><!--more--><\/p>\n<p>Bandet Scent of Soil frontes av vokalist Kirsti Huke og saksofonist Tore Brunborg. Deres debutalbum henter materiale fra et kritikerrost bestillingsverk de sammen skrev til Vossajazz 2010, hvor vi f\u00e5r presentert ni sterke og billedrike sanger som alle p\u00e5 sin m\u00e5te kretser rundt naturen.<\/p>\n<h4>Scent of Soil<\/h4>\n<p>Kirsti Huke har bakgrunn fra b\u00e5de rock og jazz og har to kritikerroste album i eget navn bak seg. Stemmen hennes har blitt beskrevet b\u00e5de som en honningkrukke og et kraftverk. Det er en dekkende beskrivelse for spennvidden i hennes jordn\u00e6re innfallsvinkel til b\u00e5de jazzens standardl\u00e5ter, pop og rock. Brunborg er utvilsomt en av de viktigste norske saksofonistene i generasjonen etter Jan Garbarek. Han fikk sitt gjennombrudd med gruppa Masqualero sammen med Nils Petter Molv\u00e6r, Arild Andersen og Jon Christensen p\u00e5 \u00e5ttitallet. De siste \u00e5rene har han jobbet med Mathias Eick, Manu Katch\u00e9, Tord Gustavsen Ensemble og Ketil Bj\u00f8rnstad. Han spiller ogs\u00e5 en sentral rolle p\u00e5 to av Mats Eilertsens plater p\u00e5 HUBRO: Radio Yonder og Sky Dive.  Musikalsk beveger Scent of Soil seg fra det rocka og energiske til vare ballader der jazzr\u00f8ttene skinner tydeligere gjennom. Huke og Brunborg har satt sammen et spennende band med musikere som alle har jobbet mye med sjangeroverskridende musikk, og referansene til den alternative rockescenen er mange og sterke.  Gitarist Petter V\u00e5gan spiller med Huke i rockebandet -phy, og er ellers kjent fra Marvel Machine, Eyewaterlillies, Vertex og Petter O Hanna. Bassist Rune Nergaard og trommeslager Gard Nilssen har spilt sammen i flere forskjellige band, men er kanskje mest kjent fra frirockbandet Bushman\u00b4s Revenge. Nilssen spiller ogs\u00e5 med Susanne Sundf\u00f8r, Puma og Mathias Eick.  Albumet ble analogt innspilt i Athletic Studio i Halden sammen med tekniker Kai Andersen. Albumet blir utgitt b\u00e5de p\u00e5 CD og LP og kommer med et vakkert cover designet av Yokoland og med foto av den legendariske amerikanske fotografen Robert A Robinson.  Scent of Soils debutalbum er b\u00e5de spennende og tilgjengelig, og en plate der de musikalske svevene kommer tett. Anbefales!<\/p>\n<h4><\/h4>\n<p><h4><\/h4>\n<\/p>\n<p><\/p>","protected":false},"excerpt":{"rendered":"<p>Spennende og tilgjengelig<\/p>\n","protected":false},"featured_media":27358,"comment_status":"closed","ping_status":"open","template":"","meta":[],"product_brand":[],"product_cat":[36],"product_tag":[],"class_list":{"0":"post-35138","1":"product","2":"type-product","3":"status-publish","4":"has-post-thumbnail","6":"product_cat-hubro","7":"product_shipping_class-cddvd-shipping","8":"uni_artist_tag-gard-nilssen","9":"uni_artist_tag-kirsti-huke","10":"uni_artist_tag-petter-vagan","11":"uni_artist_tag-rune-nergaard","12":"uni_artist_tag-tore-brunborg","13":"uni_main_artist_tag-kirsti-huke","14":"uni_artist_genre-jazz","15":"uni_artist_genre-pop","16":"uni_artist_genre-rock","18":"first","19":"instock","20":"taxable","21":"shipping-taxable","22":"purchasable","23":"product-type-variable","24":"has-default-attributes"},"_links":{"self":[{"href":"https:\/\/grappa.no\/no\/wp-json\/wp\/v2\/product\/35138","targetHints":{"allow":["GET"]}}],"collection":[{"href":"https:\/\/grappa.no\/no\/wp-json\/wp\/v2\/product"}],"about":[{"href":"https:\/\/grappa.no\/no\/wp-json\/wp\/v2\/types\/product"}],"replies":[{"embeddable":true,"href":"https:\/\/grappa.no\/no\/wp-json\/wp\/v2\/comments?post=35138"}],"wp:featuredmedia":[{"embeddable":true,"href":"https:\/\/grappa.no\/no\/wp-json\/wp\/v2\/media\/27358"}],"wp:attachment":[{"href":"https:\/\/grappa.no\/no\/wp-json\/wp\/v2\/media?parent=35138"}],"wp:term":[{"taxonomy":"product_brand","embeddable":true,"href":"https:\/\/grappa.no\/no\/wp-json\/wp\/v2\/product_brand?post=35138"},{"taxonomy":"product_cat","embeddable":true,"href":"https:\/\/grappa.no\/no\/wp-json\/wp\/v2\/product_cat?post=35138"},{"taxonomy":"product_tag","embeddable":true,"href":"https:\/\/grappa.no\/no\/wp-json\/wp\/v2\/product_tag?post=35138"}],"curies":[{"name":"wp","href":"https:\/\/api.w.org\/{rel}","templated":true}]}}