{"id":35135,"date":"2012-01-20T00:00:00","date_gmt":"2012-01-19T23:00:00","guid":{"rendered":"http:\/\/www.grappa.no\/albums\/uncategorized\/erland-dahlen-rolling-bomber\/"},"modified":"2020-08-21T08:57:37","modified_gmt":"2020-08-21T07:57:37","slug":"rolling-bomber","status":"publish","type":"product","link":"https:\/\/grappa.no\/no\/albums\/hubro\/rolling-bomber\/","title":{"rendered":"Rolling Bomber"},"content":{"rendered":"<p><\/p>\n<p>Solodebut fra Erland Dahlen  Rolling Bomber er solodebuten til en av v\u00e5re favorittmusikere; trommeslageren Erland Dahlen. Han har siden midten av nittitallet rukket \u00e5 spille p\u00e5 over 130 plater og turnere med en imponerende mange sentrale artister i mange ulike sjangere: Kiruna, Mike Patton\/Kaada, Ingrid Olava, Eivind Aarset Sonic Codex Orchestra, Mathias Eick, Odd Nordstoga, Serena Maneesh, Arve Henriksen, Hanne Hukkelberg og Marit Larsen &#8211; for \u00e5 nevne noen. Han er kanskje mest kjent fra suksessbandet Madrugada, som han spilte med i de siste \u00e5rene av bandets liv, og som fast trommeslager i Nils Petter Molv\u00e6rs eksplosive nye trio. Stemningen p\u00e5 albumet er leken og billedskapene, men ogs\u00e5 tidvis ganske m\u00f8rk og truende. Elementer av krautrock, dronemusikk, ambient og samtidsmusikk sys sammen med en rocka energi. Erland har selv produsert albumet sammen med Jens Petter Nilsen og Hallvard W Hagen.  Sammen utgj\u00f8r de elektronikaduoen Xploding Plastix, som Erland har jobbet med i 9 \u00e5r. Innspillingen ble gjort i en nedlagt kaffefabrikk i Oslo sentrum som Erland leier. Albumet er mikset av Jens Petter Nilsen i tinfoilaudio, og mastret av Helge Sten i Audio Virus Lab.<\/p>\n<p><!--more--><\/p>\n<p>Rolling Bomber er solodebuten til en av v\u00e5re favorittmusikere; trommeslageren Erland Dahlen. Han har siden midten av nittitallet rukket \u00e5 spille p\u00e5 over 130 plater og turnere med en imponerende mange sentrale artister i mange ulike sjangere: Kiruna, Mike Patton\/Kaada, Ingrid Olava, Eivind Aarset Sonic Codex Orchestra, Mathias Eick, Odd Nordstoga, Serena Maneesh, Arve Henriksen, Hanne Hukkelberg og Marit Larsen &#8211; for \u00e5 nevne noen. Han er kanskje mest kjent fra suksessbandet Madrugada, som han spilte med i de siste \u00e5rene av bandets liv, og som fast trommeslager i Nils Petter Molv\u00e6rs eksplosive nye trio.<\/p>\n<h4>Slingerland Rolling Bomber<\/h4>\n<p>Albumet er oppkalt etter det spesielle trommesettet Erland spiller p\u00e5 albumet, et Slingerland Rolling Bomber fra andre verdenskrig, som han fikk kj\u00f8pt av frijazztrommeslager og samler Roger Turner. Siden v\u00e5penindustrien la beslag p\u00e5 nesten alt metall under krigen er mekanikken p\u00e5 dette settet i Rosewood. &quot;Med s\u00e5 mye treverk i en tromme blir det en veldig varm klang som jeg liker godt&quot; sier Erland selv. I tillegg tar han i bruk et instrumentarium best\u00e5ende av diverse perkusjonsinstrumenter, litt elektronikk og noen spesialbygde instrumenter.. Erland har i mange \u00e5r spilt sag, og p\u00e5 Rolling Bomber er sagen et viktig melodisk element.<\/p>\n<h4>Stemningsfull musikk<\/h4>\n<p>Stemningen p\u00e5 albumet er leken og billedskapene, men ogs\u00e5 tidvis ganske m\u00f8rk og truende. Elementer av krautrock, dronemusikk, ambient og samtidsmusikk sys sammen med en rocka energi. Erland har selv produsert albumet sammen med Jens Petter Nilsen og Hallvard W Hagen.  Sammen utgj\u00f8r de elektronikaduoen Xploding Plastix, som Erland har jobbet med i 9 \u00e5r. Den m\u00f8rke andrel\u00e5ten p\u00e5 albumet; Funeral, er en remiks gjort av Hallvard W Hagen.  Innspillingen ble gjort i en nedlagt kaffefabrikk i Oslo sentrum som Erland leier. Albumet er mikset av Jens Petter Nilsen i tinfoilaudio, og mastret av Helge Sten i Audio Virus Lab.<\/p>\n<h4><\/h4>\n<\/p>\n<p><\/p>","protected":false},"excerpt":{"rendered":"<p>Elementer av krautrock, dronemusikk, ambient og samtidsmusikk sys sammen med en rocka energi.<\/p>\n","protected":false},"featured_media":27352,"comment_status":"closed","ping_status":"open","template":"","meta":[],"product_brand":[],"product_cat":[36],"product_tag":[],"class_list":{"0":"post-35135","1":"product","2":"type-product","3":"status-publish","4":"has-post-thumbnail","6":"product_cat-hubro","7":"product_shipping_class-cddvd-shipping","8":"uni_artist_tag-erland-dahlen","9":"uni_artist_tag-hallvard-w-haugen","10":"uni_artist_tag-jens-petter-nilsen","11":"uni_main_artist_tag-erland-dahlen","12":"uni_artist_genre-electronic","13":"uni_artist_genre-improvised-music","14":"uni_artist_genre-instrumental","15":"uni_artist_genre-rock","17":"first","18":"instock","19":"taxable","20":"shipping-taxable","21":"purchasable","22":"product-type-variable","23":"has-default-attributes"},"_links":{"self":[{"href":"https:\/\/grappa.no\/no\/wp-json\/wp\/v2\/product\/35135","targetHints":{"allow":["GET"]}}],"collection":[{"href":"https:\/\/grappa.no\/no\/wp-json\/wp\/v2\/product"}],"about":[{"href":"https:\/\/grappa.no\/no\/wp-json\/wp\/v2\/types\/product"}],"replies":[{"embeddable":true,"href":"https:\/\/grappa.no\/no\/wp-json\/wp\/v2\/comments?post=35135"}],"wp:featuredmedia":[{"embeddable":true,"href":"https:\/\/grappa.no\/no\/wp-json\/wp\/v2\/media\/27352"}],"wp:attachment":[{"href":"https:\/\/grappa.no\/no\/wp-json\/wp\/v2\/media?parent=35135"}],"wp:term":[{"taxonomy":"product_brand","embeddable":true,"href":"https:\/\/grappa.no\/no\/wp-json\/wp\/v2\/product_brand?post=35135"},{"taxonomy":"product_cat","embeddable":true,"href":"https:\/\/grappa.no\/no\/wp-json\/wp\/v2\/product_cat?post=35135"},{"taxonomy":"product_tag","embeddable":true,"href":"https:\/\/grappa.no\/no\/wp-json\/wp\/v2\/product_tag?post=35135"}],"curies":[{"name":"wp","href":"https:\/\/api.w.org\/{rel}","templated":true}]}}