{"id":35132,"date":"2011-09-30T00:00:00","date_gmt":"2011-09-29T23:00:00","guid":{"rendered":"http:\/\/www.grappa.no\/albums\/uncategorized\/1982-pintura\/"},"modified":"2020-08-21T08:57:35","modified_gmt":"2020-08-21T07:57:35","slug":"pintura","status":"publish","type":"product","link":"https:\/\/grappa.no\/no\/albums\/hubro\/pintura\/","title":{"rendered":"Pintura"},"content":{"rendered":"<p><\/p>\n<p>Heimstadjazz  \u201dPintura\u201d er det andre albumet til den originale trioen 1982. Deres selvtitulerte debut LP fra 2008 p\u00e5 NORCD var et av v\u00e5re absolutte favorittalbum det \u00e5ret. P\u00e5 sitt nye album \u201dPintura\u201d tar de samspillet og eksperimenteringen enda et niv\u00e5 h\u00f8yere.   1982 m\u00e5 kunne kalles noe en supergruppe innen vanskelig kategoriserbar moderne, improvisert kammermusikk. Dagsavisen beskrev musikken til 1982 som \u201cheimstadjazz\u201d. Instrumenteringen er uvanlig. S\u00e5 vidt vi vet er det ingen andre grupper som spiller improvisert musikk med tr\u00f8orgel, trommer og hardingfele. Det gir 1982 et klanglig s\u00e6rpreg, men ogs\u00e5 musikalsk g\u00e5r de sin egen vei: \u201dVi er ikke redde for \u00e5 bevege oss over i et s\u00e5rt, harmonisk og melankolsk terreng. Det rommet er ikke stengt for oss.\u201d uttalte trommeslager \u00d8yvind Skarb\u00f8 i et intervju med Natt og Dag.  Felespiller Nils \u00d8kland er internasjonalt kjent for sin nyskapende spillestil. Han har gitt ut flere soloalbum p\u00e5 ECM og Rune Grammofon til fantastiske kritikker og var i flere \u00e5r medlem i Christian Wallumr\u00f8d Ensemble. Sigbj\u00f8rn Apeland spiller kirkeorgel og harmonium og innehar Norges eneste doktograd i etnomusikologi. Han er kjent for \u00e5 operere i grenseland mellom folkemusikk, kirkemusikk og improvisatorisk musikk. og har deltatt p\u00e5 en rekke plater bl.a. med Sigrid Moldestad, folkesangerne \u00c5sne Valland Nordli, Berit Opheim Versto og Agnes Buen Garn\u00e5s, elektronikainnovat\u00f8rene Alog og st\u00f8yduoen Golden Serenades.   Trommeslager \u00d8yvind Skarb\u00f8 har studert med Terje Isungset og i tillegg til studiereiser til Nigeria og Cuba. Han spiller med BMX, Kresten Osgood, Per J\u00f8rgensen og den islandske gitaristen Hilmar Jensson.<\/p>\n<p><!--more--><\/p>\n<p>Pintura er det andre albumet til den originale trioen 1982.  Deres selvtitulerte debut LP fra 2009 p\u00e5 NORCD var et av v\u00e5re absolutte favorittalbum det \u00e5ret. P\u00e5 sitt nye album \u201dPintura\u201d tar de samspillet og eksperimenteringen enda et niv\u00e5 h\u00f8yere.<\/p>\n<h4>Om musikerne<\/h4>\n<p>Felespiller Nils \u00d8kland kommer fra folkemusikken og er internasjonalt kjent for sin nyskapende spillestil. Han har gitt ut soloalbum p\u00e5 ECM og Rune Grammofon til fantastiske kritikker, og var i flere \u00e5r medlem av Christian Wallumr\u00f8d Ensemble.  Sigbj\u00f8rn Apeland spiller kirkeorgel og harmonium, og innehar Norges eneste doktorgrad i etnomusikologi. Han er kjent for \u00e5 operere i grenseland mellom folkemusikk, kirkemusikk og improvisatorisk musikk. I februar 2011 gav han ut sin sitt f\u00f8rste soloalbum med improvisasjoner for tr\u00f8orgel: Glossolalia (HUBROCD2503). Da han studerte for \u00e5 bli organist fordypet han seg i frijazz med den legendariske britiske trommeslageren John Stevens og har deltatt p\u00e5 en rekke plater bl.a. med Sigrid Moldestad, folkesangerne \u00c5sne Valland Nordli, Berit Opheim Versto og Agnes Buen Garn\u00e5s, elektronikainnovat\u00f8rene Alog og st\u00f8yduoen Golden Serenades.<\/p>\n<h4>Pintura<\/h4>\n<p>Navnet p\u00e5 albumet, \u201dPintura\u201d,  kom trommeslager \u00d8yvind Skarb\u00f8 over da han bes\u00f8kte Joan Mir\u00f3-mus\u00e9et i Barcelona. \u201dN\u00e5r man ser p\u00e5 bildet med samme navn er det f\u00f8rste som fanger oppmerksomheten en r\u00f8ff, ensfarget figur, som m\u00e5 v\u00e6re malt med en veldig tykk pensel. S\u00e5, n\u00e5r man g\u00e5r tettere p\u00e5 legger man merke til at i kontrast til dette er bakgrunnen veldig detaljert og nyansert. Jeg vet ikke om dette kan fungere som en beskrivelse av musikken v\u00e5r, men jeg syntes selv at det gav mening \u201d.  Albumet er innspilt i Grieghallen sammen med tekniker Davide Bertolini.<\/p>\n<h4><\/h4>\n<\/p>\n<p><\/p>","protected":false},"excerpt":{"rendered":"<p>S\u00e5 vidt vi vet er det ingen andre grupper som spiller improvisert musikk med tr\u00f8orgel, trommer og hardingfele. Det gir 1982 et klanglig s\u00e6rpreg, men ogs\u00e5 musikalsk g\u00e5r de sin egen vei.<\/p>\n","protected":false},"featured_media":27348,"comment_status":"closed","ping_status":"open","template":"","meta":[],"product_brand":[],"product_cat":[36],"product_tag":[],"class_list":{"0":"post-35132","1":"product","2":"type-product","3":"status-publish","4":"has-post-thumbnail","6":"product_cat-hubro","7":"product_shipping_class-cddvd-shipping","8":"uni_artist_tag-2420","9":"uni_artist_tag-andreas-risanger-meland","10":"uni_artist_tag-nils-okland","11":"uni_artist_tag-oyvind-skarbo","12":"uni_artist_tag-sigbjorn-apeland","13":"uni_main_artist_tag-5297","14":"uni_artist_genre-contemporary-music","15":"uni_artist_genre-folk-music","16":"uni_artist_genre-improvised-music","17":"uni_artist_genre-instrumental","18":"uni_artist_genre-jazz","20":"first","21":"instock","22":"taxable","23":"shipping-taxable","24":"purchasable","25":"product-type-variable","26":"has-default-attributes"},"_links":{"self":[{"href":"https:\/\/grappa.no\/no\/wp-json\/wp\/v2\/product\/35132","targetHints":{"allow":["GET"]}}],"collection":[{"href":"https:\/\/grappa.no\/no\/wp-json\/wp\/v2\/product"}],"about":[{"href":"https:\/\/grappa.no\/no\/wp-json\/wp\/v2\/types\/product"}],"replies":[{"embeddable":true,"href":"https:\/\/grappa.no\/no\/wp-json\/wp\/v2\/comments?post=35132"}],"wp:featuredmedia":[{"embeddable":true,"href":"https:\/\/grappa.no\/no\/wp-json\/wp\/v2\/media\/27348"}],"wp:attachment":[{"href":"https:\/\/grappa.no\/no\/wp-json\/wp\/v2\/media?parent=35132"}],"wp:term":[{"taxonomy":"product_brand","embeddable":true,"href":"https:\/\/grappa.no\/no\/wp-json\/wp\/v2\/product_brand?post=35132"},{"taxonomy":"product_cat","embeddable":true,"href":"https:\/\/grappa.no\/no\/wp-json\/wp\/v2\/product_cat?post=35132"},{"taxonomy":"product_tag","embeddable":true,"href":"https:\/\/grappa.no\/no\/wp-json\/wp\/v2\/product_tag?post=35132"}],"curies":[{"name":"wp","href":"https:\/\/api.w.org\/{rel}","templated":true}]}}