{"id":35129,"date":"2011-08-19T00:00:00","date_gmt":"2011-08-18T23:00:00","guid":{"rendered":"http:\/\/www.grappa.no\/albums\/uncategorized\/splashgirl-pressure\/"},"modified":"2020-08-21T08:57:33","modified_gmt":"2020-08-21T07:57:33","slug":"pressure","status":"publish","type":"product","link":"https:\/\/grappa.no\/no\/albums\/hubro\/pressure\/","title":{"rendered":"Pressure"},"content":{"rendered":"<p><\/p>\n<p>Splashgirl er etter v\u00e5r mening et av de mest spennende unge instrumeltalbandene fra Norge de siste \u00e5rene. Med sitt tredje og til n\u00e5 klart sterkeste album \u201dPressure\u201d tar de enda et nytt stort steg videre og \u00e5pner samtidig ogs\u00e5 opp d\u00f8rene til flere nye musikalske rom &#8211; b\u00e5de til den fuktige og m\u00f8rke kjelleren og til loftet \u2013 der alle glemte minner ligger stuet bort. Den musikalske dynamikken p\u00e5 \u201dPressure\u201d er stor. Lavm\u00e6lt og lyrisk. Fra m\u00f8rke dommedagsl\u00e5ter som flyter fremover som rennende tj\u00e6re til den luftige og minimalist-inspirerte l\u00e5ten \u201dConcerning This Square\u201d. \u00c5pningsl\u00e5ten \u201dDevata\u201d hadde passet perfekt som filmmusikken til en western innspilt p\u00e5 Antarktis. Likevel; aller mest sl\u00e5ende denne gangen er den enorme konsentrasjonen og det imponerende fokuset p\u00e5 subtile detaljer som ligger innebygget i Splashgirl sin musikk.   Albumet er spilt inn med Alex Kloster-Jensen i Malabar Studio i Oslo, og er mikset Randall Dunn (Earth, Sunn O))), Jesse Sykes) i Aleph Studios, Seattle.<\/p>\n<p><!--more--><\/p>\n<p>Splashgirl er etter v\u00e5r mening et av de mest spennende unge instrumeltalbandene fra Norge de siste \u00e5rene. Med sitt tredje og til n\u00e5 klart sterkeste album \u201dPressure\u201d tar de enda et nytt stort steg videre og \u00e5pner samtidig ogs\u00e5 opp d\u00f8rene til flere nye musikalske rom &#8211; b\u00e5de til den fuktige og m\u00f8rke kjelleren og til loftet \u2013 der alle glemte minner ligger stuet bort.<\/p>\n<h4>Lavm\u00e6lt og lyrisk<\/h4>\n<p>Grunnstammen i bandet er fortsatt akustisk: piano \u2013 Andreas Stensland L\u00f8we (Thelma &amp; Clyde, Lama, J\u00e6), kontrabass \u2013 Jo Berger Myhre (Ingrid Olava, Solveig Slettahjell) og trommer Andreas L\u00f8nmo Knudsr\u00f8d (Sacred Harp, Lama).  Men som p\u00e5 \u201dArbor\u201d jobber trioen ogs\u00e5 med enkel analog elektronikk.    Denne gangen har de i tillegg f\u00e5tt med seg et flott knippe gjester: gitarist Juhani Silvola (Sacred Harp), sanger Mari Kvien Brunvoll, tubaist Martin Taxt (J\u00e6. Hanne Hukkelberg), trombonist Erik Johannesen (Jaga Jazzist) og Lasse Passage som bidrar med field recordings og tape feedback.  \u2028\u2028Den musikalske dynamikken p\u00e5 \u201dPressure\u201d er stor. Lavm\u00e6lt og lyrisk. Fra m\u00f8rke dommedagsl\u00e5ter som flyter fremover som rennende tj\u00e6re til den luftige og minimalist-inspirerte l\u00e5ten \u201dConcerning This Square\u201d. \u00c5pningsl\u00e5ten \u201dDevata\u201d hadde passet perfekt som filmmusikken til en western innspilt p\u00e5 Antarktis. Likevel; aller mest sl\u00e5ende denne gangen er den enorme konsentrasjonen og det imponerende fokuset p\u00e5 subtile detaljer som ligger innebygget i Splashgirl sin musikk.   Albumet er spilt inn med Alex Kloster-Jensen i Malabar Studio i Oslo, og er mikset Randall Dunn (Earth, Sunn O))), Jesse Sykes) i Aleph Studios, Seattle.<\/p>\n<h4><\/h4>\n<p><h4><\/h4>\n<\/p>\n<p><\/p>","protected":false},"excerpt":{"rendered":"<p>Aller mest sl\u00e5ende denne gangen er den enorme konsentrasjonen og det imponerende fokuset p\u00e5 subtile detaljer som ligger innebygget i Splashgirl sin musikk.<\/p>\n","protected":false},"featured_media":30011,"comment_status":"closed","ping_status":"open","template":"","meta":[],"product_brand":[],"product_cat":[36],"product_tag":[],"class_list":{"0":"post-35129","1":"product","2":"type-product","3":"status-publish","4":"has-post-thumbnail","6":"product_cat-hubro","7":"product_shipping_class-cddvd-shipping","8":"uni_artist_tag-andreas-lonmo-knudsrod","9":"uni_artist_tag-andreas-stensland-lowe","10":"uni_artist_tag-erik-johannessen","11":"uni_artist_tag-jo-berger-myhre","12":"uni_artist_tag-juhani-silvola","13":"uni_artist_tag-lasse-passage-nosted","14":"uni_artist_tag-mari-kvien-brunvoll","15":"uni_artist_tag-martin-taxt","16":"uni_artist_tag-splashgirl","17":"uni_main_artist_tag-splashgirl","18":"uni_artist_genre-instrumental","19":"uni_artist_genre-jazz","20":"uni_artist_genre-rock","22":"first","23":"instock","24":"taxable","25":"shipping-taxable","26":"purchasable","27":"product-type-variable","28":"has-default-attributes"},"_links":{"self":[{"href":"https:\/\/grappa.no\/no\/wp-json\/wp\/v2\/product\/35129","targetHints":{"allow":["GET"]}}],"collection":[{"href":"https:\/\/grappa.no\/no\/wp-json\/wp\/v2\/product"}],"about":[{"href":"https:\/\/grappa.no\/no\/wp-json\/wp\/v2\/types\/product"}],"replies":[{"embeddable":true,"href":"https:\/\/grappa.no\/no\/wp-json\/wp\/v2\/comments?post=35129"}],"wp:featuredmedia":[{"embeddable":true,"href":"https:\/\/grappa.no\/no\/wp-json\/wp\/v2\/media\/30011"}],"wp:attachment":[{"href":"https:\/\/grappa.no\/no\/wp-json\/wp\/v2\/media?parent=35129"}],"wp:term":[{"taxonomy":"product_brand","embeddable":true,"href":"https:\/\/grappa.no\/no\/wp-json\/wp\/v2\/product_brand?post=35129"},{"taxonomy":"product_cat","embeddable":true,"href":"https:\/\/grappa.no\/no\/wp-json\/wp\/v2\/product_cat?post=35129"},{"taxonomy":"product_tag","embeddable":true,"href":"https:\/\/grappa.no\/no\/wp-json\/wp\/v2\/product_tag?post=35129"}],"curies":[{"name":"wp","href":"https:\/\/api.w.org\/{rel}","templated":true}]}}