{"id":35123,"date":"2017-03-10T00:00:00","date_gmt":"2017-03-09T23:00:00","guid":{"rendered":"http:\/\/www.grappa.no\/albums\/uncategorized\/erlend-viken-trio-nykomlingen\/"},"modified":"2020-08-21T08:57:31","modified_gmt":"2020-08-21T07:57:31","slug":"nykomlingen","status":"publish","type":"product","link":"https:\/\/grappa.no\/no\/albums\/heilo\/nykomlingen\/","title":{"rendered":"Nykomlingen"},"content":{"rendered":"<p><\/p>\n<p>Spilleglede  Erlend Viken gjorde stor suksess med trioalbumet \u00abFrie T\u00f8yler\u00bb i 2014. N\u00e5, tre \u00e5r senere, vender Viken tilbake med et nytt album og en ny trio. Besetningen er den samme som f\u00f8r: fele, gitar og cello, men musikken til trioen tar oss stadig nye steder. Fortsatt danner folkemusikktradisjonen fundamentet for trioens musikk, men de tre musikernes brede erfaring med mange ulike sjangere skinner ogs\u00e5 tydelig gjennom. P\u00e5 tre l\u00e5ter bygges ogs\u00e5 besetningen ut med trommeslageren og perkusjonisten \u00d8yvind Skarb\u00f8 (1982, H\u00e5kon Kornstad Tenor Battle). \u00abNykomlingen\u00bb har blitt nok et originalt album som strutter av spilleglede, samspill og musikalsk utforskertrang.<\/p>\n<p><!--more--><\/p>\n<p>Erlend Viken gjorde stor suksess med trioalbumet \u00abFrie T\u00f8yler\u00bb i 2014. N\u00e5, tre \u00e5r senere, vender Viken tilbake med et nytt album og en ny trio. Besetningen er den samme som f\u00f8r: fele, gitar og cello, men musikken til trioen tar oss stadig nye steder. Fortsatt danner folkemusikktradisjonen fundamentet for trioens musikk, men de tre musikernes brede erfaring med mange ulike sjangere skinner ogs\u00e5 tydelig gjennom. P\u00e5 tre l\u00e5ter bygges ogs\u00e5 besetningen ut med trommeslageren og perkusjonisten \u00d8yvind Skarb\u00f8 (1982, H\u00e5kon Kornstad Tenor Battle). \u00abNykomlingen\u00bb har blitt nok et originalt album som strutter av spilleglede, samspill og musikalsk utforskertrang.<\/p>\n<h4>Erlend Viken<\/h4>\n<p>Felespiller og komponist Erlend Viken var allerede en etablert og prisvinnende musiker da han platedebuterte det kritikerroste albumet \u00abFrie t\u00f8yler\u00bb i 2014. Adresseavisen mente albumet var &quot;folkemusikk\u00e5rets mest spennende album\u00bb, og at \u00abdette er musikk som treffer deg uansett om du er tilhenger av folkemusikk, rock eller blues\u00bb. NRK P2 meldte at &quot;Erlend Viken trio har funnet et originalt uttrykk som skiller seg fra alle andre\u00bb og Dagbladet skrev at albumet  &quot;i likhet med mye god musikk er bortimot umulig \u00e5 sjangerdefinere\u00bb.<\/p>\n<h4>Ukjente farvann<\/h4>\n<p>Erlend \u00f8nsker at alle musikerne skal ha frie t\u00f8yler i sin tiln\u00e6rming til musikken. &quot;Det er viktig for meg \u00e5 ha en viss \u00e5penhet i musikken, med rom for variasjoner og innfall, og p\u00e5 denne platen synes jeg vi har klart \u00e5 bevege oss ut i mer ukjente farvann. L\u00e5tene er stort sett bygget rundt melodier ogs\u00e5 p\u00e5 denne platen, men p\u00e5 flere l\u00e5ter har vi jobbet mer fragmentarisk og improvisatorisk enn tidligere\u00bb sier Viken. Alle tre foresl\u00e5r materiale til trioen, og alle bidrar med sine id\u00e9er til arrangementene.   Deler av materiale p\u00e5 \u00abNykomlingen\u00bb er tradisjonsstoff, h\u00e5ndplukket av trioens medlemmer fra kilder i Norge, Sverige og Nord-Amerika. Alf Cranners tonesetting av Henrik Ibsens dikt \u00abBorte\u00bb, som f\u00f8rst ble utgitt p\u00e5 Cranners albumklassiker \u00abRosemalt Sound\u00bb f\u00e5r en ny drakt her, og det gj\u00f8r ogs\u00e5 Magnus Stinnerboms komposisjon \u00abFossegangaren\u00bb, skrevet til teaterstykket \u00abFossegrimen\u00bb p\u00e5 Det Norske Teater. Leo Svensson bidrar med l\u00e5ten \u00abVakaren\u00bb og Erlend Viken selv bidrar ogs\u00e5 med fem nyskrevne l\u00e5ter. &quot;N\u00e5r jeg leter etter noe og ikke finner det i eksisterende materiale, f\u00e5r jeg trang til \u00e5 lage det selv. Jeg lar meg inspirere og prege av personlige forhold, samfunnsmessige temaer, og naturopplevelser. Jeg er veldig glad i de ulike sl\u00e5ttetypene og formene som finnes i tradisjonsmusikk, og jeg er ofte inspirert av konkrete danseformer. Samtidig pr\u00f8ver jeg \u00e5 frigj\u00f8re meg fra regler og normer, som finnes i nesten alle musikksjangre, p\u00e5 samme m\u00e5te som jeg vil\u00a0 unng\u00e5 \u00e5 lage nye regler for hva jeg selv kan lage\u00bb.Viken er en musikalsk historieforteller av rang, med en unik evne til \u00e5 skrive medrivende og fengende l\u00e5ter.  \u00abNykomlingen\u00bb er innspilt i Ocean Sound Studio ute i havgapet p\u00e5 Giske sammen med tekniker Roar Nilsen og produsent Sjur Viken.<\/p>\n<h4>Turn\u00e9<\/h4>\n<p>9 mars: Klubb Ankaret, G\u00f8teborg 10 mars: Sm\u00e5 Vesen Bryggeri, Aurdal 11. mars: Vognhildsbua, Oppdal 12 mars: Ivaregga, Tolga. 15. mars. Ibsenhuset, Skien 16. mars. Riksscenen, Oslo 17. mars. Dokkhuset, Trondheim 18. mars. Caf\u00e9 Stift, Lillehammer 19. mars. Troms\u00f8? 28 mars. Troms\u00f8? 29 mars. Stallet, Stockholm 30 mars. Folkmusikens Hus, R\u00e4ttvik 31 mars. St.Croix-huset, Fredrikstad<\/p>\n<p><\/p>","protected":false},"excerpt":{"rendered":"<p>&#8216;Det er viktig for meg \u00e5 ha en viss \u00e5penhet i musikken, med rom for variasjoner og innfall, og p\u00e5 denne platen synes jeg vi har klart \u00e5 bevege oss ut i mer ukjente farvann.&#8217;<\/p>\n","protected":false},"featured_media":33129,"comment_status":"closed","ping_status":"open","template":"","meta":[],"product_brand":[],"product_cat":[35],"product_tag":[],"class_list":{"0":"post-35123","1":"product","2":"type-product","3":"status-publish","4":"has-post-thumbnail","6":"product_cat-heilo","7":"product_shipping_class-cddvd-shipping","8":"uni_artist_tag-alf-cranner","9":"uni_artist_tag-erlend-viken","10":"uni_artist_tag-erlend-viken-trio","11":"uni_artist_tag-leo-svensson","12":"uni_artist_tag-magnus-stinnerbom","13":"uni_artist_tag-marius-graff","14":"uni_artist_tag-oyvind-skarbo","15":"uni_artist_tag-sjur-viken","16":"uni_artist_tag-trad","17":"uni_main_artist_tag-erlend-viken-trio","18":"uni_artist_genre-folk-music","20":"first","21":"instock","22":"taxable","23":"shipping-taxable","24":"purchasable","25":"product-type-variable","26":"has-default-attributes"},"_links":{"self":[{"href":"https:\/\/grappa.no\/no\/wp-json\/wp\/v2\/product\/35123","targetHints":{"allow":["GET"]}}],"collection":[{"href":"https:\/\/grappa.no\/no\/wp-json\/wp\/v2\/product"}],"about":[{"href":"https:\/\/grappa.no\/no\/wp-json\/wp\/v2\/types\/product"}],"replies":[{"embeddable":true,"href":"https:\/\/grappa.no\/no\/wp-json\/wp\/v2\/comments?post=35123"}],"wp:featuredmedia":[{"embeddable":true,"href":"https:\/\/grappa.no\/no\/wp-json\/wp\/v2\/media\/33129"}],"wp:attachment":[{"href":"https:\/\/grappa.no\/no\/wp-json\/wp\/v2\/media?parent=35123"}],"wp:term":[{"taxonomy":"product_brand","embeddable":true,"href":"https:\/\/grappa.no\/no\/wp-json\/wp\/v2\/product_brand?post=35123"},{"taxonomy":"product_cat","embeddable":true,"href":"https:\/\/grappa.no\/no\/wp-json\/wp\/v2\/product_cat?post=35123"},{"taxonomy":"product_tag","embeddable":true,"href":"https:\/\/grappa.no\/no\/wp-json\/wp\/v2\/product_tag?post=35123"}],"curies":[{"name":"wp","href":"https:\/\/api.w.org\/{rel}","templated":true}]}}