{"id":35120,"date":"2017-04-07T00:00:00","date_gmt":"2017-04-06T23:00:00","guid":{"rendered":"http:\/\/www.grappa.no\/albums\/uncategorized\/erlend-apneseth-nattsongar\/"},"modified":"2020-08-21T08:57:30","modified_gmt":"2020-08-21T07:57:30","slug":"nattsongar","status":"publish","type":"product","link":"https:\/\/grappa.no\/no\/albums\/heilo\/nattsongar\/","title":{"rendered":"Nattsongar"},"content":{"rendered":"<p><\/p>\n<p>Destillerte inntrykk  Med tredve\u00e5rene fortsatt p\u00e5 trygg avstand, er Erlend Apneseth allerede en sv\u00e6rt merittert musiker. Musikken p\u00e5 hans tredje album Nattsongar ble skrevet som et bestillingsverk til F\u00f8rdefestivalen 2016, og sammen med hans eksepsjonelt dyktige band, syr Apneseth sammen musikalske elementer fra alle verdenshj\u00f8rner. \u00abI dette prosjektet hadde jeg lyst til \u00e5 fremheve elementer jeg opplever som fellestrekk ved all folkemusikk, fra det vare og udefinerbare, til det rytmiske og lekne,\u00bb sier Apneseth. Musikken p\u00e5 Nattsongar ble bestilt av, og urfremf\u00f8rt under F\u00f8rdefestivalen i 2016, men festivalens p\u00e5virkning p\u00e5 prosjektet strekker seg utover den faktiske bestillingen. Apneseth har et n\u00e6rt forhold til festivalen. I omslagsteksten skriver han: \u00abDet var en stor glede for meg \u00e5 f\u00e5 skrive musikk til nettopp F\u00f8rdefestivalen, som fra barndommen av har forsynt meg med musikalske impulser fra hele verden, og p\u00e5 mange m\u00e5ter m\u00e5 b\u00e6re en del av skylden for at jeg n\u00e5 er musiker.\u00bb  Verket Nattsongar er Apneseths fors\u00f8k p\u00e5 \u00e5 destillere sine egne opplevelser og m\u00f8ter fra festivalen, og er \u00aben slags hyllest til en festival som fremhever likhetene mellom ulike tradisjoner og kulturer, snarere enn \u00e5 dyrke forskjellene.\u00bb  Konserter: 05.04 Fryd Scene, \u00c5l 06.04 Riksscenen, Oslo 08.05 Ni Muser, Trondheim 09.05 R\u00f8stad Scene, Levanger 10.05 V\u00e5rt hjem, Steinkjer 11.05 Kulturhuset, Namsos<\/p>\n<p><!--more--><\/p>\n<p>Med tredve\u00e5rene fortsatt p\u00e5 trygg avstand, er Erlend Apneseth allerede en sv\u00e6rt merittert musiker. Musikken p\u00e5 hans tredje album Nattsongar ble skrevet som et bestillingsverk til F\u00f8rdefestivalen 2016, og sammen med hans eksepsjonelt dyktige band, syr Apneseth sammen musikalske elementer fra alle verdenshj\u00f8rner. \u00abI dette prosjektet hadde jeg lyst til \u00e5 fremheve elementer jeg opplever som fellestrekk ved all folkemusikk, fra det vare og udefinerbare, til det rytmiske og lekne,\u00bb sier Apneseth.<\/p>\n<h4>F\u00f8rdefestivalen<\/h4>\n<p>Musikken p\u00e5 Nattsongar ble bestilt av, og urfremf\u00f8rt under F\u00f8rdefestivalen i 2016, men festivalens p\u00e5virkning p\u00e5 prosjektet strekker seg utover den faktiske bestillingen. Apneseth har et n\u00e6rt forhold til festivalen. I omslagsteksten skriver han: \u00abDet var en stor glede for meg \u00e5 f\u00e5 skrive musikk til nettopp F\u00f8rdefestivalen, som fra barndommen av har forsynt meg med musikalske impulser fra hele verden, og p\u00e5 mange m\u00e5ter m\u00e5 b\u00e6re en del av skylden for at jeg n\u00e5 er musiker.\u00bb  Verket Nattsongar er Apneseths fors\u00f8k p\u00e5 \u00e5 destillere sine egne opplevelser og m\u00f8ter fra festivalen, og er \u00aben slags hyllest til en festival som fremhever likhetene mellom ulike tradisjoner og kulturer, snarere enn \u00e5 dyrke forskjellene.\u00bb  L\u00e5tmaterialet spenner fra meditative, sl\u00e5tteaktige spor, til det som best kan beskrives som folk-funk og bluesfolk, og til lengre ekskursjoner i et mer jazzinspirert og \u00e5pent musikalsk landskap. Alt med Apneseths hardingfele som den \u00e5penbare r\u00f8de tr\u00e5den gjennom det hele. Nevnes m\u00e5 definitivt ogs\u00e5 det makel\u00f8st kompetente bandet som spiller p\u00e5 plata: Stein Urheim, Hans Hulb\u00e6kmo, Erik Rydvall og Ole Morten V\u00e5gan. Sammen har musikerne jobbet frem albumets soniske uttrykk \u2013 som i f\u00f8lge bandlederen selv har blitt til \u00abi m\u00f8tet mellom musikken og bandet.\u00bb<\/p>\n<h4>Nattmusikk<\/h4>\n<p>Inspillingene er gjort i Engfelt Forsgren Studio med ringreven Christian Engfelt bak spakene, med unntak av tittelsporet \u00abNattsongar\u00bb, som ble spilt inn live under urfremf\u00f8ringen p\u00e5 F\u00f8rdefestivalen i 2016.   Tittelen Nattsongar kan tolkes p\u00e5 forskjellige m\u00e5ter; den kan \u00e5penbart relateres til det nesten vuggesang-aktige tittelsporet, men ogs\u00e5 den melankolske og skumringspregede tonen p\u00e5 flere andre av platas spor. Og \u00aber det ikke slik at musikk p\u00e5 et vis h\u00f8rer natta til, mer enn dagen?\u00bb sp\u00f8r Apneseth.<\/p>\n<h4>Konserter:<\/h4>\n<p>05.04 Fryd Scene, \u00c5l 06.04 Riksscenen, Oslo 08.05 Ni Muser, Trondheim 09.05 R\u00f8stad Scene, Levanger 10.05 V\u00e5rt hjem, Steinkjer 11.05 Kulturhuset, Namsos<\/p>\n<p><\/p>","protected":false},"excerpt":{"rendered":"<p>Musikken p\u00e5 hans tredje album Nattsongar ble skrevet som et bestillingsverk til F\u00f8rdefestivalen 2016, og sammen med hans eksepsjonelt dyktige band, syr Apneseth sammen musikalske elementer fra alle verdenshj\u00f8rner.<\/p>\n","protected":false},"featured_media":33342,"comment_status":"closed","ping_status":"open","template":"","meta":[],"product_brand":[],"product_cat":[35],"product_tag":[],"class_list":{"0":"post-35120","1":"product","2":"type-product","3":"status-publish","4":"has-post-thumbnail","6":"product_cat-heilo","7":"product_shipping_class-cddvd-shipping","8":"uni_artist_tag-andreas-risanger-meland","9":"uni_artist_tag-erik-rydvall","10":"uni_artist_tag-erlend-apneseth","11":"uni_artist_tag-hans-hulbaekmo","12":"uni_artist_tag-ole-morten-vagan","13":"uni_artist_tag-stein-urheim","14":"uni_main_artist_tag-erlend-apneseth","15":"uni_artist_genre-folk-music","16":"uni_artist_genre-instrumental","17":"uni_artist_genre-jazz","18":"uni_artist_genre-world-music","20":"first","21":"instock","22":"taxable","23":"shipping-taxable","24":"purchasable","25":"product-type-variable","26":"has-default-attributes"},"_links":{"self":[{"href":"https:\/\/grappa.no\/no\/wp-json\/wp\/v2\/product\/35120","targetHints":{"allow":["GET"]}}],"collection":[{"href":"https:\/\/grappa.no\/no\/wp-json\/wp\/v2\/product"}],"about":[{"href":"https:\/\/grappa.no\/no\/wp-json\/wp\/v2\/types\/product"}],"replies":[{"embeddable":true,"href":"https:\/\/grappa.no\/no\/wp-json\/wp\/v2\/comments?post=35120"}],"wp:featuredmedia":[{"embeddable":true,"href":"https:\/\/grappa.no\/no\/wp-json\/wp\/v2\/media\/33342"}],"wp:attachment":[{"href":"https:\/\/grappa.no\/no\/wp-json\/wp\/v2\/media?parent=35120"}],"wp:term":[{"taxonomy":"product_brand","embeddable":true,"href":"https:\/\/grappa.no\/no\/wp-json\/wp\/v2\/product_brand?post=35120"},{"taxonomy":"product_cat","embeddable":true,"href":"https:\/\/grappa.no\/no\/wp-json\/wp\/v2\/product_cat?post=35120"},{"taxonomy":"product_tag","embeddable":true,"href":"https:\/\/grappa.no\/no\/wp-json\/wp\/v2\/product_tag?post=35120"}],"curies":[{"name":"wp","href":"https:\/\/api.w.org\/{rel}","templated":true}]}}