{"id":35117,"date":"2014-10-10T00:00:00","date_gmt":"2014-10-09T23:00:00","guid":{"rendered":"http:\/\/www.grappa.no\/albums\/uncategorized\/farvel-slekt-og-venner\/"},"modified":"2025-06-13T12:15:28","modified_gmt":"2025-06-13T11:15:28","slug":"farvel-slekt-og-venner","status":"publish","type":"product","link":"https:\/\/grappa.no\/no\/albums\/heilo\/farvel-slekt-og-venner\/","title":{"rendered":"Farvel slekt og venner"},"content":{"rendered":"<p><\/p>\n<p>Valkyrien Allstars &#8211; Farvel slekt og venner P\u00e5 sitt fjerde studioalbum videref\u00f8rer Valkyrien Allstars sin unike sound i gr\u00e5sonen mellom det tradisjonelle og det moderne. N\u00e5r det gjelder l\u00e5tmaterialet er dette i st\u00f8rre grad enn tildligere egenkomponert. Fremdeles er det innslag av tradisjonelle hardingfelesl\u00e5tter og gamle skillingsviser, men det er bandets egne tekster og melodier som dominerer utgivelsen. Bandet har, i samarbeid med medprodusent Bugge Wesseltoft, g\u00e5tt grundig til verks og virkelig benyttet seg av mulighetene som finnes i Amper Tone studio, der plata er innspilt med B\u00e5rd Ingebrigtsen foran miksebordet. Dette er en uhyre gjennomarbeidet plate som har blitt jobbet frem over en periode p\u00e5 ett \u00e5r. Resultatet b\u00e6rer preg av kontrastene mellom det store,voldsomme, kakafoniske og det n\u00e6re, intime og direkte uttrykket som kjennetegner den norske tradisjonsmusikken. Lydbildet er utvidet siden forrige utgivelse, bandets medlemmer spiller flere instrumenter enn tidligere, og b\u00e5de B\u00e5rd Ingebrigtsen og Bugge Wesseltoft bidrar musikalsk.<\/p>\n<p><!--more--><\/p>\n<p>P\u00e5 sitt fjerde studioalbum videref\u00f8rer Valkyrien Allstars sin unike sound i gr\u00e5sonen mellom det tradisjonelle og det moderne.<\/p>\n<h4>Egenkomponert l\u00e5tmateriale<\/h4>\n<p>N\u00e5r det gjelder l\u00e5tmaterialet er dette i st\u00f8rre grad enn tildligere egenkomponert. Fremdeles er det innslag av tradisjonelle hardingfelesl\u00e5tter og gamle skillingsviser, men det er bandets egne tekster og melodier som dominerer utgivelsen. Bandet har, i samarbeid med medprodusent Bugge Wesseltoft, g\u00e5tt grundig til verks og virkelig benyttet seg av mulighetene som finnes i Amper Tone studio, der plata er innspilt med B\u00e5rd Ingebrigtsen bak miksebordet.<\/p>\n<h4>Kontraster<\/h4>\n<p>Dette er en uhyre gjennomarbeidet plate som har blitt jobbet frem over en periode p\u00e5 ett \u00e5r. Resultatet b\u00e6rer preg av kontrastene mellom det store,voldsomme, kakafoniske og det n\u00e6re, intime og direkte uttrykket som kjennetegner den norske tradisjonsmusikken. Lydbildet er en smule utvidet siden forrige utgivelse, bandets medlemmer spiller flere instrumenter enn tidligere, og b\u00e5de B\u00e5rd Ingebrigtsen og Bugge Wesseltoft bidrar musikalsk.<\/p>\n<h4>Turn\u00e9<\/h4>\n<p>Fre 17. Okt \u2013 Parkteatret \u2013 Oslo L\u00f8r 18. Okt \u2013 Uka i \u00c5s Fre 24. Okt \u2013 Hulen \u2013 Bergen L\u00f8r 25. Okt \u2013 Slippfest p\u00e5 Musikkflekken! \u2013 Sandvika Tor 30. Okt &#8211; Familien &#8211; Trondheim Fre 31. Okt \u2013 Sola Kulturhus Fre 07. Nov \u2013 P\u00e5 Hj\u00f8rnet \u2013 Nesbyen L\u00f8r 08. Nov \u2013 Askim Kulturhus Ons 12. Nov \u2013 \u00c5rnes kulturhus Fre 14. Nov \u2013 Kulturhuset Banken \u2013 Lillehammer L\u00f8r 15. Nov &#8211; Gamlebyen Kulturhus &#8211; Fredrikstad Fre 21. Nov \u2013 Asker Kulturhus L\u00f8r 22. Nov \u2013 Ibsenhuset \u2013 Skien Fre 28. Nov \u2013 Tokestua \u2013Drangedal Fre 05. Des &#8211; Nordpolen Cafe &#8211; Vard\u00f8 L\u00f8r 06. Des &#8211; Kooperativet &#8211; Vads\u00f8 Flere datoer kommer!<\/p>\n<p><\/p>","protected":false},"excerpt":{"rendered":"<p>P\u00e5 sitt fjerde studioalbum videref\u00f8rer Valkyrien Allstars sin unike sound i gr\u00e5sonen mellom det tradisjonelle og det moderne.<\/p>\n","protected":false},"featured_media":27309,"comment_status":"closed","ping_status":"closed","template":"","meta":[],"product_brand":[],"product_cat":[35],"product_tag":[],"class_list":{"0":"post-35117","1":"product","2":"type-product","3":"status-publish","4":"has-post-thumbnail","6":"product_cat-heilo","7":"product_shipping_class-cddvd-shipping","8":"uni_artist_tag-bard-ingebrigtsen","9":"uni_artist_tag-bugge-wesseltoft","10":"uni_artist_tag-eivind-groven","11":"uni_artist_tag-erik-sollid","12":"uni_artist_tag-magnus-larsen","13":"uni_artist_tag-marita-vardal-igelkjon","14":"uni_artist_tag-martin-langlie","15":"uni_artist_tag-per-skranglebein-mydske","16":"uni_artist_tag-trad","17":"uni_artist_tag-tuva-livsdatter-syvertsen","18":"uni_artist_tag-valkyrien-allstars","19":"uni_main_artist_tag-valkyrien-allstars","20":"uni_artist_genre-folk-music","21":"uni_artist_genre-norwegian","23":"first","24":"instock","25":"taxable","26":"shipping-taxable","27":"purchasable","28":"product-type-variable","29":"has-default-attributes"},"_links":{"self":[{"href":"https:\/\/grappa.no\/no\/wp-json\/wp\/v2\/product\/35117","targetHints":{"allow":["GET"]}}],"collection":[{"href":"https:\/\/grappa.no\/no\/wp-json\/wp\/v2\/product"}],"about":[{"href":"https:\/\/grappa.no\/no\/wp-json\/wp\/v2\/types\/product"}],"replies":[{"embeddable":true,"href":"https:\/\/grappa.no\/no\/wp-json\/wp\/v2\/comments?post=35117"}],"wp:featuredmedia":[{"embeddable":true,"href":"https:\/\/grappa.no\/no\/wp-json\/wp\/v2\/media\/27309"}],"wp:attachment":[{"href":"https:\/\/grappa.no\/no\/wp-json\/wp\/v2\/media?parent=35117"}],"wp:term":[{"taxonomy":"product_brand","embeddable":true,"href":"https:\/\/grappa.no\/no\/wp-json\/wp\/v2\/product_brand?post=35117"},{"taxonomy":"product_cat","embeddable":true,"href":"https:\/\/grappa.no\/no\/wp-json\/wp\/v2\/product_cat?post=35117"},{"taxonomy":"product_tag","embeddable":true,"href":"https:\/\/grappa.no\/no\/wp-json\/wp\/v2\/product_tag?post=35117"}],"curies":[{"name":"wp","href":"https:\/\/api.w.org\/{rel}","templated":true}]}}