{"id":35114,"date":"2009-08-31T00:00:00","date_gmt":"2009-08-30T23:00:00","guid":{"rendered":"http:\/\/www.grappa.no\/albums\/uncategorized\/to-maner\/"},"modified":"2020-03-04T13:34:06","modified_gmt":"2020-03-04T12:34:06","slug":"to-maner","status":"publish","type":"product","link":"https:\/\/grappa.no\/no\/albums\/heilo\/to-maner\/","title":{"rendered":"To M\u00e5ner"},"content":{"rendered":"<p><\/p>\n<p>Vellykket oppf\u00f8lger fra Valkyrien Allstars<\/p>\n<p>To \u00e5r etter at musikkritikerne lovpriste Valkyrien Allstars\u00b4 f\u00f8rste album kommer oppf\u00f8lgeren To m\u00e5ner. Tuva Livsdatter Syvertsen, Erik Sollid og Ola Hilmen har sammen med bandmedlemmene Martin Langlie og Magnus Larsen videref\u00f8rt sitt s\u00e6rpregede lydbilde og har tr\u00e5kket opp nye stier b\u00e5de i folkemusikalsk og eksperimentell retning. To m\u00e5ner er inspirert av norske forfattere som Olav H. Hauge, Halldis Moren Vesaas, Henrik Ibsen og Andr\u00e9 Bjerke, men har f\u00f8rst og fremst gitt rom for sl\u00e5ttene og hardingfelas uante muligheter som stemningsskapende og p\u00e5drivende rytmefangere. Musikken er mer lyrisk basert enn p\u00e5 foreg\u00e5ende plate, men med den samme energien og lekenheten som er blitt bandets varemerke. Valkyrien Allstars har st\u00f8dig fotfeste i folkemusikken, men improvisasjon og krysning til andre musikkretninger er hele tiden tydelig til stede.<\/p>\n<p><!--more--><\/p>\n<p>Valkyrien Allstars med nytt album!<\/p>\n<h4>Kritikerfavoritt<\/h4>\n<p>To m\u00e5ner er av mange kritikere omtalt som en herlig kompromissl\u00f8s utgivelse der Valkyrien Allstars virkelig perfeksjoniserte det musikalske s\u00e6rpreget sitt. Albumet er ogs\u00e5 noe mer eksperimenterende enn sin forgjenger: her er det musikalske landskapet langsommere, mer neddempet, mer s\u00f8kende og melankolsk. Men ogs\u00e5 de l\u00f8pske og lekende tonene har f\u00e5tt plass, slik som i \u00e5pningssporet \u201dKo ska eg gjera\u201d som skildrer savn og ensomhet.<\/p>\n<h4>Spennende l\u00e5tmateriale<\/h4>\n<p>L\u00e5tmaterialet best\u00e5r stort sett av selvskrevet materiale, slik som \u201dDr\u00f8mte vi om\u201d, \u201dMere\u201d og \u201dIkkje G\u00e5\u201d, samt noen tolkninger av tradisjonelle folketoner. Mange av l\u00e5tene er tonesettinger til litter\u00e6re tekster av kjente diktere, deriblant den sitrende og kraftfulle fremf\u00f8ringen av Olav H. Hauges dikt \u201dT\u00e5re, du tarv ikkje falla\u201d der dvelende felespill og Tuva Syvertsens s\u00e5re vokal bidrar til nye dybder ved teksten. Bidraget finnes ogs\u00e5 albumet For du skin ikkje for deg sj\u00f8lv der diverse artister tolker tekster av Olav H. Hauge. I tillegg er tekster av storheter som William Shakespeare, Henrik Ibsen og Haldis Moren Vesaas tonesatt.<\/p>\n<h4>Valkyrien Allstars sprenger grenser<\/h4>\n<p>I tillegg til de tre i Valkyrien Allstars deltar kontrabassist Magnus Larsen og trommeslager Martin Langlie p\u00e5 platen og bidrar sterkt til albumets spennende uttrykk. To m\u00e5ner vitner om Valkyrien Allstars dristige kreativitet der rigid b\u00e5stenkning brytes ned i en ustoppelig spilleglede.<\/p>\n<p><\/p>","protected":false},"excerpt":{"rendered":"<p>\u2013 Dette er den nye folkemusikken!! Sjarmerende og r\u00e5. [5\/6 Troms\u00f8 By]<\/p>\n","protected":false},"featured_media":27277,"comment_status":"closed","ping_status":"open","template":"","meta":[],"product_brand":[],"product_cat":[35],"product_tag":[],"class_list":{"0":"post-35114","1":"product","2":"type-product","3":"status-publish","4":"has-post-thumbnail","6":"product_cat-heilo","7":"product_shipping_class-cddvd-shipping","8":"uni_artist_tag-anders-roine","9":"uni_artist_tag-aslak-dorum","10":"uni_artist_tag-magnus-larsen","11":"uni_artist_tag-martin-langlie","12":"uni_artist_tag-mikael-lindqvist","13":"uni_artist_tag-oskar-lindberg","14":"uni_artist_tag-valkyrien-allstars","15":"uni_main_artist_tag-valkyrien-allstars","16":"uni_artist_genre-folk-music","17":"uni_artist_genre-rock","19":"first","20":"instock","21":"taxable","22":"shipping-taxable","23":"purchasable","24":"product-type-simple"},"_links":{"self":[{"href":"https:\/\/grappa.no\/no\/wp-json\/wp\/v2\/product\/35114","targetHints":{"allow":["GET"]}}],"collection":[{"href":"https:\/\/grappa.no\/no\/wp-json\/wp\/v2\/product"}],"about":[{"href":"https:\/\/grappa.no\/no\/wp-json\/wp\/v2\/types\/product"}],"replies":[{"embeddable":true,"href":"https:\/\/grappa.no\/no\/wp-json\/wp\/v2\/comments?post=35114"}],"wp:featuredmedia":[{"embeddable":true,"href":"https:\/\/grappa.no\/no\/wp-json\/wp\/v2\/media\/27277"}],"wp:attachment":[{"href":"https:\/\/grappa.no\/no\/wp-json\/wp\/v2\/media?parent=35114"}],"wp:term":[{"taxonomy":"product_brand","embeddable":true,"href":"https:\/\/grappa.no\/no\/wp-json\/wp\/v2\/product_brand?post=35114"},{"taxonomy":"product_cat","embeddable":true,"href":"https:\/\/grappa.no\/no\/wp-json\/wp\/v2\/product_cat?post=35114"},{"taxonomy":"product_tag","embeddable":true,"href":"https:\/\/grappa.no\/no\/wp-json\/wp\/v2\/product_tag?post=35114"}],"curies":[{"name":"wp","href":"https:\/\/api.w.org\/{rel}","templated":true}]}}