{"id":35111,"date":"2018-02-16T00:00:00","date_gmt":"2018-02-15T23:00:00","guid":{"rendered":"http:\/\/www.grappa.no\/albums\/uncategorized\/gurls-run-boy-run\/"},"modified":"2020-08-21T08:57:04","modified_gmt":"2020-08-21T07:57:04","slug":"gurls-run-boy-run","status":"publish","type":"product","link":"https:\/\/grappa.no\/no\/albums\/grappa\/gurls-run-boy-run\/","title":{"rendered":"GURLS: Run boy, run"},"content":{"rendered":"<p><\/p>\n<p>Forfriskende og skaml\u00f8st fra GURLS.  Det er godt gjort \u00e5 stappe s\u00e5 mye ubestridt og dagsaktuelt jazztalent inn i en trio, men det er alts\u00e5 det GURLS er. Eller, stryk talent, disse meritterte folka er langt forbi det stadiet\u200a\u2014\u200avi snakker the s\u00e5kalt finished article for lenge siden. I GURLS finner du Ellen Andrea Wang, Hanna Paulsberg og Rohey Taalah, tre av landets mest ettertraktede musikere, i noe de selv kaller et musikalsk friminutt. Med lekende overskudd, trillende selvtillit og med den unike erfaringen disse tre har, er de sammen b\u00e5de en varsom og trampefunky enhet av boblende og umiddelbar formidling med dybde. Debutplata Run Boy, Run er blitt et sjangeroverskridende heksebrygg der gjengen lyrisk leker seg med, og spiller p\u00e5 kj\u00f8nnsroller og normer, humor og (konfronterende) kvinnelig seksualitet. Forfriskende og skaml\u00f8st, som det jo selvf\u00f8lgelig burde v\u00e6re.<\/p>\n<p><!--more--><\/p>\n<p>Det er godt gjort \u00e5 stappe s\u00e5 mye ubestridt og dagsaktuelt jazztalent inn i en trio, men det er alts\u00e5 det GURLS er. Eller, stryk talent, disse meritterte folka er langt forbi det stadiet\u200a\u2014\u200avi snakker the s\u00e5kalt finished article for lenge siden.<\/p>\n<h4>Run boy, run<\/h4>\n<p>Debutplata Run Boy, Run er blitt et sjangeroverskridende heksebrygg der gjengen lyrisk leker seg med, og spiller p\u00e5 kj\u00f8nnsroller og normer, humor og (konfronterende) kvinnelig seksualitet. Forfriskende og skaml\u00f8st, som det jo selvf\u00f8lgelig burde v\u00e6re.   I GURLS h\u00f8rer vi Ellen Andrea Wang p\u00e5 bass og vokal. Vi h\u00f8rer Hanna Paulsberg, som startet trioen, p\u00e5 saxofon og sang. Til sist h\u00f8rer vi sangeren Rohey Taalah, som med bandet Rohey er i ferd med \u00e5 gj\u00f8re stor suksess p\u00e5 egenh\u00e5nd. Hun har tatt over etter Emilie Nicolas, som var med p\u00e5 \u00e5 starte GURLS i sin tid da hun oppfordret Paulsberg til \u00e5 dele l\u00e5tene hun skrev om erfaringer fra eget liv med flere.<\/p>\n<h4>GURLS<\/h4>\n<p>En av norges r\u00e5este vokalister, Rohey Taalah, kommer fra Oslo og har tatt musikk-Norge med storm i l\u00f8pet av det siste \u00e5ret med bandet Rohey. Rohey ble tildelt Trondheim Jazzfestivals talentpris i 2015, og i begrunnelsen stod der: &quot;Trondheim Jazzfestivals talentpris 2015 g\u00e5r til en fri og uredd sanger med en genuin nysgjerrighet og et stort overskudd i alt hun gj\u00f8r. Hun har et sjeldent s\u00e6rpreg og et sterkt uttrykk, og har i tillegg et stort l\u00e5tskrivertalent.&quot; \u00a0 Den sv\u00e6rt aktive bassisten Ellen Andrea Wang har de siste \u00e5rene turnert med egne band (EAW, Pixel) og trommelegende Manu Katch\u00e9, i fjor spilte hun med Sting. Wang mottok den gjeve DNB &#8211; prisen under Kongsberg Jazzfestival i 2015. &quot;Ellen Andrea Wang utvider handlingsrommet for norsk jazz.&quot;\u00a0Audun Vinger for Dagens N\u00e6ringsliv september 2017 \u00a0 Prisvinnende saxofonist Hanna Paulsberg har gjort stor suksess med sitt eget band Hanna Paulsberg Concept der hun har gitt ut tre plater. Paulsberg har i tillegg spilt med musikere som Chick Corea, Bugge Wesseltoft og Bobo Stenson. Hanna ble utnevnt til NTNU &#8211; ambassad\u00f8r i 2015,\u00a0 og ble k\u00e5ret til \u00e5rets Young Nordic Jazz Comet i 2011.\u00a0&quot;Det som derimot f\u00e5r sjelen min til \u00e5 vibrere er saksofonspillet til Hanna Paulsberg. Jeg har til gode \u00e5 overv\u00e6re en konsert der hun ikke tilf\u00f8rer noe ekstra.&quot;\u00a0Kim Kleve for Dagbladet etter Moldejazz juli 2017 \u00a0<\/p>\n<h4><\/h4>\n<\/p>\n<p><\/p>","protected":false},"excerpt":{"rendered":"<p>I GURLS finner du tre av landets mest ettertraktede musikere i noe de selv kaller et musikalsk friminutt. Forfriskende og skaml\u00f8st, som det jo selvf\u00f8lgelig burde v\u00e6re.<\/p>\n","protected":false},"featured_media":34873,"comment_status":"closed","ping_status":"open","template":"","meta":[],"product_brand":[],"product_cat":[6],"product_tag":[],"class_list":{"0":"post-35111","1":"product","2":"type-product","3":"status-publish","4":"has-post-thumbnail","6":"product_cat-grappa","7":"product_shipping_class-cddvd-shipping","8":"uni_artist_tag-ellen-andrea-wang","9":"uni_artist_tag-emilie-nicolas","10":"uni_artist_tag-gurls","11":"uni_artist_tag-hanna-paulsberg","12":"uni_artist_tag-kare-chr-vestrheim","13":"uni_artist_tag-rohey-taalah","14":"uni_main_artist_tag-gurls","15":"uni_artist_genre-jazz","16":"uni_artist_genre-pop","18":"first","19":"instock","20":"taxable","21":"shipping-taxable","22":"purchasable","23":"product-type-variable","24":"has-default-attributes"},"_links":{"self":[{"href":"https:\/\/grappa.no\/no\/wp-json\/wp\/v2\/product\/35111","targetHints":{"allow":["GET"]}}],"collection":[{"href":"https:\/\/grappa.no\/no\/wp-json\/wp\/v2\/product"}],"about":[{"href":"https:\/\/grappa.no\/no\/wp-json\/wp\/v2\/types\/product"}],"replies":[{"embeddable":true,"href":"https:\/\/grappa.no\/no\/wp-json\/wp\/v2\/comments?post=35111"}],"wp:featuredmedia":[{"embeddable":true,"href":"https:\/\/grappa.no\/no\/wp-json\/wp\/v2\/media\/34873"}],"wp:attachment":[{"href":"https:\/\/grappa.no\/no\/wp-json\/wp\/v2\/media?parent=35111"}],"wp:term":[{"taxonomy":"product_brand","embeddable":true,"href":"https:\/\/grappa.no\/no\/wp-json\/wp\/v2\/product_brand?post=35111"},{"taxonomy":"product_cat","embeddable":true,"href":"https:\/\/grappa.no\/no\/wp-json\/wp\/v2\/product_cat?post=35111"},{"taxonomy":"product_tag","embeddable":true,"href":"https:\/\/grappa.no\/no\/wp-json\/wp\/v2\/product_tag?post=35111"}],"curies":[{"name":"wp","href":"https:\/\/api.w.org\/{rel}","templated":true}]}}