{"id":35108,"date":"2017-12-01T00:00:00","date_gmt":"2017-11-30T23:00:00","guid":{"rendered":"http:\/\/www.grappa.no\/albums\/uncategorized\/ola-kvernberg-steamdome-cd\/"},"modified":"2020-06-26T13:10:03","modified_gmt":"2020-06-26T12:10:03","slug":"ola-kvernberg-steamdome","status":"publish","type":"product","link":"https:\/\/grappa.no\/no\/albums\/grappa\/ola-kvernberg-steamdome\/","title":{"rendered":"Ola Kvernberg: Steamdome"},"content":{"rendered":"<p><\/p>\n<p>Rytme\u00f8s.<\/p>\n<p>Tre \u00e5r etter mesterverket \u00abThe Mechanical Fair\u00bb vender Ola Kvernberg tilbake med et nytt storsl\u00e5tt, fantasirikt, rytme\u00f8s av et album: Steamdome. Tittelen p\u00e5 Ola Kvernbergs nyeste prosjekt er ikke tilfeldig valgt. Steamdome er rendyrket perkussiv musikk. Progressiv og brutalt fremadstormende som et l\u00f8psk tog. Livsbejaende, surrealistisk og svulmende som Sergio Leones spaghettiwesterns. Steamdome skifter spor og raser inn i et landskap hvor rytmem\u00f8nstre, puls og groove dominerer. Sjangeren &quot;fenal\u00e5rswestern&quot; ble brukt for \u00e5 beskrive den \u201cThe Mechanical Fair\u201d. Beskrivelsen passer muligens enda bedre n\u00e5. Med tre av landets mest nyskapende trommiser ombord, byttes buer, strenger og harpiks ut med stikker, metall og og et vell av trommer. Steamdome damper av visuell energi. Musikken snor seg mellom steile klipper, enorme panorama, krappe svinger, stup og nattlandskap hvor det eneste holdepunktet du har, er den suggerende rytmen fra et tog som aldri stanser.<\/p>\n<p><!--more--><\/p>\n<p>Tre \u00e5r etter mesterverket \u00abThe Mechanical Fair\u00bb vender Ola Kvernberg tilbake med et nytt storsl\u00e5tt, fantasirikt, rytme\u00f8s av et album: Steamdome. Tittelen p\u00e5 Ola Kvernbergs nyeste prosjekt er ikke tilfeldig valgt. Steamdome er rendyrket perkussiv musikk. Progressiv og brutalt fremadstormende som et l\u00f8psk tog. Livsbejaende, surrealistisk og svulmende som Sergio Leones spaghettiwesterns.<\/p>\n<h4>Rytmer, puls og groove<\/h4>\n<p>Steamdome skifter spor og raser inn i et landskap hvor rytmem\u00f8nstre, puls og groove dominerer. Sjangeren &#8216;fenal\u00e5rswestern&#8217; ble brukt for \u00e5 beskrive den &#8216;The Mechanical Fair&#8217;. Beskrivelsen passer muligens enda bedre n\u00e5. Med tre av landets mest nyskapende trommiser ombord, byttes buer, strenger og harpiks ut med stikker, metall og og et vell av trommer. Steamdome damper av visuell energi. Musikken snor seg mellom steile klipper, enorme panorama, krappe svinger, stup og nattlandskap hvor det eneste holdepunktet du har, er den suggerende rytmen fra et tog som aldri stanser.<\/p>\n<h4>Hardsl\u00e5ende maskineri<\/h4>\n<p>Ola Kvernberg har h\u00e5ndplukket et hardtsl\u00e5ende maskineri av musikere til Steamdome. Lokomotivet drives framover av trommisene Erik Nylander (Mechanical Fair, Liarbird), B\u00f8rge Fjordheim (Sivert H\u00f8yem, Monica Heldal) og Hans Hulb\u00e6kmo (Broen, Atomic, Moskus) sammen med bassist Nikolai H\u00e6ngsle Eilertsen (Elephant9, Band of Gold). Foruten Ola Kvernberg selv p\u00e5 fele, bratsj m.m. s\u00f8rger gitaristen og altmuligmannen \u00d8yvind Blomstr\u00f8m (El Cuero, Odd Nordstoga), og den nytenkende organisten Daniel Buner Formo (Trondheim Jazzorkester) ogs\u00e5 for at det koker friskt.<\/p>\n<p>Fele-esset Ola Kvernberg har siden tidlig i ten\u00e5rene hatt en fremskutt posisjon i norsk musikkliv. Familien er full av folkemusikere, men Ola har tr\u00e5kket opp sin helt egen sti. S\u00e5 langt har han laget filmmusikk til syv filmer, blitt remixet av Todd Terje, og han har rukket \u00e5 samarbeide med saksofonist Joshua Redman, krimforfatter Jo Nesb\u00f8, Stian Carstensen, Matihas Eick,  Motorpsycho, Pat Metheney og Jimmy Carl Black fra Mothers of Inventions \u2013 for \u00e5 nevne noen f\u00e5. Han mottok Spellemannprisen for &quot;Liarbird&quot; i 2012, Amandaprisen og Kanonprisen for filmmusikken til &quot;Jag Etter Vind&quot; i 2013, og ble i 2014 nominert til nok en Spellemannpris (The Mechanical Fair), Kanonprisen og internasjonale Grand Scores for beste filmmusikk (Two Raging Grannies).<\/p>\n<h4><\/h4>\n<\/p>\n<p><\/p>","protected":false},"excerpt":{"rendered":"<p>Tre \u00e5r etter mesterverket \u00abThe Mechanical Fair\u00bb vender Ola Kvernberg tilbake med et nytt storsl\u00e5tt, fantasirikt, rytme\u00f8s av et album: Steamdome.<\/p>\n","protected":false},"featured_media":34729,"comment_status":"closed","ping_status":"open","template":"","meta":[],"product_brand":[],"product_cat":[6],"product_tag":[],"class_list":{"0":"post-35108","1":"product","2":"type-product","3":"status-publish","4":"has-post-thumbnail","6":"product_cat-grappa","7":"product_shipping_class-cddvd-shipping","8":"uni_artist_tag-borge-fjordheim","9":"uni_artist_tag-daniel-buner-formo","10":"uni_artist_tag-erik-nylander","11":"uni_artist_tag-hans-hulbaekmo","12":"uni_artist_tag-nikolai-haengsle-eilertsen","13":"uni_artist_tag-ola-kvernberg","14":"uni_artist_tag-oyvind-blomstrom","15":"uni_main_artist_tag-ola-kvernberg","16":"uni_artist_genre-instrumental","17":"uni_artist_genre-jazz","18":"uni_artist_genre-rock","20":"first","21":"instock","22":"taxable","23":"shipping-taxable","24":"purchasable","25":"product-type-variable"},"_links":{"self":[{"href":"https:\/\/grappa.no\/no\/wp-json\/wp\/v2\/product\/35108","targetHints":{"allow":["GET"]}}],"collection":[{"href":"https:\/\/grappa.no\/no\/wp-json\/wp\/v2\/product"}],"about":[{"href":"https:\/\/grappa.no\/no\/wp-json\/wp\/v2\/types\/product"}],"replies":[{"embeddable":true,"href":"https:\/\/grappa.no\/no\/wp-json\/wp\/v2\/comments?post=35108"}],"wp:featuredmedia":[{"embeddable":true,"href":"https:\/\/grappa.no\/no\/wp-json\/wp\/v2\/media\/34729"}],"wp:attachment":[{"href":"https:\/\/grappa.no\/no\/wp-json\/wp\/v2\/media?parent=35108"}],"wp:term":[{"taxonomy":"product_brand","embeddable":true,"href":"https:\/\/grappa.no\/no\/wp-json\/wp\/v2\/product_brand?post=35108"},{"taxonomy":"product_cat","embeddable":true,"href":"https:\/\/grappa.no\/no\/wp-json\/wp\/v2\/product_cat?post=35108"},{"taxonomy":"product_tag","embeddable":true,"href":"https:\/\/grappa.no\/no\/wp-json\/wp\/v2\/product_tag?post=35108"}],"curies":[{"name":"wp","href":"https:\/\/api.w.org\/{rel}","templated":true}]}}