{"id":35105,"date":"2017-10-27T00:00:00","date_gmt":"2017-10-26T23:00:00","guid":{"rendered":"http:\/\/www.grappa.no\/albums\/uncategorized\/frida-annevik-her-bor-flyge-fra-2cd\/"},"modified":"2020-08-21T08:57:00","modified_gmt":"2020-08-21T07:57:00","slug":"her-bor-flyge-fra-2cd","status":"publish","type":"product","link":"https:\/\/grappa.no\/no\/albums\/grappa\/her-bor-flyge-fra-2cd\/","title":{"rendered":"Her bor \/ Flyge fra 2CD"},"content":{"rendered":"<p><\/p>\n<p>S\u00f8sterplater.  Dobbelutgave som samler de to s\u00f8sterplatene &quot;Her bor&quot; og &quot;Flyge fra&quot;. Hvert album kommer i egen digipack med booklet og er her samlet i et lekkert papphylster. &quot;Her bor&quot; ble sluppet i 2016 og skaffet Frida hennes andre Spellemannprise &#8211; denne gangen i kategorien viser. &quot;Flyge fra&quot; ble sluppet i Oktober 2017, nesten n\u00f8yaktig et \u00e5r etter det f\u00f8rste albumet.<\/p>\n<p><!--more--><\/p>\n<h4><\/h4>\n<\/p>\n<h4><\/h4>\n<p><h4><\/h4>\n<\/p>\n<p><\/p>","protected":false},"excerpt":{"rendered":"<p>Dobbelutgave som samler de to s\u00f8sterplatene &quot;Her bor&quot; og &quot;Flyge fra&quot;.<\/p>\n","protected":false},"featured_media":34572,"comment_status":"closed","ping_status":"open","template":"","meta":[],"product_brand":[],"product_cat":[6],"product_tag":[],"class_list":{"0":"post-35105","1":"product","2":"type-product","3":"status-publish","4":"has-post-thumbnail","6":"product_cat-grappa","7":"product_shipping_class-cddvd-shipping","8":"uni_artist_tag-andreas-stensland-lowe","9":"uni_artist_tag-elisabeth-nesset","10":"uni_artist_tag-frida-annevik","11":"uni_artist_tag-haldor-royne","12":"uni_artist_tag-jo-berger-myhre","13":"uni_artist_tag-kare-chr-vestrheim","14":"uni_artist_tag-lars-klevstrand","15":"uni_artist_tag-pal-hausken","16":"uni_main_artist_tag-frida-annevik","17":"uni_artist_genre-pop","18":"uni_artist_genre-singersongwriter","20":"first","21":"instock","22":"taxable","23":"shipping-taxable","24":"purchasable","25":"product-type-variable","26":"has-default-attributes"},"_links":{"self":[{"href":"https:\/\/grappa.no\/no\/wp-json\/wp\/v2\/product\/35105","targetHints":{"allow":["GET"]}}],"collection":[{"href":"https:\/\/grappa.no\/no\/wp-json\/wp\/v2\/product"}],"about":[{"href":"https:\/\/grappa.no\/no\/wp-json\/wp\/v2\/types\/product"}],"replies":[{"embeddable":true,"href":"https:\/\/grappa.no\/no\/wp-json\/wp\/v2\/comments?post=35105"}],"wp:featuredmedia":[{"embeddable":true,"href":"https:\/\/grappa.no\/no\/wp-json\/wp\/v2\/media\/34572"}],"wp:attachment":[{"href":"https:\/\/grappa.no\/no\/wp-json\/wp\/v2\/media?parent=35105"}],"wp:term":[{"taxonomy":"product_brand","embeddable":true,"href":"https:\/\/grappa.no\/no\/wp-json\/wp\/v2\/product_brand?post=35105"},{"taxonomy":"product_cat","embeddable":true,"href":"https:\/\/grappa.no\/no\/wp-json\/wp\/v2\/product_cat?post=35105"},{"taxonomy":"product_tag","embeddable":true,"href":"https:\/\/grappa.no\/no\/wp-json\/wp\/v2\/product_tag?post=35105"}],"curies":[{"name":"wp","href":"https:\/\/api.w.org\/{rel}","templated":true}]}}