{"id":35102,"date":"2017-10-13T00:00:00","date_gmt":"2017-10-12T23:00:00","guid":{"rendered":"http:\/\/www.grappa.no\/albums\/uncategorized\/frida-annevik-flyge-fra\/"},"modified":"2020-08-21T08:56:58","modified_gmt":"2020-08-21T07:56:58","slug":"flyge-fra","status":"publish","type":"product","link":"https:\/\/grappa.no\/no\/albums\/grappa\/flyge-fra\/","title":{"rendered":"Flyge fra"},"content":{"rendered":"<p><\/p>\n<p>En f\u00e5r v\u00e6rra som\u2019n er n\u00e5r\u2019n itte vart som en sku\u2019.  Ganske n\u00f8yaktig et \u00e5r etter at Frida \u00c5nnevik slapp det kritikerroste albumet Her bor, som ble bel\u00f8nnet med en Spellemannpris, slipper hun n\u00e5 det bebudete s\u00f8steralbumet Flyge fra.  De to albumene ble spilt inn samtidig, med de samme musikere, og begge albumene er produsert av Frida sammen med K\u00e5re Chr. Vestrheim (Highasakite, Odd Nordstoga, Marit Larsen). Planen da de gikk i studio var \u00e5 spille inn ett album, men innspillings-prosessen var mer intuitiv og spontan enn det Frida hadde opplevd tidligere, og det ga et stort kreativt overskudd. Det ble derfor ganske tidlig klart at hun satt p\u00e5 to, og ikke \u00e9n plate.  Tematisk er de to platene rake motsetninger. \u00abHer bor handlet om \u00e5 h\u00f8re til.\u00bb sier \u00c5nnevik. \u00abFlyge fra handler om de sm\u00e5 tinga som gj\u00f8r at man f\u00f8ler seg annerledes eller utafor, forventninger som gj\u00f8r handlingsrommet mindre. Sm\u00e5 sp\u00f8rsm\u00e5l eller svar som gj\u00f8r at man viker bitte litt fra normalen. Som gj\u00f8r at f\u00f8lelsen av \u00e5 ikke f\u00e5 dette livet helt til, v\u00e6re normal, vokser seg litt og litt st\u00f8rre.\u00bb At \u00c5nnevik s\u00e5 klart adresserer identitet som tema gj\u00f8r Flyge fra til \u00c5nneviks mest uttalt politiske plate s\u00e5 langt.<\/p>\n<p><!--more--><\/p>\n<p>Ganske n\u00f8yaktig et \u00e5r etter at Frida \u00c5nnevik slapp det kritikerroste albumet Her bor, som ble bel\u00f8nnet med en Spellemannpris, slipper hun n\u00e5 det bebudete s\u00f8steralbumet Flyge fra.<\/p>\n<h4>\u00c5nneviks st\u00f8rste plateprosjekt<\/h4>\n<p>N\u00e5r Flyge fra slippes kompletteres \u00c5nneviks til n\u00e5 st\u00f8rste plateprosjekt. To s\u00f8sterplater som h\u00f8rer sammen, men som samtidig staker ut hver sin kurs. Musikalsk er de n\u00e6rt beslektet. Begge albumene viser en mer utadvent side av Frida. Noen av \u00c5nneviks mest fengende og umiddelbare l\u00e5ter s\u00e5 langt befinner seg mellom platerillene p\u00e5 disse to albumene. Da Her bor kom uttalte Frida: \u00abJeg vil ikke h\u00f8re at jeg er lavm\u00e6lt lenger. Og jeg f\u00f8ler at jeg aldri har v\u00e6rt det. Jeg kunne ha kalt det hedmarks-fado fra starten, for \u00e5 f\u00e5 fram det som dirrer, det som ulmer under.\u00bb<\/p>\n<h4>Ulik tematikk<\/h4>\n<p>Tematisk er de to platene rake motsetninger. \u00abHer bor handlet om \u00e5 h\u00f8re til.\u00bb sier \u00c5nnevik. \u00abFlyge fra handler om de sm\u00e5 tinga som gj\u00f8r at man f\u00f8ler seg annerledes eller utafor, forventninger som gj\u00f8r handlingsrommet mindre. Sm\u00e5 sp\u00f8rsm\u00e5l eller svar som gj\u00f8r at man viker bitte litt fra normalen. Som gj\u00f8r at f\u00f8lelsen av \u00e5 ikke f\u00e5 dette livet helt til, v\u00e6re normal, vokser seg litt og litt st\u00f8rre.\u00bb At \u00c5nnevik s\u00e5 klart adresserer identitet som tema gj\u00f8r Flyge fra til \u00c5nneviks mest uttalt politiske plate s\u00e5 langt.  Ole Ivars-sitatatet \u00abEn f\u00e5r v\u00e6rra som\u2019n er n\u00e5r\u2019n itte vart som en sku\u2019\u00bb har v\u00e6rt en ledestjerne for Frida: \u00abFor identitet er umulig \u00e5 flyge fra, det kan ikke endres, det er ikke et valg, det er noe jeg er, noe du er. Ikke noe vi kan velge bort, skyve unna, dekke over.\u00bb \u00a0 For det du sj\u00f8l er k\u00e6n du itte flyge fra.\u00a0  \u00abIdentitet er politikk. Og jeg tar det personlig.\u00bb  Om hvorfor denne platen presset seg frem akkurat n\u00e5 sier hun: \u00abDet er blitt helt greit \u00e5 \u00e5pent uttrykke frykt for det eller de som er annerledes.\u00a0Men skal vi godta at noen ogs\u00e5 handler p\u00e5 den f\u00f8lelsen av frykt? Som n\u00e5r nynazister marsjerer i gatene, og politiet lar dem f\u00e5 lov. Jeg kan kjenne p\u00e5 kroppen at debattklimaet endrer seg. Grensa for hva det er greit \u00e5 si h\u00f8yt har flytta seg. \u00bb<\/p>\n<h4>Om Frida \u00c5nnevik:<\/h4>\n<p>Frida \u00c5nnevik fra Ridabu utenfor Hamar ble \u00f8yeblikkelig et navn \u00e5 regne med etter slippet av debualbumet Synlige hjerteslag i 2010. Hennes lavm\u00e6lte \u00abpop i et \u00e5pent landskap\u00bb, den unike stemmen og de originale tekstene gjorde suksess b\u00e5de hos kritikerne og et bredt publikum. Synlige hjerteslag ble k\u00e5ret til \u00e5rets beste norskspr\u00e5klige album av NRK P1 Norsk p\u00e5 Norsk og havnet p\u00e5 \u00e5rsbestelister i alt fra Lydverket til V\u00e5rt Land, og skaffet \u00c5nnevik Spellemannsnominasjoner b\u00e5de som \u00e5rets nykommer og i kategorien vise.\u00a0 Hun ble ogs\u00e5 tildelt Vidar Sandbecks kulturpris \u201dRegnb\u00e5g\u00e5brua\u201d, og tekstforfatterfondets pris debutantpris \u00abLyspunkt\u00bb. Hun fikk Spellemann for tekstene p\u00e5 Ville Ord, og har senere blitt tildelt Pr\u00f8ysenprisen, Hedmark fylkes kulturpris og Klassekampens Neshornpris. Her bor kom i 2016 og ble bel\u00f8nnet med en Spellemann i kategorien viser.<\/p>\n<p><\/p>","protected":false},"excerpt":{"rendered":"<p>Ganske n\u00f8yaktig et \u00e5r etter at Frida \u00c5nnevik slapp det kritikerroste albumet Her bor, som ble bel\u00f8nnet med en Spellemannpris, slipper hun n\u00e5 det bebudete s\u00f8steralbumet Flyge fra.<\/p>\n","protected":false},"featured_media":34358,"comment_status":"closed","ping_status":"open","template":"","meta":[],"product_brand":[],"product_cat":[6],"product_tag":[],"class_list":{"0":"post-35102","1":"product","2":"type-product","3":"status-publish","4":"has-post-thumbnail","6":"product_cat-grappa","7":"product_shipping_class-cddvd-shipping","8":"uni_artist_tag-andreas-stensland-lowe","9":"uni_artist_tag-elisabeth-nesset","10":"uni_artist_tag-frida-annevik","11":"uni_artist_tag-haldor-royne","12":"uni_artist_tag-jo-berger-myhre","13":"uni_artist_tag-kare-chr-vestrheim","14":"uni_artist_tag-pal-hausken","15":"uni_main_artist_tag-frida-annevik","16":"uni_artist_genre-pop","17":"uni_artist_genre-singersongwriter","19":"first","20":"instock","21":"taxable","22":"shipping-taxable","23":"purchasable","24":"product-type-variable","25":"has-default-attributes"},"_links":{"self":[{"href":"https:\/\/grappa.no\/no\/wp-json\/wp\/v2\/product\/35102","targetHints":{"allow":["GET"]}}],"collection":[{"href":"https:\/\/grappa.no\/no\/wp-json\/wp\/v2\/product"}],"about":[{"href":"https:\/\/grappa.no\/no\/wp-json\/wp\/v2\/types\/product"}],"replies":[{"embeddable":true,"href":"https:\/\/grappa.no\/no\/wp-json\/wp\/v2\/comments?post=35102"}],"wp:featuredmedia":[{"embeddable":true,"href":"https:\/\/grappa.no\/no\/wp-json\/wp\/v2\/media\/34358"}],"wp:attachment":[{"href":"https:\/\/grappa.no\/no\/wp-json\/wp\/v2\/media?parent=35102"}],"wp:term":[{"taxonomy":"product_brand","embeddable":true,"href":"https:\/\/grappa.no\/no\/wp-json\/wp\/v2\/product_brand?post=35102"},{"taxonomy":"product_cat","embeddable":true,"href":"https:\/\/grappa.no\/no\/wp-json\/wp\/v2\/product_cat?post=35102"},{"taxonomy":"product_tag","embeddable":true,"href":"https:\/\/grappa.no\/no\/wp-json\/wp\/v2\/product_tag?post=35102"}],"curies":[{"name":"wp","href":"https:\/\/api.w.org\/{rel}","templated":true}]}}