{"id":35099,"date":"2017-10-06T00:00:00","date_gmt":"2017-10-05T23:00:00","guid":{"rendered":"http:\/\/www.grappa.no\/albums\/uncategorized\/fredrik-william-olsen-kosmos-og-kaos\/"},"modified":"2020-08-21T08:56:54","modified_gmt":"2020-08-21T07:56:54","slug":"fredrik-william-olsen-kosmos-og-kaos","status":"publish","type":"product","link":"https:\/\/grappa.no\/no\/albums\/grappa\/fredrik-william-olsen-kosmos-og-kaos\/","title":{"rendered":"Fredrik William Olsen: Kosmos og kaos"},"content":{"rendered":"<p><\/p>\n<p>Et spennende musikalsk steg videre.  Som gitarist og vokalist i det etter hvert sv\u00e6rt s\u00e5 folkekj\u00e6re rockebandet Kr\u00e5kes\u00f8lv er Fredrik William Olsen blitt velkjent for sine spissfindige tekster og catchy popriff. Han har en variert musikalsk bakgrunn, fra oppveksten i Bod\u00f8s punk-milj\u00f8 via popl\u00e5tskriving med Sondre Justad og underfundige hiphop-prosjekter med nordnorske artister som Magnus Eliassen og RSP.  Dette tredje soloalbumet er et spennende musikalsk steg videre for Fredrik William Olsen. Et samarbeid med hans gamle venn fra Bod\u00f8, den eksperimentelle musikeren Lars Myrvoll, har f\u00e5tt fram et utvidet kunstnerisk potensial i Olsens visesang. Instrumenteringen er rikere enn tidligere og bruken av studioets muligheter som instrument har resultert i et mer luftig klangbilde og moderne sound. Resultatet er behagelig pop full av substans. Musikken er ikke enkel \u00e5 sette i b\u00e5s, men noe tyder p\u00e5 at dette vil g\u00e5 hjem hos deg som saumfarte 00-tallets nettsteder etter indieband som Fleet Foxes, Grizzly Bear eller Animal Collective.<\/p>\n<p><!--more--><\/p>\n<p>Som gitarist og vokalist i det etter hvert sv\u00e6rt s\u00e5 folkekj\u00e6re rockebandet Kr\u00e5kes\u00f8lv er Fredrik William Olsen blitt velkjent for sine spissfindige tekster og catchy popriff. Han har en variert musikalsk bakgrunn, fra oppveksten i Bod\u00f8s punk-milj\u00f8 via popl\u00e5tskriving med Sondre Justad og underfundige hiphop-prosjekter med nordnorske artister som Magnus Eliassen og RSP.<\/p>\n<h4>Et spennende musikalsk steg videre<\/h4>\n<p>Dette tredje soloalbumet er et spennende musikalsk steg videre for Fredrik William Olsen. Et samarbeid med hans gamle venn fra Bod\u00f8, den eksperimentelle musikeren Lars Myrvoll, har f\u00e5tt fram et utvidet kunstnerisk potensial i Olsens visesang. Instrumenteringen er rikere enn tidligere og bruken av studioets muligheter som instrument har resultert i et mer luftig klangbilde og moderne sound. Resultatet er behagelig pop full av substans. Musikken er ikke enkel \u00e5 sette i b\u00e5s, men noe tyder p\u00e5 at dette vil g\u00e5 hjem hos deg som saumfarte 00-tallets nettsteder etter indieband som Fleet Foxes, Grizzly Bear eller Animal Collective.<\/p>\n<h4>Spr\u00e5klig eleganse<\/h4>\n<p>I et intervju ble artisten spurt om han syns det var viktig \u00e5 mene noe som artist, og svarte:  \u00abJeg syns det er viktig \u00e5 mene noe som menneske\u00bb. Litter\u00e6rt er Olsen stadig i toppklassen blant norske sanglyrikere, og metaforbruken er verdt et studie i seg selv. Linjer som \u00abVi g\u00e5r i oss sj\u00f8l og m\u00f8t et knust speil\u00bb  viser en sjelden spr\u00e5klig eleganse. Tematisk er dette et album fullt av variasjon og kontraster. \u00abP\u00e5 ny\u00bb beskriver et ungt menneskes lette rus og gi faen-holdning, i motsatt ende ligger den dystre \u00abRuth Maier\u00bb, som omhandler deportasjonen av den j\u00f8diske flyktningen med samme navn under andre verdenskrig. Avslutningsvis kommer den b\u00e5de livgivende og filosofiske \u00abDen valgte ensomheta\u00bb, en l\u00e5t som dukket opp i bunnen av en r\u00f8dvinsflaske p\u00e5 Olsens hytte i Bod\u00f8marka.<\/p>\n<h4><\/h4>\n<\/p>\n<p><\/p>","protected":false},"excerpt":{"rendered":"<p>Dette tredje soloalbumet er et spennende musikalsk steg videre for Fredrik William Olsen.<\/p>\n","protected":false},"featured_media":34320,"comment_status":"closed","ping_status":"open","template":"","meta":[],"product_brand":[],"product_cat":[6],"product_tag":[],"class_list":{"0":"post-35099","1":"product","2":"type-product","3":"status-publish","4":"has-post-thumbnail","6":"product_cat-grappa","7":"product_shipping_class-cddvd-shipping","8":"uni_artist_genre-pop","9":"uni_artist_genre-rock","10":"uni_artist_genre-singersongwriter","12":"first","13":"instock","14":"taxable","15":"shipping-taxable","16":"purchasable","17":"product-type-variable","18":"has-default-attributes"},"_links":{"self":[{"href":"https:\/\/grappa.no\/no\/wp-json\/wp\/v2\/product\/35099","targetHints":{"allow":["GET"]}}],"collection":[{"href":"https:\/\/grappa.no\/no\/wp-json\/wp\/v2\/product"}],"about":[{"href":"https:\/\/grappa.no\/no\/wp-json\/wp\/v2\/types\/product"}],"replies":[{"embeddable":true,"href":"https:\/\/grappa.no\/no\/wp-json\/wp\/v2\/comments?post=35099"}],"wp:featuredmedia":[{"embeddable":true,"href":"https:\/\/grappa.no\/no\/wp-json\/wp\/v2\/media\/34320"}],"wp:attachment":[{"href":"https:\/\/grappa.no\/no\/wp-json\/wp\/v2\/media?parent=35099"}],"wp:term":[{"taxonomy":"product_brand","embeddable":true,"href":"https:\/\/grappa.no\/no\/wp-json\/wp\/v2\/product_brand?post=35099"},{"taxonomy":"product_cat","embeddable":true,"href":"https:\/\/grappa.no\/no\/wp-json\/wp\/v2\/product_cat?post=35099"},{"taxonomy":"product_tag","embeddable":true,"href":"https:\/\/grappa.no\/no\/wp-json\/wp\/v2\/product_tag?post=35099"}],"curies":[{"name":"wp","href":"https:\/\/api.w.org\/{rel}","templated":true}]}}