{"id":35093,"date":"2016-10-21T00:00:00","date_gmt":"2016-10-20T23:00:00","guid":{"rendered":"http:\/\/www.grappa.no\/albums\/uncategorized\/frida-annevik-her-bor\/"},"modified":"2020-08-21T08:56:51","modified_gmt":"2020-08-21T07:56:51","slug":"her-bor","status":"publish","type":"product","link":"https:\/\/grappa.no\/no\/albums\/grappa\/her-bor\/","title":{"rendered":"Her bor"},"content":{"rendered":"<p><\/p>\n<p>Tilstandsrapport i sangform.  Tre \u00e5r har g\u00e5tt siden Frida \u00c5nnevik slapp det kritikerroste andrealbumet \u00abVille ord\u00bb, som hun ble tildelt Spellemannprisen for i kategorien tekstforfatter. Hun har siden det blitt nominert til en Spellemann sammen med In The Country for B\u00f8rlialbumet \u00abSkogenes Sang\u00bb, og gjorde uforglemmelige tolkninger av Pr\u00f8ysen p\u00e5 albumet \u00abLyden av Pr\u00f8ysen\u00bb. N\u00e5 vender hun endelig tilbake med et nytt knippe egne sanger: vakre, fengende, r\u00f8rende og med poptekster som lodder uvanlig dypt. Selv kaller hun albumet en tilstandsrapport i sangform. \u00abHer bor\u00bb er hennes beste album s\u00e5 langt.  Musikken til Frida oppleves som mer utadvendt denne gangen. L\u00e5tene har mer luft under vingene og vil ut til der folk er.  Samtidig med innspillingen av \u00abHer bor\u00bb spilte Frida \u00c5nnevik ogs\u00e5 inn et \u00abs\u00f8ster-album\u00bb, et nytt album som h\u00f8rer sammen med \u00abHer bor\u00bb, og som planlegges utgitt i 2017.<\/p>\n<p><!--more--><\/p>\n<p>Tre \u00e5r har g\u00e5tt siden Frida \u00c5nnevik slapp det kritikerroste andrealbumet \u00abVille ord\u00bb, som hun ble tildelt Spellemannprisen for i kategorien tekstforfatter. Hun har siden det blitt nominert til en Spellemann sammen med In The Country for B\u00f8rlialbumet \u00abSkogenes Sang\u00bb, og gjorde uforglemmelige tolkninger av Pr\u00f8ysen p\u00e5 albumet \u00abLyden av Pr\u00f8ysen\u00bb. N\u00e5 vender hun endelig tilbake med et nytt knippe egne sanger: vakre, fengende, r\u00f8rende og med poptekster som lodder uvanlig dypt. Selv kaller hun albumet en tilstandsrapport i sangform. \u00abHer bor\u00bb er hennes beste album s\u00e5 langt.<\/p>\n<h4>Tekstene<\/h4>\n<p>Tekstene til Frida blir ofte trukket frem, og ikke uten grunn. \u00abI tekstene vil jeg at det skal v\u00e6re mange uttrykk, mange meninger samtidig.\u00bb sier Frida. \u00abJeg vil at tekstene skal komme gjennom til den som h\u00f8rer p\u00e5, men at de skal v\u00e6re \u00e5pne for tolkning\u00bb. P\u00e5 \u00abHer bor\u00bb er tekstfloraen rikere og lyser sterkere enn noensinne. Hun skriver originalt og presist om \u00e5 v\u00e6re to, om \u00e5 se seg selv. Hun hyller helter, hun skriver om det store i det lille, og om det \u00e5 v\u00e6re til. Enkelte tekster virker ogs\u00e5 mer politisk ladede n\u00e5 enn tidligere, og med en klarere brodd. P\u00e5 albumet har hun ogs\u00e5 med en sterk ny versjon av Lars Klevstrand\/Rudolf Nilsens \u00abStorbynatt\u00bb.<\/p>\n<h4>Studio<\/h4>\n<p>Frida har produsert albumet sammen med K\u00e5re Chr. Vestrheim, og hun har f\u00e5tt med seg et kreativt band med mye erfaring og sterke egenstemmer. Hun sier selv at hun har hatt det mer g\u00f8y i studio denne gangen. Det har v\u00e6rt mindre grubling, mer intuitivt, og avgj\u00f8relser har blitt tatt raskere.  \u00abLangsomt opplever jeg at musikken blir s\u00e5nn som jeg vil at den skal bli.\u00bb sier Frida. \u00abJeg er i ferd med \u00e5 f\u00e5 kontroll p\u00e5 den, det vil si \u2013 n\u00e5r den gj\u00f8r noe jeg ikke kan kontrollere s\u00e5 liker jeg det. F\u00f8r har jeg blitt stressa av det.\u00bb   Samtidig med innspillingen av \u00abHer bor\u00bb spilte Frida \u00c5nnevik ogs\u00e5 inn et \u00abs\u00f8ster-album\u00bb, et nytt album som h\u00f8rer sammen med \u00abHer bor\u00bb, og som planlegges utgitt i 2017.<\/p>\n<h4>Om Frida \u00c5nnevik:<\/h4>\n<p>Frida \u00c5nnevik fra Ridabu utenfor Hamar ble \u00f8yeblikkelig et navn \u00e5 regne med etter slippet av debualbumet \u00abSynlige hjerteslag\u00bb i 2010. Hennes lavm\u00e6lte \u00abpop i et \u00e5pent landskap\u00bb, den unike stemmen  og de originale tekstene gjorde suksess b\u00e5de hos kritikerne og et bredt publikum. \u00abSynlige hjerteslag\u00bb ble k\u00e5ret til \u00e5rets beste norskspr\u00e5klige album av NRK P1 Norsk p\u00e5 Norsk og havnet p\u00e5 \u00e5rsbestelister i alt fra Lydverket til V\u00e5rt Land, og skaffet \u00c5nnevik  Spellemannsnominasjoner b\u00e5de som \u00e5rets nykommer og i kategorien vise.\u00a0  Hun ble ogs\u00e5  tildelt Vidar Sandbecks kulturpris \u201dRegnb\u00e5g\u00e5brua\u201d, og tekstforfatterfondets pris debutantpris \u00abLyspunkt\u00bb. Siden forrige album har hun f\u00e5tt Spellemann for tekstene p\u00e5 \u00abVille Ord\u00bb, Pr\u00f8ysenprisen, Hedmark fylkes kulturpris og Klassekampens Neshornpris.  Releasekonserter: 03.11 Gregers, Hamar 04.11 Parkteatret, Oslo<\/p>\n<p><\/p>","protected":false},"excerpt":{"rendered":"<p>\u2013 Hun er en fornyer av b\u00e5de vise og pop. Frida \u00c5nnevik er p\u00e5 vei til \u00e5 bli en av de store norske. [Dagsavisen]<\/p>\n","protected":false},"featured_media":31879,"comment_status":"closed","ping_status":"open","template":"","meta":[],"product_brand":[],"product_cat":[6],"product_tag":[],"class_list":{"0":"post-35093","1":"product","2":"type-product","3":"status-publish","4":"has-post-thumbnail","6":"product_cat-grappa","7":"product_shipping_class-cddvd-shipping","8":"uni_artist_tag-andreas-stensland-lowe","9":"uni_artist_tag-frida-annevik","10":"uni_artist_tag-haldor-royne","11":"uni_artist_tag-jo-berger-myhre","12":"uni_artist_tag-kare-chr-vestrheim","13":"uni_artist_tag-lars-klevstrand","14":"uni_artist_tag-morten-barrikmo","15":"uni_artist_tag-pal-hausken","16":"uni_artist_tag-sinikka-langeland","17":"uni_main_artist_tag-frida-annevik","18":"uni_artist_genre-norwegian-lyrics","19":"uni_artist_genre-pop","20":"uni_artist_genre-singersongwriter","22":"first","23":"instock","24":"taxable","25":"shipping-taxable","26":"purchasable","27":"product-type-variable","28":"has-default-attributes"},"_links":{"self":[{"href":"https:\/\/grappa.no\/no\/wp-json\/wp\/v2\/product\/35093","targetHints":{"allow":["GET"]}}],"collection":[{"href":"https:\/\/grappa.no\/no\/wp-json\/wp\/v2\/product"}],"about":[{"href":"https:\/\/grappa.no\/no\/wp-json\/wp\/v2\/types\/product"}],"replies":[{"embeddable":true,"href":"https:\/\/grappa.no\/no\/wp-json\/wp\/v2\/comments?post=35093"}],"wp:featuredmedia":[{"embeddable":true,"href":"https:\/\/grappa.no\/no\/wp-json\/wp\/v2\/media\/31879"}],"wp:attachment":[{"href":"https:\/\/grappa.no\/no\/wp-json\/wp\/v2\/media?parent=35093"}],"wp:term":[{"taxonomy":"product_brand","embeddable":true,"href":"https:\/\/grappa.no\/no\/wp-json\/wp\/v2\/product_brand?post=35093"},{"taxonomy":"product_cat","embeddable":true,"href":"https:\/\/grappa.no\/no\/wp-json\/wp\/v2\/product_cat?post=35093"},{"taxonomy":"product_tag","embeddable":true,"href":"https:\/\/grappa.no\/no\/wp-json\/wp\/v2\/product_tag?post=35093"}],"curies":[{"name":"wp","href":"https:\/\/api.w.org\/{rel}","templated":true}]}}